{"id":885454,"date":"2023-10-23T19:32:53","date_gmt":"2023-10-23T17:32:53","guid":{"rendered":"https:\/\/www.claret.cat\/llibre\/historia-de-un-alma-9788428530507\/"},"modified":"2026-02-11T13:20:45","modified_gmt":"2026-02-11T12:20:45","slug":"historia-de-un-alma-9788428530507","status":"publish","type":"product","link":"https:\/\/www.claret.cat\/es\/libro\/historia-de-un-alma-9788428530507\/","title":{"rendered":"HISTORIA DE UN ALMA"},"content":{"rendered":"<p>Teresa de Lisieux recoge en esta obra sus escritos y su vida. De esta santa no puede medirse el grado de su santidad, pero puede comprobarse que se ha hecho popular y es estudiada e incluso admirada por grandes te\u00f3logos. Teresa propone una alta santidad, pues no hay \u00absantidad grande y santidad peque\u00f1a\u00bb como se ha dicho a veces; la que se vive en la sencillez es la \u00abque me parece la m\u00e1s verdadera, la m\u00e1s santa, la que yo deseo para m\u00ed\u00bb, escribi\u00f3. La autora no parte de teor\u00edas o exposiciones abstractas, sino que arranca de su propia experiencia. <br \/>Los escritos principales de la santa pueden resultar de gran utilidad a muchos creyentes, a quienes buscan un Dios comprensivo con nuestra debilidad y miseria, a quienes desean una orientaci\u00f3n para llevar en la pr\u00e1ctica una vida de entrega generosa seg\u00fan las exigencias del evangelio.<\/p>\n","protected":false},"excerpt":{"rendered":"<p>DE LISIEUX, TERESA<\/p>\n","protected":false},"featured_media":1076489,"template":"","meta":{"_acf_changed":false,"om_disable_all_campaigns":false,"rs_blank_template":"","rs_page_bg_color":"","slide_template_v7":"","inline_featured_image":false,"_monsterinsights_skip_tracking":false,"_monsterinsights_sitenote_active":false,"_monsterinsights_sitenote_note":"","_monsterinsights_sitenote_category":0},"product_brand":[],"product_cat":[492,242,491,241],"product_tag":[],"class_list":{"0":"post-885454","1":"product","2":"type-product","3":"status-publish","4":"has-post-thumbnail","6":"product_cat-carmelitana-espiritualidad-1_espiritualidad","7":"product_cat-carmelitana","8":"product_cat-testimonios","9":"product_cat-testimonis","11":"first","12":"instock","13":"taxable","14":"shipping-taxable","15":"purchasable","16":"product-type-simple"},"acf":{"autor":"DE LISIEUX, TERESA","codart":"842853050","libros-coleccion":"Biblioteca Cl\u00e1sicos Cristianos","ediciones":"8","encuadernacion":"R\u00fastica","fecha_de_publicacion":"13\/02\/2023","novedad":"0","paginas":"360","subtitulo":"","orden":"999","portada":"0","idioma":"spa","editorial":[{"ID":6356,"post_author":"3","post_date":"2022-07-28 17:50:26","post_date_gmt":"2022-07-28 15:50:26","post_content":"","post_title":"SAN PABLO COMUNICACI\u00d3N","post_excerpt":"","post_status":"publish","comment_status":"closed","ping_status":"closed","post_password":"","post_name":"san-pablo-comunicacion","to_ping":"","pinged":"","post_modified":"2022-07-28 17:50:26","post_modified_gmt":"2022-07-28 15:50:26","post_content_filtered":"","post_parent":0,"guid":"http:\/\/dev.claret.cat\/editorial\/san-pablo-comunicacion\/","menu_order":0,"post_type":"editorial","post_mime_type":"","comment_count":"0","filter":"raw"}],"autores-libros":[{"ID":885453,"post_author":"3","post_date":"2023-10-23 19:32:50","post_date_gmt":"2023-10-23 17:32:50","post_content":"","post_title":"TERESA DE LISIEUX","post_excerpt":"","post_status":"publish","comment_status":"closed","ping_status":"closed","post_password":"","post_name":"teresa-de-lisieux-2","to_ping":"","pinged":"","post_modified":"2023-10-23 19:32:50","post_modified_gmt":"2023-10-23 17:32:50","post_content_filtered":"","post_parent":0,"guid":"https:\/\/www.claret.cat\/autor\/teresa-de-lisieux-2\/","menu_order":0,"post_type":"autor","post_mime_type":"","comment_count":"0","filter":"raw"},{"ID":885452,"post_author":"3","post_date":"2023-10-23 19:32:47","post_date_gmt":"2023-10-23 17:32:47","post_content":"","post_title":"JOS\u00c9 FRANCISCO (int) IBARMIA","post_excerpt":"","post_status":"publish","comment_status":"closed","ping_status":"closed","post_password":"","post_name":"jose-francisco-int-ibarmia","to_ping":"","pinged":"","post_modified":"2023-10-23 19:32:47","post_modified_gmt":"2023-10-23 17:32:47","post_content_filtered":"","post_parent":0,"guid":"https:\/\/www.claret.cat\/autor\/jose-francisco-int-ibarmia\/","menu_order":0,"post_type":"autor","post_mime_type":"","comment_count":"0","filter":"raw"}],"booktrailer":"","resenas":""},"aioseo_notices":[],"_links":{"self":[{"href":"https:\/\/www.claret.cat\/es\/wp-json\/wp\/v2\/product\/885454","targetHints":{"allow":["GET"]}}],"collection":[{"href":"https:\/\/www.claret.cat\/es\/wp-json\/wp\/v2\/product"}],"about":[{"href":"https:\/\/www.claret.cat\/es\/wp-json\/wp\/v2\/types\/product"}],"wp:featuredmedia":[{"embeddable":true,"href":"https:\/\/www.claret.cat\/es\/wp-json\/wp\/v2\/media\/1076489"}],"wp:attachment":[{"href":"https:\/\/www.claret.cat\/es\/wp-json\/wp\/v2\/media?parent=885454"}],"wp:term":[{"taxonomy":"product_brand","embeddable":true,"href":"https:\/\/www.claret.cat\/es\/wp-json\/wp\/v2\/product_brand?post=885454"},{"taxonomy":"product_cat","embeddable":true,"href":"https:\/\/www.claret.cat\/es\/wp-json\/wp\/v2\/product_cat?post=885454"},{"taxonomy":"product_tag","embeddable":true,"href":"https:\/\/www.claret.cat\/es\/wp-json\/wp\/v2\/product_tag?post=885454"}],"curies":[{"name":"wp","href":"https:\/\/api.w.org\/{rel}","templated":true}]}}