{"id":885478,"date":"2023-10-24T10:46:01","date_gmt":"2023-10-24T08:46:01","guid":{"rendered":"https:\/\/www.claret.cat\/llibre\/salvar-las-apariencias-9788494303067\/"},"modified":"2023-10-27T13:06:37","modified_gmt":"2023-10-27T11:06:37","slug":"salvar-las-apariencias-9788494303067","status":"publish","type":"product","link":"https:\/\/www.claret.cat\/es\/libro\/salvar-las-apariencias-9788494303067\/","title":{"rendered":"SALVAR LAS APARIENCIAS"},"content":{"rendered":"<p>\u00abEstamos bien provistos de escritores interesantes, pero Owen Barfield no se encuentra en la categor\u00eda de lo simplemente interesante. Ambiciona hacernos libres de la prisi\u00f3n que hemos construido para no\u00adsotros mismos con nuestros propios modos de conocimiento, nuestros falsos y estrechos h\u00e1bitos de pensamiento y nuestro ?sentido com\u00fan?.\u00bb Saul Bellow Miremos un arco\u00edris, nos dice Barfield. \u00bfEst\u00e1 realmente ah\u00ed? Mientras dura, diremos que s\u00ed. Sabemos que se compone de gotas de lluvia, de luz solar y de nuestra visi\u00f3n, pero lo \u00fanico que lo distingue de una alucinaci\u00f3n es el hecho de que todos lo vemos. Pensemos ahora en un \u00e1rbol. Podemos tocarlo, olerlo, y tambi\u00e9n sabemos que se compone de mol\u00e9culas y part\u00edculas subat\u00f3micas que constituyen su sustancia real. Pero si el \u00e1rbol est\u00e1 compuesto de part\u00edculas, \u00e9stas son al \u00e1rbol lo que las gotas de lluvia al arco\u00edris. As\u00ed pues, el mundo que vemos nunca ser\u00e1 objetivo: siempre depender\u00e1 de nuestra propia percepci\u00f3n del mundo fenom\u00e9nico, que siempre es correlativa a la evoluci\u00f3n de la consciencia humana. Tomando fuentes tan diversas como la mitolog\u00eda, la historia, la filosof\u00eda, la literatura, la teolog\u00eda y la ciencia, Owen Barfield nos presenta un apasionante recorrido a trav\u00e9s de la evoluci\u00f3n de la consciencia, desde el Antiguo Testamento y Grecia hasta la ciencia moderna, para hacernos saber que el mundo que experimentamos cada d\u00eda es el resultado del desarrollo de nuestra consciencia participante y de su co-creaci\u00f3n simult\u00e1nea. El tiempo acabar\u00e1 convirtiendo este libro en una obra maestra.<\/p>\n","protected":false},"excerpt":{"rendered":"<p>BARFIELD, OWEN<\/p>\n","protected":false},"featured_media":885479,"template":"","meta":{"_acf_changed":false,"om_disable_all_campaigns":false,"rs_blank_template":"","rs_page_bg_color":"","slide_template_v7":"","inline_featured_image":false,"_monsterinsights_skip_tracking":false,"_monsterinsights_sitenote_active":false,"_monsterinsights_sitenote_note":"","_monsterinsights_sitenote_category":0},"product_brand":[],"product_cat":[373,166,440,169],"product_tag":[],"class_list":{"0":"post-885478","1":"product","2":"type-product","3":"status-publish","4":"has-post-thumbnail","6":"product_cat-autores","7":"product_cat-autors-filosofia","8":"product_cat-de-la-ciencia-filosofia-2_humanidades","9":"product_cat-de-la-ciencia","11":"first","12":"instock","13":"taxable","14":"shipping-taxable","15":"purchasable","16":"product-type-simple"},"acf":{"autor":"BARFIELD, OWEN","codart":"849430306","libros-coleccion":"IMAGINATIO VERA","ediciones":"1","encuadernacion":"Carton\u00e9","fecha_de_publicacion":"01\/01\/2015","novedad":"1","paginas":"256","subtitulo":"UN ESTUDIO SOBRE IDOLATR\u00cdA","orden":"0","portada":"0","idioma":"spa","editorial":[{"ID":6199,"post_author":"3","post_date":"2022-07-28 17:46:59","post_date_gmt":"2022-07-28 15:46:59","post_content":"","post_title":"EDICIONES ATALANTA","post_excerpt":"","post_status":"publish","comment_status":"closed","ping_status":"closed","post_password":"","post_name":"ediciones-atalanta","to_ping":"","pinged":"","post_modified":"2022-07-28 17:46:59","post_modified_gmt":"2022-07-28 15:46:59","post_content_filtered":"","post_parent":0,"guid":"http:\/\/dev.claret.cat\/editorial\/ediciones-atalanta\/","menu_order":0,"post_type":"editorial","post_mime_type":"","comment_count":"0","filter":"raw"}],"autores-libros":[{"ID":886308,"post_author":"3","post_date":"2023-10-27 12:24:42","post_date_gmt":"2023-10-27 10:24:42","post_content":"","post_title":"OWEN BARFIELD","post_excerpt":"","post_status":"publish","comment_status":"closed","ping_status":"closed","post_password":"","post_name":"owen-barfield","to_ping":"","pinged":"","post_modified":"2023-10-27 12:24:42","post_modified_gmt":"2023-10-27 10:24:42","post_content_filtered":"","post_parent":0,"guid":"https:\/\/www.claret.cat\/autor\/owen-barfield\/","menu_order":0,"post_type":"autor","post_mime_type":"","comment_count":"0","filter":"raw"}]},"aioseo_notices":[],"_links":{"self":[{"href":"https:\/\/www.claret.cat\/es\/wp-json\/wp\/v2\/product\/885478","targetHints":{"allow":["GET"]}}],"collection":[{"href":"https:\/\/www.claret.cat\/es\/wp-json\/wp\/v2\/product"}],"about":[{"href":"https:\/\/www.claret.cat\/es\/wp-json\/wp\/v2\/types\/product"}],"wp:featuredmedia":[{"embeddable":true,"href":"https:\/\/www.claret.cat\/es\/wp-json\/wp\/v2\/media\/885479"}],"wp:attachment":[{"href":"https:\/\/www.claret.cat\/es\/wp-json\/wp\/v2\/media?parent=885478"}],"wp:term":[{"taxonomy":"product_brand","embeddable":true,"href":"https:\/\/www.claret.cat\/es\/wp-json\/wp\/v2\/product_brand?post=885478"},{"taxonomy":"product_cat","embeddable":true,"href":"https:\/\/www.claret.cat\/es\/wp-json\/wp\/v2\/product_cat?post=885478"},{"taxonomy":"product_tag","embeddable":true,"href":"https:\/\/www.claret.cat\/es\/wp-json\/wp\/v2\/product_tag?post=885478"}],"curies":[{"name":"wp","href":"https:\/\/api.w.org\/{rel}","templated":true}]}}