{"id":885510,"date":"2023-10-24T16:57:08","date_gmt":"2023-10-24T14:57:08","guid":{"rendered":"https:\/\/www.claret.cat\/llibre\/ritual-de-la-dedicacion-de-la-iglesia-y-del-altar-ritual-de-la-coronacion-de-una-imagen-de-la-bienaventurada-virgen-maria-9788417459659\/"},"modified":"2026-02-13T16:45:09","modified_gmt":"2026-02-13T15:45:09","slug":"ritual-de-la-dedicacion-de-la-iglesia-y-del-altar-ritual-de-la-coronacion-de-una-imagen-de-la-bienaventurada-virgen-maria-9788417459659","status":"publish","type":"product","link":"https:\/\/www.claret.cat\/es\/libro\/ritual-de-la-dedicacion-de-la-iglesia-y-del-altar-ritual-de-la-coronacion-de-una-imagen-de-la-bienaventurada-virgen-maria-9788417459659\/","title":{"rendered":"RITUAL DE LA DEDICACI\u00d3N DE LA IGLESIA Y DEL ALTAR. RITUAL DE LA CORONACI\u00d3N DE UNA IMAGEN DE LA BIENAVENTURADA VIRGEN MAR\u00cdA"},"content":{"rendered":"<p><span>La Comisi\u00f3n Episcopal para la Liturgia ofrece la versi\u00f3n actualizada del Ritual de la dedicaci\u00f3n de la iglesia y del altar y el Ritual de la coronaci\u00f3n de una imagen de la bienaventurada Virgen Mar\u00eda con las nuevas traducciones de las oraciones del Misal Romano y las lecturas del Leccionario de la Misa, conforme a la versi\u00f3n oficial de la Sagrada Biblia de la Conferencia Episcopal Espa\u00f1ola, aprobada por el episcopado espa\u00f1ol para ser utilizada en los libros lit\u00fargicos.<\/span><\/p>\n<p><span>Con la publicaci\u00f3n de esta nueva edici\u00f3n del Ritual de la dedicaci\u00f3n de la iglesia y del altar y el Ritual de la coronaci\u00f3n de una imagen de la bienaventurada Virgen Mar\u00eda, Libros Lit\u00fargicos, sello editorial de la Conferencia Episcopal Espa\u00f1ola, mantiene su compromiso con la excelencia editorial, y con la dignidad y veneraci\u00f3n que los libros que se utilizan para proclamar los textos lit\u00fargicos merecen, a fin de mover a los pastores y fieles a una mayor reverencia a la Palabra de Dios y a las cosas sagradas.<\/span><\/p>\n","protected":false},"excerpt":{"rendered":"<p>CONFERENCIA EPISCOPAL ESPA\u00d1OLA<\/p>\n","protected":false},"featured_media":886279,"template":"","meta":{"_acf_changed":false,"om_disable_all_campaigns":false,"rs_blank_template":"","rs_page_bg_color":"","slide_template_v7":"","inline_featured_image":false,"_monsterinsights_skip_tracking":false,"_monsterinsights_sitenote_active":false,"_monsterinsights_sitenote_note":"","_monsterinsights_sitenote_category":0},"product_brand":[],"product_cat":[90,540],"product_tag":[],"class_list":{"0":"post-885510","1":"product","2":"type-product","3":"status-publish","4":"has-post-thumbnail","6":"product_cat-altres","7":"product_cat-otros","9":"first","10":"instock","11":"taxable","12":"shipping-taxable","13":"purchasable","14":"product-type-simple"},"acf":{"autor":"CONFERENCIA EPISCOPAL ESPA\u00d1OLA","codart":"841745965","libros-coleccion":"OBRAS LITURGICAS","ediciones":"1","encuadernacion":"Carton\u00e9","fecha_de_publicacion":"24\/10\/2023","novedad":"0","paginas":"234","subtitulo":"","orden":"999","portada":"0","idioma":"spa","editorial":[{"ID":147509,"post_author":"3","post_date":"2022-10-14 11:51:07","post_date_gmt":"2022-10-14 09:51:07","post_content":"","post_title":"B.A.C.","post_excerpt":"","post_status":"publish","comment_status":"closed","ping_status":"closed","post_password":"","post_name":"b-a-c","to_ping":"","pinged":"","post_modified":"2022-10-14 11:51:07","post_modified_gmt":"2022-10-14 09:51:07","post_content_filtered":"","post_parent":0,"guid":"http:\/\/dev.claret.cat\/editorial\/b-a-c\/","menu_order":0,"post_type":"editorial","post_mime_type":"","comment_count":"0","filter":"raw"}],"autores-libros":[{"ID":5366,"post_author":"3","post_date":"2022-07-28 17:22:26","post_date_gmt":"2022-07-28 15:22:26","post_content":"","post_title":"CONFERENCIA EPISCOPAL ESPA\u00d1OLA","post_excerpt":"","post_status":"publish","comment_status":"closed","ping_status":"closed","post_password":"","post_name":"conferencia-episcopal-espanola","to_ping":"","pinged":"","post_modified":"2022-07-28 17:22:26","post_modified_gmt":"2022-07-28 15:22:26","post_content_filtered":"","post_parent":0,"guid":"http:\/\/dev.claret.cat\/autor\/conferencia-episcopal-espanola\/","menu_order":0,"post_type":"autor","post_mime_type":"","comment_count":"0","filter":"raw"}],"booktrailer":"","resenas":""},"aioseo_notices":[],"_links":{"self":[{"href":"https:\/\/www.claret.cat\/es\/wp-json\/wp\/v2\/product\/885510","targetHints":{"allow":["GET"]}}],"collection":[{"href":"https:\/\/www.claret.cat\/es\/wp-json\/wp\/v2\/product"}],"about":[{"href":"https:\/\/www.claret.cat\/es\/wp-json\/wp\/v2\/types\/product"}],"wp:featuredmedia":[{"embeddable":true,"href":"https:\/\/www.claret.cat\/es\/wp-json\/wp\/v2\/media\/886279"}],"wp:attachment":[{"href":"https:\/\/www.claret.cat\/es\/wp-json\/wp\/v2\/media?parent=885510"}],"wp:term":[{"taxonomy":"product_brand","embeddable":true,"href":"https:\/\/www.claret.cat\/es\/wp-json\/wp\/v2\/product_brand?post=885510"},{"taxonomy":"product_cat","embeddable":true,"href":"https:\/\/www.claret.cat\/es\/wp-json\/wp\/v2\/product_cat?post=885510"},{"taxonomy":"product_tag","embeddable":true,"href":"https:\/\/www.claret.cat\/es\/wp-json\/wp\/v2\/product_tag?post=885510"}],"curies":[{"name":"wp","href":"https:\/\/api.w.org\/{rel}","templated":true}]}}