{"id":885520,"date":"2023-10-24T17:31:32","date_gmt":"2023-10-24T15:31:32","guid":{"rendered":"https:\/\/www.claret.cat\/llibre\/el-estupor-y-la-maravilla-2023-9788419738288\/"},"modified":"2023-11-15T15:40:06","modified_gmt":"2023-11-15T14:40:06","slug":"el-estupor-y-la-maravilla-2023-9788419738288","status":"publish","type":"product","link":"https:\/\/www.claret.cat\/es\/libro\/el-estupor-y-la-maravilla-2023-9788419738288\/","title":{"rendered":"EL ESTUPOR Y LA MARAVILLA- 2023"},"content":{"rendered":"<p>Maravillado por la idea de custodiar obras de arte, Alois Vogel trabaja como seguridad del Museo de los Expresionistas de Coblenza, su ciudad natal. Tras cinco lustros como empleado en esta instituci\u00f3n, empieza a escribir sus memorias, en las que da cuenta de una vida insignificante y anodina aparentemente, pero de una intensidad verdaderamente asombrosa. Mani\u00e1tico hasta grotescos extremos, pero tambi\u00e9n enamoradizo y tierno, Vogel nos narra, como lo har\u00eda un ni\u00f1o que ve el mundo por primera vez, las historias que inventa acerca de los visitantes que entran en su sala; su amistosa o atormentada relaci\u00f3n con sus compa\u00f1eros; sus sentimientos y sensaciones ante los grandes maestros del expresionismo alem\u00e1n; su afici\u00f3n a la cerveza y a la soledad, entendida como campo de experimentaci\u00f3n\u2026 Todas sus meditaciones, tan absurdas como aplastantes, as\u00ed como sus reacciones, reveladoras siempre de una timidez estructural, hacen de \u00e9l un tipo tan extravagante, solitario y marginal, como misteriosamente familiar y entra\u00f1able. Sus infinitos debates imaginarios y sus pr\u00e1cticas de silenciamiento le van haciendo descubrir el extraordinario mundo de lo peque\u00f1o. El estupor y la maravilla es una epopeya de lo diminuto, un relato sobre el entrenamiento del poder de observaci\u00f3n -llevado hasta sus l\u00edmites-, una \u00e9pica, tan heroica como dom\u00e9stica, de los extremos a los que puede llevar el aislamiento y la ilusi\u00f3n. Con su ya cl\u00e1sica prosa l\u00edmpida, Pablo d\u2019Ors nos muestra aqu\u00ed una inolvidable historia de tintes centroeuropeos sobre la b\u00fasqueda de la plenitud en lo sencillo. Un viaje al laberinto de la mente humana. Un trayecto, tan modesto como elocuente, hacia la iluminaci\u00f3n.<\/p>\n","protected":false},"excerpt":{"rendered":"<p>D&#8217;ORS, PABLO<\/p>\n","protected":false},"featured_media":886089,"template":"","meta":{"_acf_changed":false,"om_disable_all_campaigns":false,"rs_blank_template":"","rs_page_bg_color":"","slide_template_v7":"","inline_featured_image":false,"_monsterinsights_skip_tracking":false,"_monsterinsights_sitenote_active":false,"_monsterinsights_sitenote_note":"","_monsterinsights_sitenote_category":0},"product_brand":[],"product_cat":[485,232],"product_tag":[],"class_list":{"0":"post-885520","1":"product","2":"type-product","3":"status-publish","4":"has-post-thumbnail","6":"product_cat-autores-espiritualidad-1_espiritualidad","7":"product_cat-autors-espiritualitat","9":"first","10":"instock","11":"taxable","12":"shipping-taxable","13":"purchasable","14":"product-type-simple"},"acf":{"autor":"D'ORS, PABLO","codart":"841973828","libros-coleccion":"Narrativa","ediciones":"1","encuadernacion":"R\u00fastica","fecha_de_publicacion":"01\/10\/2023","novedad":"1","paginas":"416","subtitulo":"","orden":"0","portada":"0","idioma":"spa","editorial":[{"ID":6260,"post_author":"3","post_date":"2022-07-28 17:48:23","post_date_gmt":"2022-07-28 15:48:23","post_content":"","post_title":"Galaxia Gutenberg","post_excerpt":"","post_status":"publish","comment_status":"closed","ping_status":"closed","post_password":"","post_name":"galaxia-gutenberg","to_ping":"","pinged":"","post_modified":"2022-07-28 17:48:23","post_modified_gmt":"2022-07-28 15:48:23","post_content_filtered":"","post_parent":0,"guid":"http:\/\/dev.claret.cat\/editorial\/galaxia-gutenberg\/","menu_order":0,"post_type":"editorial","post_mime_type":"","comment_count":"0","filter":"raw"}],"autores-libros":[{"ID":5913,"post_author":"3","post_date":"2022-07-28 17:34:10","post_date_gmt":"2022-07-28 15:34:10","post_content":"","post_title":"PABLO D\u00b4ORS","post_excerpt":"","post_status":"publish","comment_status":"closed","ping_status":"closed","post_password":"","post_name":"pablo-dors","to_ping":"","pinged":"","post_modified":"2022-07-28 17:34:10","post_modified_gmt":"2022-07-28 15:34:10","post_content_filtered":"","post_parent":0,"guid":"http:\/\/dev.claret.cat\/autor\/pablo-dors\/","menu_order":0,"post_type":"autor","post_mime_type":"","comment_count":"0","filter":"raw"}]},"aioseo_notices":[],"_links":{"self":[{"href":"https:\/\/www.claret.cat\/es\/wp-json\/wp\/v2\/product\/885520","targetHints":{"allow":["GET"]}}],"collection":[{"href":"https:\/\/www.claret.cat\/es\/wp-json\/wp\/v2\/product"}],"about":[{"href":"https:\/\/www.claret.cat\/es\/wp-json\/wp\/v2\/types\/product"}],"wp:featuredmedia":[{"embeddable":true,"href":"https:\/\/www.claret.cat\/es\/wp-json\/wp\/v2\/media\/886089"}],"wp:attachment":[{"href":"https:\/\/www.claret.cat\/es\/wp-json\/wp\/v2\/media?parent=885520"}],"wp:term":[{"taxonomy":"product_brand","embeddable":true,"href":"https:\/\/www.claret.cat\/es\/wp-json\/wp\/v2\/product_brand?post=885520"},{"taxonomy":"product_cat","embeddable":true,"href":"https:\/\/www.claret.cat\/es\/wp-json\/wp\/v2\/product_cat?post=885520"},{"taxonomy":"product_tag","embeddable":true,"href":"https:\/\/www.claret.cat\/es\/wp-json\/wp\/v2\/product_tag?post=885520"}],"curies":[{"name":"wp","href":"https:\/\/api.w.org\/{rel}","templated":true}]}}