{"id":885623,"date":"2023-10-24T19:06:35","date_gmt":"2023-10-24T17:06:35","guid":{"rendered":"https:\/\/www.claret.cat\/llibre\/el-mundo-de-sofia-volumen-ii-9788419744494\/"},"modified":"2023-10-30T16:03:18","modified_gmt":"2023-10-30T15:03:18","slug":"el-mundo-de-sofia-volumen-ii-9788419744494","status":"publish","type":"product","link":"https:\/\/www.claret.cat\/es\/libro\/el-mundo-de-sofia-volumen-ii-9788419744494\/","title":{"rendered":"EL MUNDO DE SOF\u00cdA. VOLUMEN II"},"content":{"rendered":"<p>Despu\u00e9s de haber descubierto los or\u00edgenes de la filosof\u00eda junto a Alberto, Sof\u00eda prosigue y concluye su investigaci\u00f3n sobre las principales corrientes del pensamiento occidental. Esta b\u00fasqueda tanto filos\u00f3fica como inici\u00e1tica la induce a cambiar su condici\u00f3n y a alcanzar el libre albedr\u00edo\u2026 \u00a1pero sobre todo a descubrir d\u00f3nde se escond\u00eda su libertad!<\/p>\n<p>ZABUS y NICOBY reinventan en un c\u00f3mic lleno de humor la novela filos\u00f3fica de JOSTEIN GAARDER, una obra de culto que ya ha conquistado a millones de lectores en todo el mundo.<\/p>\n","protected":false},"excerpt":{"rendered":"<p>NICOBY, \/ ZABUS, VINCENT<\/p>\n","protected":false},"featured_media":886758,"template":"","meta":{"_acf_changed":false,"om_disable_all_campaigns":false,"rs_blank_template":"","rs_page_bg_color":"","slide_template_v7":"","inline_featured_image":false,"_monsterinsights_skip_tracking":false,"_monsterinsights_sitenote_active":false,"_monsterinsights_sitenote_note":"","_monsterinsights_sitenote_category":0},"product_brand":[],"product_cat":[373,166,108,558,165,438],"product_tag":[],"class_list":{"0":"post-885623","1":"product","2":"type-product","3":"status-publish","4":"has-post-thumbnail","6":"product_cat-autores","7":"product_cat-autors-filosofia","8":"product_cat-comic","9":"product_cat-comic-3_infantil-juvenil-spa-spa","10":"product_cat-historia-i-corrents-filosofia-2_humanitats","11":"product_cat-historia-y-corrientes-filosofia-2_humanidades","13":"first","14":"instock","15":"taxable","16":"shipping-taxable","17":"purchasable","18":"product-type-simple"},"acf":{"autor":"NICOBY, \/ ZABUS, VINCENT","codart":"841974449","libros-coleccion":"FORA DE COL.LECCI\u00d3","ediciones":"1","encuadernacion":"Carton\u00e9","fecha_de_publicacion":"01\/10\/2023","novedad":"1","paginas":"264","subtitulo":"II. LA FILOSOF\u00cdA DESDE DESCARTES A NUESTROS D\u00cdAS","orden":"0","portada":"1","idioma":"spa","editorial":[{"ID":6365,"post_author":"3","post_date":"2022-07-28 17:50:37","post_date_gmt":"2022-07-28 15:50:37","post_content":"","post_title":"Siruela","post_excerpt":"","post_status":"publish","comment_status":"closed","ping_status":"closed","post_password":"","post_name":"siruela","to_ping":"","pinged":"","post_modified":"2022-07-28 17:50:37","post_modified_gmt":"2022-07-28 15:50:37","post_content_filtered":"","post_parent":0,"guid":"http:\/\/dev.claret.cat\/editorial\/siruela\/","menu_order":0,"post_type":"editorial","post_mime_type":"","comment_count":"0","filter":"raw"}],"autores-libros":[{"ID":263957,"post_author":"3","post_date":"2022-12-01 11:22:27","post_date_gmt":"2022-12-01 10:22:27","post_content":"","post_title":"VINCENT ZABUS","post_excerpt":"","post_status":"publish","comment_status":"closed","ping_status":"closed","post_password":"","post_name":"vincent-zabus","to_ping":"","pinged":"","post_modified":"2022-12-01 11:22:27","post_modified_gmt":"2022-12-01 10:22:27","post_content_filtered":"","post_parent":0,"guid":"http:\/\/dev.claret.cat\/autor\/vincent-zabus\/","menu_order":0,"post_type":"autor","post_mime_type":"","comment_count":"0","filter":"raw"},{"ID":885636,"post_author":"3","post_date":"2023-10-24 19:23:24","post_date_gmt":"2023-10-24 17:23:24","post_content":"","post_title":"NICOBY","post_excerpt":"","post_status":"publish","comment_status":"closed","ping_status":"closed","post_password":"","post_name":"nicoby-2","to_ping":"","pinged":"","post_modified":"2023-10-24 19:23:24","post_modified_gmt":"2023-10-24 17:23:24","post_content_filtered":"","post_parent":0,"guid":"https:\/\/www.claret.cat\/autor\/nicoby-2\/","menu_order":0,"post_type":"autor","post_mime_type":"","comment_count":"0","filter":"raw"}]},"aioseo_notices":[],"_links":{"self":[{"href":"https:\/\/www.claret.cat\/es\/wp-json\/wp\/v2\/product\/885623","targetHints":{"allow":["GET"]}}],"collection":[{"href":"https:\/\/www.claret.cat\/es\/wp-json\/wp\/v2\/product"}],"about":[{"href":"https:\/\/www.claret.cat\/es\/wp-json\/wp\/v2\/types\/product"}],"wp:featuredmedia":[{"embeddable":true,"href":"https:\/\/www.claret.cat\/es\/wp-json\/wp\/v2\/media\/886758"}],"wp:attachment":[{"href":"https:\/\/www.claret.cat\/es\/wp-json\/wp\/v2\/media?parent=885623"}],"wp:term":[{"taxonomy":"product_brand","embeddable":true,"href":"https:\/\/www.claret.cat\/es\/wp-json\/wp\/v2\/product_brand?post=885623"},{"taxonomy":"product_cat","embeddable":true,"href":"https:\/\/www.claret.cat\/es\/wp-json\/wp\/v2\/product_cat?post=885623"},{"taxonomy":"product_tag","embeddable":true,"href":"https:\/\/www.claret.cat\/es\/wp-json\/wp\/v2\/product_tag?post=885623"}],"curies":[{"name":"wp","href":"https:\/\/api.w.org\/{rel}","templated":true}]}}