{"id":885686,"date":"2023-10-25T10:16:41","date_gmt":"2023-10-25T08:16:41","guid":{"rendered":"https:\/\/www.claret.cat\/llibre\/la-volta-al-mon-en-80-dies-9788447951260\/"},"modified":"2024-04-22T12:25:24","modified_gmt":"2024-04-22T10:25:24","slug":"la-volta-al-mon-en-80-dies-9788447951260","status":"publish","type":"product","link":"https:\/\/www.claret.cat\/es\/libro\/la-volta-al-mon-en-80-dies-9788447951260\/","title":{"rendered":"LA VOLTA AL M\u00d3N EN 80 DIES"},"content":{"rendered":"<p>La volta al m\u00f3n en 80 dies \u00e9s el llibre m\u00e9s popular de Jules Verne, considerat un dels millors escriptors de novel\u00b7les d&#8221;aventures de tots els temps. Quan se celebren 150 anys de la seva aparici\u00f3, presentem una adaptaci\u00f3 de la novel\u00b7la pensada per a lectors de totes les edats. Hi trobareu el fant\u00e0stic repte de Phileas Fogg per aconseguir fer la volta al m\u00f3n en menys de vuitanta dies, els diversos mitjans de transport que va utilitzar i les innombrables aventures que hi va viure.<\/p>\n","protected":false},"excerpt":{"rendered":"<p>VERNE, JULES<\/p>\n","protected":false},"featured_media":885687,"template":"","meta":{"_acf_changed":false,"om_disable_all_campaigns":false,"rs_blank_template":"","rs_page_bg_color":"","slide_template_v7":"","inline_featured_image":false,"_monsterinsights_skip_tracking":false,"_monsterinsights_sitenote_active":false,"_monsterinsights_sitenote_note":"","_monsterinsights_sitenote_category":0},"product_brand":[],"product_cat":[131,361],"product_tag":[],"class_list":{"0":"post-885686","1":"product","2":"type-product","3":"status-publish","4":"has-post-thumbnail","6":"product_cat-contes-per-infants-0-6-anys","7":"product_cat-cuentos-para-ninos-0-6-anos","9":"first","10":"instock","11":"taxable","12":"shipping-taxable","13":"purchasable","14":"product-type-simple"},"acf":{"autor":"VERNE, JULES","codart":"844795126","libros-coleccion":"\u00c0lbum","ediciones":"1","encuadernacion":"Carton\u00e9","fecha_de_publicacion":"01\/09\/2023","novedad":"1","paginas":"45","subtitulo":"","orden":"0","portada":"0","idioma":"cat","editorial":[{"ID":147536,"post_author":"3","post_date":"2022-10-14 11:51:19","post_date_gmt":"2022-10-14 09:51:19","post_content":"","post_title":"BAULA-EDELVIVES-VALENCIANO\/CATALAN-TXT-","post_excerpt":"","post_status":"publish","comment_status":"closed","ping_status":"closed","post_password":"","post_name":"baula-edelvives-valenciano-catalan-txt","to_ping":"","pinged":"","post_modified":"2022-10-14 11:51:19","post_modified_gmt":"2022-10-14 09:51:19","post_content_filtered":"","post_parent":0,"guid":"http:\/\/dev.claret.cat\/editorial\/baula-edelvives-valenciano-catalan-txt\/","menu_order":0,"post_type":"editorial","post_mime_type":"","comment_count":"0","filter":"raw"}],"autores-libros":[{"ID":161236,"post_author":"3","post_date":"2022-10-14 17:16:35","post_date_gmt":"2022-10-14 15:16:35","post_content":"","post_title":"JULES VERNE","post_excerpt":"","post_status":"publish","comment_status":"closed","ping_status":"closed","post_password":"","post_name":"jules-verne","to_ping":"","pinged":"","post_modified":"2022-10-14 17:16:35","post_modified_gmt":"2022-10-14 15:16:35","post_content_filtered":"","post_parent":0,"guid":"http:\/\/dev.claret.cat\/autor\/jules-verne\/","menu_order":0,"post_type":"autor","post_mime_type":"","comment_count":"0","filter":"raw"}]},"aioseo_notices":[],"_links":{"self":[{"href":"https:\/\/www.claret.cat\/es\/wp-json\/wp\/v2\/product\/885686","targetHints":{"allow":["GET"]}}],"collection":[{"href":"https:\/\/www.claret.cat\/es\/wp-json\/wp\/v2\/product"}],"about":[{"href":"https:\/\/www.claret.cat\/es\/wp-json\/wp\/v2\/types\/product"}],"wp:featuredmedia":[{"embeddable":true,"href":"https:\/\/www.claret.cat\/es\/wp-json\/wp\/v2\/media\/885687"}],"wp:attachment":[{"href":"https:\/\/www.claret.cat\/es\/wp-json\/wp\/v2\/media?parent=885686"}],"wp:term":[{"taxonomy":"product_brand","embeddable":true,"href":"https:\/\/www.claret.cat\/es\/wp-json\/wp\/v2\/product_brand?post=885686"},{"taxonomy":"product_cat","embeddable":true,"href":"https:\/\/www.claret.cat\/es\/wp-json\/wp\/v2\/product_cat?post=885686"},{"taxonomy":"product_tag","embeddable":true,"href":"https:\/\/www.claret.cat\/es\/wp-json\/wp\/v2\/product_tag?post=885686"}],"curies":[{"name":"wp","href":"https:\/\/api.w.org\/{rel}","templated":true}]}}