{"id":885721,"date":"2023-10-25T12:43:10","date_gmt":"2023-10-25T10:43:10","guid":{"rendered":"https:\/\/www.claret.cat\/llibre\/gustavo-el-fantasma-timido-9788414025574\/"},"modified":"2023-11-18T13:10:04","modified_gmt":"2023-11-18T12:10:04","slug":"gustavo-el-fantasma-timido-9788414025574","status":"publish","type":"product","link":"https:\/\/www.claret.cat\/es\/libro\/gustavo-el-fantasma-timido-9788414025574\/","title":{"rendered":"GUSTAVO, EL FANTASMA T\u00cdMIDO"},"content":{"rendered":"<p>Gustavo era un fantasma muy muy t\u00edmido al que le gustaba much\u00edsimo tocar su viol\u00edn. Por encima de todo, deseaba tener un amigo, as\u00ed que decidi\u00f3 ser valiente y enviar una invitaci\u00f3n muy especial. Un relato sobre las inseguridades, la amistad y la m\u00fasica como ayuda para superar los malos momentos.<\/p>\n","protected":false},"excerpt":{"rendered":"<p>DRAGO, FLAVIA Z.<\/p>\n","protected":false},"featured_media":885722,"template":"","meta":{"_acf_changed":false,"om_disable_all_campaigns":false,"rs_blank_template":"","rs_page_bg_color":"","slide_template_v7":"","inline_featured_image":false,"_monsterinsights_skip_tracking":false,"_monsterinsights_sitenote_active":false,"_monsterinsights_sitenote_note":"","_monsterinsights_sitenote_category":0},"product_brand":[],"product_cat":[131,361],"product_tag":[],"class_list":{"0":"post-885721","1":"product","2":"type-product","3":"status-publish","4":"has-post-thumbnail","6":"product_cat-contes-per-infants-0-6-anys","7":"product_cat-cuentos-para-ninos-0-6-anos","9":"first","10":"instock","11":"taxable","12":"shipping-taxable","13":"purchasable","14":"product-type-simple"},"acf":{"autor":"DRAGO, FLAVIA Z.","codart":"841402557","libros-coleccion":"\u00c1lbumes ilustrados","ediciones":"1","encuadernacion":"Carton\u00e9","fecha_de_publicacion":"01\/09\/2020","novedad":"1","paginas":"45","subtitulo":"","orden":"0","portada":"0","idioma":"spa","editorial":[{"ID":6229,"post_author":"3","post_date":"2022-07-28 17:47:40","post_date_gmt":"2022-07-28 15:47:40","post_content":"","post_title":"Editorial Luis Vives (Edelvives)","post_excerpt":"","post_status":"publish","comment_status":"closed","ping_status":"closed","post_password":"","post_name":"editorial-luis-vives-edelvives","to_ping":"","pinged":"","post_modified":"2022-07-28 17:47:40","post_modified_gmt":"2022-07-28 15:47:40","post_content_filtered":"","post_parent":0,"guid":"http:\/\/dev.claret.cat\/editorial\/editorial-luis-vives-edelvives\/","menu_order":0,"post_type":"editorial","post_mime_type":"","comment_count":"0","filter":"raw"}],"autores-libros":[{"ID":263481,"post_author":"3","post_date":"2022-12-01 11:17:48","post_date_gmt":"2022-12-01 10:17:48","post_content":"","post_title":"FLAVIA Z. DRAGO","post_excerpt":"","post_status":"publish","comment_status":"closed","ping_status":"closed","post_password":"","post_name":"flavia-z-drago","to_ping":"","pinged":"","post_modified":"2022-12-01 11:17:48","post_modified_gmt":"2022-12-01 10:17:48","post_content_filtered":"","post_parent":0,"guid":"http:\/\/dev.claret.cat\/autor\/flavia-z-drago\/","menu_order":0,"post_type":"autor","post_mime_type":"","comment_count":"0","filter":"raw"}]},"aioseo_notices":[],"_links":{"self":[{"href":"https:\/\/www.claret.cat\/es\/wp-json\/wp\/v2\/product\/885721","targetHints":{"allow":["GET"]}}],"collection":[{"href":"https:\/\/www.claret.cat\/es\/wp-json\/wp\/v2\/product"}],"about":[{"href":"https:\/\/www.claret.cat\/es\/wp-json\/wp\/v2\/types\/product"}],"wp:featuredmedia":[{"embeddable":true,"href":"https:\/\/www.claret.cat\/es\/wp-json\/wp\/v2\/media\/885722"}],"wp:attachment":[{"href":"https:\/\/www.claret.cat\/es\/wp-json\/wp\/v2\/media?parent=885721"}],"wp:term":[{"taxonomy":"product_brand","embeddable":true,"href":"https:\/\/www.claret.cat\/es\/wp-json\/wp\/v2\/product_brand?post=885721"},{"taxonomy":"product_cat","embeddable":true,"href":"https:\/\/www.claret.cat\/es\/wp-json\/wp\/v2\/product_cat?post=885721"},{"taxonomy":"product_tag","embeddable":true,"href":"https:\/\/www.claret.cat\/es\/wp-json\/wp\/v2\/product_tag?post=885721"}],"curies":[{"name":"wp","href":"https:\/\/api.w.org\/{rel}","templated":true}]}}