{"id":885799,"date":"2023-10-25T14:16:05","date_gmt":"2023-10-25T12:16:05","guid":{"rendered":"https:\/\/www.claret.cat\/llibre\/fairy-oak-4-capitan-grisam-y-el-amor-9788418538964\/"},"modified":"2023-11-28T16:45:28","modified_gmt":"2023-11-28T15:45:28","slug":"fairy-oak-4-capitan-grisam-y-el-amor-9788418538964","status":"publish","type":"product","link":"https:\/\/www.claret.cat\/es\/libro\/fairy-oak-4-capitan-grisam-y-el-amor-9788418538964\/","title":{"rendered":"FAIRY OAK 4. CAPIT\u00c1N GRISAM Y EL AMOR"},"content":{"rendered":"<p>En una cueva secreta, escondida entre las cascadas heladas por el invierno, cinco j\u00f3venes amigos abren un viejo ba\u00fal y liberan una historia que durante muchos a\u00f1os hab\u00eda estado encerrada y olvidada, \u00a1deliberadamente olvidada!<\/p>\n<p> Un misterio envuelve el pasado de quien dec\u00eda ser un capit\u00e1n valeroso, y Vainilla, Pervinca, el joven mago Grisam, la c\u00f3mica Flox y toda la Banda del Capit\u00e1n tendr\u00e1n que descubrir la verdad sobre William Talbooth. Pocas pistas, descubrimientos inesperados y escuetos recuerdos ayudar\u00e1n a los chicos a recomponer las piezas de un pasado sepultado que por momentos aparece oscuro y hasta asusta.<\/p>\n<p> Sin embargo, la imagen que lentamente se ir\u00e1 formando ante los ojos maravillados de las gemelas y sus compa\u00f1eros, lo que surge de la niebla del misterio, parece tener los ojos y la sonrisa del amor.<\/p>\n<p> \u00bfQui\u00e9n era de verdad el Capit\u00e1n? \u00bfPara reunirse con qui\u00e9n estaba regresando cuando su barco naufrag\u00f3 frente a las costas del pueblo encantado? \u00bfY por qu\u00e9, cuando abrieron el ba\u00fal, todos parec\u00edan tener una historia de amor que contar?<\/p>\n<p> El final es dichoso, pero no faltan las sorpresas, y una de ellas sobre todo har\u00e1 latir con fuerza el coraz\u00f3n de Vainilla&#8230;<\/p>\n","protected":false},"excerpt":{"rendered":"<p>GNONE, ELISABETTA<\/p>\n","protected":false},"featured_media":885853,"template":"","meta":{"_acf_changed":false,"om_disable_all_campaigns":false,"rs_blank_template":"","rs_page_bg_color":"","slide_template_v7":"","inline_featured_image":false,"_monsterinsights_skip_tracking":false,"_monsterinsights_sitenote_active":false,"_monsterinsights_sitenote_note":"","_monsterinsights_sitenote_category":0},"product_brand":[],"product_cat":[132,362],"product_tag":[],"class_list":{"0":"post-885799","1":"product","2":"type-product","3":"status-publish","4":"has-post-thumbnail","6":"product_cat-lectures-per-preadolescents-6-12-anys","7":"product_cat-libros-preadolescentes-6-12-anos","9":"first","10":"instock","11":"taxable","12":"shipping-taxable","13":"purchasable","14":"product-type-simple"},"acf":{"autor":"GNONE, ELISABETTA","codart":"841853896","libros-coleccion":"FORA DE COL.LECCI\u00d3","ediciones":"1","encuadernacion":"Carton\u00e9","fecha_de_publicacion":"01\/10\/2023","novedad":"1","paginas":"246","subtitulo":"","orden":"0","portada":"0","idioma":"spa","editorial":[{"ID":6188,"post_author":"3","post_date":"2022-07-28 17:46:47","post_date_gmt":"2022-07-28 15:46:47","post_content":"","post_title":"Duomo ediciones","post_excerpt":"","post_status":"publish","comment_status":"closed","ping_status":"closed","post_password":"","post_name":"duomo-ediciones","to_ping":"","pinged":"","post_modified":"2022-07-28 17:46:47","post_modified_gmt":"2022-07-28 15:46:47","post_content_filtered":"","post_parent":0,"guid":"http:\/\/dev.claret.cat\/editorial\/duomo-ediciones\/","menu_order":0,"post_type":"editorial","post_mime_type":"","comment_count":"0","filter":"raw"}],"autores-libros":[{"ID":154833,"post_author":"3","post_date":"2022-10-14 15:08:01","post_date_gmt":"2022-10-14 13:08:01","post_content":"","post_title":"ELISABETTA GNONE","post_excerpt":"","post_status":"publish","comment_status":"closed","ping_status":"closed","post_password":"","post_name":"elisabetta-gnone","to_ping":"","pinged":"","post_modified":"2022-10-14 15:08:01","post_modified_gmt":"2022-10-14 13:08:01","post_content_filtered":"","post_parent":0,"guid":"http:\/\/dev.claret.cat\/autor\/elisabetta-gnone\/","menu_order":0,"post_type":"autor","post_mime_type":"","comment_count":"0","filter":"raw"}]},"aioseo_notices":[],"_links":{"self":[{"href":"https:\/\/www.claret.cat\/es\/wp-json\/wp\/v2\/product\/885799","targetHints":{"allow":["GET"]}}],"collection":[{"href":"https:\/\/www.claret.cat\/es\/wp-json\/wp\/v2\/product"}],"about":[{"href":"https:\/\/www.claret.cat\/es\/wp-json\/wp\/v2\/types\/product"}],"wp:featuredmedia":[{"embeddable":true,"href":"https:\/\/www.claret.cat\/es\/wp-json\/wp\/v2\/media\/885853"}],"wp:attachment":[{"href":"https:\/\/www.claret.cat\/es\/wp-json\/wp\/v2\/media?parent=885799"}],"wp:term":[{"taxonomy":"product_brand","embeddable":true,"href":"https:\/\/www.claret.cat\/es\/wp-json\/wp\/v2\/product_brand?post=885799"},{"taxonomy":"product_cat","embeddable":true,"href":"https:\/\/www.claret.cat\/es\/wp-json\/wp\/v2\/product_cat?post=885799"},{"taxonomy":"product_tag","embeddable":true,"href":"https:\/\/www.claret.cat\/es\/wp-json\/wp\/v2\/product_tag?post=885799"}],"curies":[{"name":"wp","href":"https:\/\/api.w.org\/{rel}","templated":true}]}}