{"id":885831,"date":"2023-10-25T14:27:44","date_gmt":"2023-10-25T12:27:44","guid":{"rendered":"https:\/\/www.claret.cat\/llibre\/moises-y-las-tablas-9788412702910\/"},"modified":"2023-10-25T17:28:15","modified_gmt":"2023-10-25T15:28:15","slug":"moises-y-las-tablas-9788412702910","status":"publish","type":"product","link":"https:\/\/www.claret.cat\/es\/libro\/moises-y-las-tablas-9788412702910\/","title":{"rendered":"MOIS\u00c9S Y LAS TABLAS"},"content":{"rendered":"<p>Esta segunda parte del libro de Mois\u00e9s, est\u00e1 basada en midrashim jud\u00edos. En especial en el libro \u00abMois\u00e9s contado por los sabios\u00bb de Edmond Fleg. La finalidad de este libro es acercar estas historias de manera ilustrada y adaptada, al p\u00fablico m\u00e1s joven y, quiz\u00e1s, no tan joven. \u00abLa figura prof\u00e9tica de Mois\u00e9s es fundamental en la Escritura Es imagen de Cristo que, al igual que Mois\u00e9s gui\u00f3 a su pueblo, nos gu\u00eda en nuestro caminar cristiano hasta la Vida Eterna.\u00bb Del pr\u00f3logo de +Mons. Jos\u00e9 Ignacio Munilla Aguirre Obispo de Orihuela-Alicante<\/p>\n","protected":false},"excerpt":{"rendered":"<p>GONZ\u00c1LEZ CASTRO, SARA<\/p>\n","protected":false},"featured_media":885876,"template":"","meta":{"_acf_changed":false,"om_disable_all_campaigns":false,"rs_blank_template":"","rs_page_bg_color":"","slide_template_v7":"","inline_featured_image":false,"_monsterinsights_skip_tracking":false,"_monsterinsights_sitenote_active":false,"_monsterinsights_sitenote_note":"","_monsterinsights_sitenote_category":0},"product_brand":[],"product_cat":[195,458],"product_tag":[],"class_list":{"0":"post-885831","1":"product","2":"type-product","3":"status-publish","4":"has-post-thumbnail","6":"product_cat-introduccio-a-t","7":"product_cat-introduccion-a-t","9":"first","10":"instock","11":"taxable","12":"shipping-taxable","13":"purchasable","14":"product-type-simple"},"acf":{"autor":"GONZ\u00c1LEZ CASTRO, SARA","codart":"841270291","libros-coleccion":"","ediciones":"1","encuadernacion":"R\u00fastica","fecha_de_publicacion":"25\/10\/2023","novedad":"1","paginas":"112","subtitulo":"","orden":"0","portada":"0","idioma":"spa","editorial":[{"ID":147933,"post_author":"3","post_date":"2022-10-14 11:54:21","post_date_gmt":"2022-10-14 09:54:21","post_content":"","post_title":"EDITORIAL BENDITA MAR\u00cdA","post_excerpt":"","post_status":"publish","comment_status":"closed","ping_status":"closed","post_password":"","post_name":"editorial-bendita-maria","to_ping":"","pinged":"","post_modified":"2022-10-14 11:54:21","post_modified_gmt":"2022-10-14 09:54:21","post_content_filtered":"","post_parent":0,"guid":"http:\/\/dev.claret.cat\/editorial\/editorial-bendita-maria\/","menu_order":0,"post_type":"editorial","post_mime_type":"","comment_count":"0","filter":"raw"}],"autores-libros":[{"ID":885836,"post_author":"3","post_date":"2023-10-25 14:32:10","post_date_gmt":"2023-10-25 12:32:10","post_content":"","post_title":"SARA GONZ\u00c1LEZ CASTRO","post_excerpt":"","post_status":"publish","comment_status":"closed","ping_status":"closed","post_password":"","post_name":"sara-gonzalez-castro","to_ping":"","pinged":"","post_modified":"2023-10-25 14:32:10","post_modified_gmt":"2023-10-25 12:32:10","post_content_filtered":"","post_parent":0,"guid":"https:\/\/www.claret.cat\/autor\/sara-gonzalez-castro\/","menu_order":0,"post_type":"autor","post_mime_type":"","comment_count":"0","filter":"raw"}]},"aioseo_notices":[],"_links":{"self":[{"href":"https:\/\/www.claret.cat\/es\/wp-json\/wp\/v2\/product\/885831","targetHints":{"allow":["GET"]}}],"collection":[{"href":"https:\/\/www.claret.cat\/es\/wp-json\/wp\/v2\/product"}],"about":[{"href":"https:\/\/www.claret.cat\/es\/wp-json\/wp\/v2\/types\/product"}],"wp:featuredmedia":[{"embeddable":true,"href":"https:\/\/www.claret.cat\/es\/wp-json\/wp\/v2\/media\/885876"}],"wp:attachment":[{"href":"https:\/\/www.claret.cat\/es\/wp-json\/wp\/v2\/media?parent=885831"}],"wp:term":[{"taxonomy":"product_brand","embeddable":true,"href":"https:\/\/www.claret.cat\/es\/wp-json\/wp\/v2\/product_brand?post=885831"},{"taxonomy":"product_cat","embeddable":true,"href":"https:\/\/www.claret.cat\/es\/wp-json\/wp\/v2\/product_cat?post=885831"},{"taxonomy":"product_tag","embeddable":true,"href":"https:\/\/www.claret.cat\/es\/wp-json\/wp\/v2\/product_tag?post=885831"}],"curies":[{"name":"wp","href":"https:\/\/api.w.org\/{rel}","templated":true}]}}