{"id":885890,"date":"2023-10-25T17:43:33","date_gmt":"2023-10-25T15:43:33","guid":{"rendered":"https:\/\/www.claret.cat\/llibre\/la-luciernaga-solitaria-coleccion-eric-carle-9788448864910\/"},"modified":"2023-10-25T18:57:21","modified_gmt":"2023-10-25T16:57:21","slug":"la-luciernaga-solitaria-coleccion-eric-carle-9788448864910","status":"publish","type":"product","link":"https:\/\/www.claret.cat\/es\/libro\/la-luciernaga-solitaria-coleccion-eric-carle-9788448864910\/","title":{"rendered":"LA LUCI\u00c9RNAGA SOLITARIA (COLECCI\u00d3N ERIC CARLE)"},"content":{"rendered":"<p>Un precioso cuento de Eric Carle sobre encontrar nuestro sitio y estar con los que nos importan. Cuando una luci\u00e9rnaga muy solitaria se adentra en el cielo nocturno en busca de otras luci\u00e9rnagas amigas, se topa con un mont\u00f3n de luces diferentes: un farol, una vela, los ojos de otros animales\u2026 \u00bfAcabar\u00e1 encontrando a otras luci\u00e9rnagas como ella? Esta es una preciosa aventura que muestra una de las maravillas de la naturaleza y que celebra la alegr\u00eda de estar junto con los que queremos. Un libro que explica la historia de un peque\u00f1o y prodigioso animal con ternura y sabidur\u00eda, y que enamorar\u00e1 a los fans del c\u00e9lebre escritor e ilustrador Eric Carle.<\/p>\n","protected":false},"excerpt":{"rendered":"<p>CARLE, ERIC<\/p>\n","protected":false},"featured_media":885891,"template":"","meta":{"_acf_changed":false,"om_disable_all_campaigns":false,"rs_blank_template":"","rs_page_bg_color":"","slide_template_v7":"","inline_featured_image":false,"_monsterinsights_skip_tracking":false,"_monsterinsights_sitenote_active":false,"_monsterinsights_sitenote_note":"","_monsterinsights_sitenote_category":0},"product_brand":[],"product_cat":[131,361],"product_tag":[],"class_list":{"0":"post-885890","1":"product","2":"type-product","3":"status-publish","4":"has-post-thumbnail","6":"product_cat-contes-per-infants-0-6-anys","7":"product_cat-cuentos-para-ninos-0-6-anos","9":"first","10":"instock","11":"taxable","12":"shipping-taxable","13":"purchasable","14":"product-type-simple"},"acf":{"autor":"CARLE, ERIC","codart":"844886491","libros-coleccion":"Peque\u00f1as manitas","ediciones":"1","encuadernacion":"Carpeta","fecha_de_publicacion":"01\/10\/2023","novedad":"1","paginas":"12","subtitulo":"","orden":"0","portada":"0","idioma":"spa","editorial":[{"ID":6141,"post_author":"3","post_date":"2022-07-28 17:45:46","post_date_gmt":"2022-07-28 15:45:46","post_content":"","post_title":"BEASCOA","post_excerpt":"","post_status":"publish","comment_status":"closed","ping_status":"closed","post_password":"","post_name":"beascoa","to_ping":"","pinged":"","post_modified":"2022-07-28 17:45:46","post_modified_gmt":"2022-07-28 15:45:46","post_content_filtered":"","post_parent":0,"guid":"http:\/\/dev.claret.cat\/editorial\/beascoa\/","menu_order":0,"post_type":"editorial","post_mime_type":"","comment_count":"0","filter":"raw"}],"autores-libros":[{"ID":155252,"post_author":"3","post_date":"2022-10-14 15:11:21","post_date_gmt":"2022-10-14 13:11:21","post_content":"","post_title":"ERIC CARLE","post_excerpt":"","post_status":"publish","comment_status":"closed","ping_status":"closed","post_password":"","post_name":"eric-carle","to_ping":"","pinged":"","post_modified":"2022-10-14 15:11:21","post_modified_gmt":"2022-10-14 13:11:21","post_content_filtered":"","post_parent":0,"guid":"http:\/\/dev.claret.cat\/autor\/eric-carle\/","menu_order":0,"post_type":"autor","post_mime_type":"","comment_count":"0","filter":"raw"}]},"aioseo_notices":[],"_links":{"self":[{"href":"https:\/\/www.claret.cat\/es\/wp-json\/wp\/v2\/product\/885890","targetHints":{"allow":["GET"]}}],"collection":[{"href":"https:\/\/www.claret.cat\/es\/wp-json\/wp\/v2\/product"}],"about":[{"href":"https:\/\/www.claret.cat\/es\/wp-json\/wp\/v2\/types\/product"}],"wp:featuredmedia":[{"embeddable":true,"href":"https:\/\/www.claret.cat\/es\/wp-json\/wp\/v2\/media\/885891"}],"wp:attachment":[{"href":"https:\/\/www.claret.cat\/es\/wp-json\/wp\/v2\/media?parent=885890"}],"wp:term":[{"taxonomy":"product_brand","embeddable":true,"href":"https:\/\/www.claret.cat\/es\/wp-json\/wp\/v2\/product_brand?post=885890"},{"taxonomy":"product_cat","embeddable":true,"href":"https:\/\/www.claret.cat\/es\/wp-json\/wp\/v2\/product_cat?post=885890"},{"taxonomy":"product_tag","embeddable":true,"href":"https:\/\/www.claret.cat\/es\/wp-json\/wp\/v2\/product_tag?post=885890"}],"curies":[{"name":"wp","href":"https:\/\/api.w.org\/{rel}","templated":true}]}}