{"id":885896,"date":"2023-10-25T17:47:54","date_gmt":"2023-10-25T15:47:54","guid":{"rendered":"https:\/\/www.claret.cat\/llibre\/los-juegos-del-hambre-1-los-juegos-del-hambre-9788413144856\/"},"modified":"2026-03-31T18:05:07","modified_gmt":"2026-03-31T16:05:07","slug":"los-juegos-del-hambre-1-los-juegos-del-hambre-9788413144856","status":"publish","type":"product","link":"https:\/\/www.claret.cat\/es\/libro\/los-juegos-del-hambre-1-los-juegos-del-hambre-9788413144856\/","title":{"rendered":"LOS JUEGOS DEL HAMBRE 1 &#8211; LOS JUEGOS DEL HAMBRE"},"content":{"rendered":"<p>El mundo est\u00e1 observando. Ganar significa fama y riqueza. Perder significa una muerte segura.  \u00a1Que empiecen los septuag\u00e9simo cuartos juegos del hambre!  LA SAGA CON M\u00c1S DE 100 MILLONES DE LIBROS VENDIDOS EN TODO EL MUNDO. En una oscura versi\u00f3n del futuro pr\u00f3ximo, doce chicos y doce chicas se ven obligados a participar en un reality show llamado Los Juegos del Hambre. Solo hay una regla: matar o morir. Cuando Katniss Everdeen, una joven de diecis\u00e9is a\u00f1os se presenta voluntaria para ocupar el lugar de su hermana en los juegos, lo entiende como una condena a muerte. Sin embargo, Katniss ya ha visto la muerte de cerca y la supervivencia forma parte de su naturaleza.Rese\u00f1as:<br \/>\u00abNo pude parar de leer&#8230; Este libro es adictivo\u00bb.<br \/>Stephen King \u00abLos Juegos del Hambre es incre\u00edble\u00bb. Stephenie Meyer<\/p>\n","protected":false},"excerpt":{"rendered":"<p>COLLINS, SUZANNE<\/p>\n","protected":false},"featured_media":885897,"template":"","meta":{"_acf_changed":false,"om_disable_all_campaigns":false,"rs_blank_template":"","rs_page_bg_color":"","slide_template_v7":"","inline_featured_image":false,"_monsterinsights_skip_tracking":false,"_monsterinsights_sitenote_active":false,"_monsterinsights_sitenote_note":"","_monsterinsights_sitenote_category":0},"product_brand":[],"product_cat":[133,566,117,363],"product_tag":[],"class_list":{"0":"post-885896","1":"product","2":"type-product","3":"status-publish","4":"has-post-thumbnail","6":"product_cat-lectures-per-adolescents-12-18-anys","7":"product_cat-juvenil-3_infantil-juvenil-spa-spa","8":"product_cat-juvenil","9":"product_cat-lecturas-por-adolescentes-12-18-anos","11":"first","12":"instock","13":"taxable","14":"shipping-taxable","15":"purchasable","16":"product-type-simple"},"acf":{"autor":"COLLINS, SUZANNE","codart":"841314485","libros-coleccion":"FORA DE COL.LECCI\u00d3","ediciones":"1","encuadernacion":"R\u00fastica","fecha_de_publicacion":"01\/03\/2022","novedad":"1","paginas":"396","subtitulo":"","orden":"0","portada":"0","idioma":"spa","editorial":[{"ID":6137,"post_author":"3","post_date":"2022-07-28 17:45:41","post_date_gmt":"2022-07-28 15:45:41","post_content":"","post_title":"B de Bolsillo","post_excerpt":"","post_status":"publish","comment_status":"closed","ping_status":"closed","post_password":"","post_name":"b-de-bolsillo","to_ping":"","pinged":"","post_modified":"2022-07-28 17:45:41","post_modified_gmt":"2022-07-28 15:45:41","post_content_filtered":"","post_parent":0,"guid":"http:\/\/dev.claret.cat\/editorial\/b-de-bolsillo\/","menu_order":0,"post_type":"editorial","post_mime_type":"","comment_count":"0","filter":"raw"}],"autores-libros":[{"ID":170004,"post_author":"3","post_date":"2022-10-14 22:31:46","post_date_gmt":"2022-10-14 20:31:46","post_content":"","post_title":"SUZANNE COLLINS","post_excerpt":"","post_status":"publish","comment_status":"closed","ping_status":"closed","post_password":"","post_name":"suzanne-collins","to_ping":"","pinged":"","post_modified":"2022-10-14 22:31:46","post_modified_gmt":"2022-10-14 20:31:46","post_content_filtered":"","post_parent":0,"guid":"http:\/\/dev.claret.cat\/autor\/suzanne-collins\/","menu_order":0,"post_type":"autor","post_mime_type":"","comment_count":"0","filter":"raw"}],"booktrailer":"","resenas":""},"aioseo_notices":[],"_links":{"self":[{"href":"https:\/\/www.claret.cat\/es\/wp-json\/wp\/v2\/product\/885896","targetHints":{"allow":["GET"]}}],"collection":[{"href":"https:\/\/www.claret.cat\/es\/wp-json\/wp\/v2\/product"}],"about":[{"href":"https:\/\/www.claret.cat\/es\/wp-json\/wp\/v2\/types\/product"}],"wp:featuredmedia":[{"embeddable":true,"href":"https:\/\/www.claret.cat\/es\/wp-json\/wp\/v2\/media\/885897"}],"wp:attachment":[{"href":"https:\/\/www.claret.cat\/es\/wp-json\/wp\/v2\/media?parent=885896"}],"wp:term":[{"taxonomy":"product_brand","embeddable":true,"href":"https:\/\/www.claret.cat\/es\/wp-json\/wp\/v2\/product_brand?post=885896"},{"taxonomy":"product_cat","embeddable":true,"href":"https:\/\/www.claret.cat\/es\/wp-json\/wp\/v2\/product_cat?post=885896"},{"taxonomy":"product_tag","embeddable":true,"href":"https:\/\/www.claret.cat\/es\/wp-json\/wp\/v2\/product_tag?post=885896"}],"curies":[{"name":"wp","href":"https:\/\/api.w.org\/{rel}","templated":true}]}}