{"id":885899,"date":"2023-10-25T17:48:13","date_gmt":"2023-10-25T15:48:13","guid":{"rendered":"https:\/\/www.claret.cat\/llibre\/los-juegos-del-hambre-2-en-llamas-9788413144863\/"},"modified":"2026-03-31T18:05:15","modified_gmt":"2026-03-31T16:05:15","slug":"los-juegos-del-hambre-2-en-llamas-9788413144863","status":"publish","type":"product","link":"https:\/\/www.claret.cat\/es\/libro\/los-juegos-del-hambre-2-en-llamas-9788413144863\/","title":{"rendered":"LOS JUEGOS DEL HAMBRE 2 &#8211; EN LLAMAS"},"content":{"rendered":"<p>Suzanne Collins contin\u00faa la incre\u00edble historia de Katniss Everdeen en la fenomenal trilog\u00eda de \u00abLos Juegos del Hambre\u00bb.  LA SAGA CON M\u00c1S DE 100 MILLONES DE LIBROS VENDIDOS EN TODO EL MUNDO. Katniss Everdeen ha sobrevivido a Los juegos del hambre. Pero el Capitolio quiere venganza. Contra todo pron\u00f3stico, Katniss Everdeen y Peeta Mellark siguen vivos. Aunque Katniss deber\u00eda sentirse aliviada, se rumorea que existe una rebeli\u00f3n contra el Capitolio, una rebeli\u00f3n que puede que Katniss y Peeta hayan ayudado a inspirar. La naci\u00f3n les observa y hay mucho en juego. Un movimiento en falso y las consecuencias ser\u00e1n inimaginables.Rese\u00f1as:<br \/>\u00abNo pude parar de leer&#8230; Este libro es adictivo\u00bb.<br \/>Stephen King \u00abMientras Katniss mata con finura, Collins escribe con una fuerza inusitada\u00bb. Time Magazine<\/p>\n","protected":false},"excerpt":{"rendered":"<p>COLLINS, SUZANNE<\/p>\n","protected":false},"featured_media":885900,"template":"","meta":{"_acf_changed":false,"om_disable_all_campaigns":false,"rs_blank_template":"","rs_page_bg_color":"","slide_template_v7":"","inline_featured_image":false,"_monsterinsights_skip_tracking":false,"_monsterinsights_sitenote_active":false,"_monsterinsights_sitenote_note":"","_monsterinsights_sitenote_category":0},"product_brand":[],"product_cat":[90,540],"product_tag":[],"class_list":{"0":"post-885899","1":"product","2":"type-product","3":"status-publish","4":"has-post-thumbnail","6":"product_cat-altres","7":"product_cat-otros","9":"first","10":"instock","11":"taxable","12":"shipping-taxable","13":"purchasable","14":"product-type-simple"},"acf":{"autor":"COLLINS, SUZANNE","codart":"841314486","libros-coleccion":"FORA DE COL.LECCI\u00d3","ediciones":"1","encuadernacion":"R\u00fastica","fecha_de_publicacion":"01\/03\/2022","novedad":"1","paginas":"407","subtitulo":"","orden":"0","portada":"0","idioma":"spa","editorial":[{"ID":6137,"post_author":"3","post_date":"2022-07-28 17:45:41","post_date_gmt":"2022-07-28 15:45:41","post_content":"","post_title":"B de Bolsillo","post_excerpt":"","post_status":"publish","comment_status":"closed","ping_status":"closed","post_password":"","post_name":"b-de-bolsillo","to_ping":"","pinged":"","post_modified":"2022-07-28 17:45:41","post_modified_gmt":"2022-07-28 15:45:41","post_content_filtered":"","post_parent":0,"guid":"http:\/\/dev.claret.cat\/editorial\/b-de-bolsillo\/","menu_order":0,"post_type":"editorial","post_mime_type":"","comment_count":"0","filter":"raw"}],"autores-libros":[{"ID":170004,"post_author":"3","post_date":"2022-10-14 22:31:46","post_date_gmt":"2022-10-14 20:31:46","post_content":"","post_title":"SUZANNE COLLINS","post_excerpt":"","post_status":"publish","comment_status":"closed","ping_status":"closed","post_password":"","post_name":"suzanne-collins","to_ping":"","pinged":"","post_modified":"2022-10-14 22:31:46","post_modified_gmt":"2022-10-14 20:31:46","post_content_filtered":"","post_parent":0,"guid":"http:\/\/dev.claret.cat\/autor\/suzanne-collins\/","menu_order":0,"post_type":"autor","post_mime_type":"","comment_count":"0","filter":"raw"}],"booktrailer":"","resenas":""},"aioseo_notices":[],"_links":{"self":[{"href":"https:\/\/www.claret.cat\/es\/wp-json\/wp\/v2\/product\/885899","targetHints":{"allow":["GET"]}}],"collection":[{"href":"https:\/\/www.claret.cat\/es\/wp-json\/wp\/v2\/product"}],"about":[{"href":"https:\/\/www.claret.cat\/es\/wp-json\/wp\/v2\/types\/product"}],"wp:featuredmedia":[{"embeddable":true,"href":"https:\/\/www.claret.cat\/es\/wp-json\/wp\/v2\/media\/885900"}],"wp:attachment":[{"href":"https:\/\/www.claret.cat\/es\/wp-json\/wp\/v2\/media?parent=885899"}],"wp:term":[{"taxonomy":"product_brand","embeddable":true,"href":"https:\/\/www.claret.cat\/es\/wp-json\/wp\/v2\/product_brand?post=885899"},{"taxonomy":"product_cat","embeddable":true,"href":"https:\/\/www.claret.cat\/es\/wp-json\/wp\/v2\/product_cat?post=885899"},{"taxonomy":"product_tag","embeddable":true,"href":"https:\/\/www.claret.cat\/es\/wp-json\/wp\/v2\/product_tag?post=885899"}],"curies":[{"name":"wp","href":"https:\/\/api.w.org\/{rel}","templated":true}]}}