{"id":885902,"date":"2023-10-25T17:51:21","date_gmt":"2023-10-25T15:51:21","guid":{"rendered":"https:\/\/www.claret.cat\/llibre\/los-juegos-del-hambre-balada-de-pajaros-cantores-y-serpientes-edicion-especia-9788413146263\/"},"modified":"2024-02-27T17:40:14","modified_gmt":"2024-02-27T16:40:14","slug":"los-juegos-del-hambre-balada-de-pajaros-cantores-y-serpientes-edicion-especia-9788413146263","status":"publish","type":"product","link":"https:\/\/www.claret.cat\/es\/libro\/los-juegos-del-hambre-balada-de-pajaros-cantores-y-serpientes-edicion-especia-9788413146263\/","title":{"rendered":"LOS JUEGOS DEL HAMBRE &#8211; BALADA DE P\u00c1JAROS CANTORES Y SERPIENTES (EDICI\u00d3N ESPECIA"},"content":{"rendered":"<p>La ambici\u00f3n ser\u00e1 su motor. La rivalidad, su motivaci\u00f3n. Pero alcanzar el poder tiene un precio.  La precuela de \u00abLos Juegos del Hambre\u00bb.  LA SAGA CON M\u00c1S DE 100 MILLONES DE LIBROS VENDIDOS EN TODO EL MUNDO. Es la ma\u00f1ana de la cosecha que dar\u00e1 comienzo a los d\u00e9cimos Juegos del Hambre. En el Capitolio, Coriolanus Snow, de dieciocho a\u00f1os, se prepara para una oportunidad \u00fanica: alcanzar la gloria como mentor de los Juegos. La casa de los Snow, antes tan influyente, atraviesa tiempos dif\u00edciles, y su destino depende de que Coriolanus consiga superar a sus compa\u00f1eros en ingenio, estrategia y encanto como mentor del tributo que le sea adjudicado. Todo est\u00e1 en su contra&#8230;La cr\u00edtica ha dicho:<br \/>\u00abEl mayor acierto de la saga consiste en reunir la esencia de 1984, la intensidad de La naranja mec\u00e1nica, la fantas\u00eda de Las cr\u00f3nicas de Narnia y la inventiva de Harry Potter\u00bb. The New York Times<\/p>\n","protected":false},"excerpt":{"rendered":"<p>COLLINS, SUZANNE<\/p>\n","protected":false},"featured_media":885903,"template":"","meta":{"_acf_changed":false,"om_disable_all_campaigns":false,"rs_blank_template":"","rs_page_bg_color":"","slide_template_v7":"","inline_featured_image":false,"_monsterinsights_skip_tracking":false,"_monsterinsights_sitenote_active":false,"_monsterinsights_sitenote_note":"","_monsterinsights_sitenote_category":0},"product_brand":[],"product_cat":[133,566,117,363],"product_tag":[],"class_list":{"0":"post-885902","1":"product","2":"type-product","3":"status-publish","4":"has-post-thumbnail","6":"product_cat-lectures-per-adolescents-12-18-anys","7":"product_cat-juvenil-3_infantil-juvenil-spa-spa","8":"product_cat-juvenil","9":"product_cat-lecturas-por-adolescentes-12-18-anos","11":"first","12":"instock","13":"taxable","14":"shipping-taxable","15":"purchasable","16":"product-type-simple"},"acf":{"autor":"COLLINS, SUZANNE","codart":"841314626","libros-coleccion":"Ficci\u00f3n","ediciones":"1","encuadernacion":"R\u00fastica","fecha_de_publicacion":"01\/10\/2023","novedad":"1","paginas":"587","subtitulo":"","orden":"0","portada":"0","idioma":"spa","editorial":[{"ID":6137,"post_author":"3","post_date":"2022-07-28 17:45:41","post_date_gmt":"2022-07-28 15:45:41","post_content":"","post_title":"B de Bolsillo","post_excerpt":"","post_status":"publish","comment_status":"closed","ping_status":"closed","post_password":"","post_name":"b-de-bolsillo","to_ping":"","pinged":"","post_modified":"2022-07-28 17:45:41","post_modified_gmt":"2022-07-28 15:45:41","post_content_filtered":"","post_parent":0,"guid":"http:\/\/dev.claret.cat\/editorial\/b-de-bolsillo\/","menu_order":0,"post_type":"editorial","post_mime_type":"","comment_count":"0","filter":"raw"}],"autores-libros":[{"ID":170004,"post_author":"3","post_date":"2022-10-14 22:31:46","post_date_gmt":"2022-10-14 20:31:46","post_content":"","post_title":"SUZANNE COLLINS","post_excerpt":"","post_status":"publish","comment_status":"closed","ping_status":"closed","post_password":"","post_name":"suzanne-collins","to_ping":"","pinged":"","post_modified":"2022-10-14 22:31:46","post_modified_gmt":"2022-10-14 20:31:46","post_content_filtered":"","post_parent":0,"guid":"http:\/\/dev.claret.cat\/autor\/suzanne-collins\/","menu_order":0,"post_type":"autor","post_mime_type":"","comment_count":"0","filter":"raw"}]},"aioseo_notices":[],"_links":{"self":[{"href":"https:\/\/www.claret.cat\/es\/wp-json\/wp\/v2\/product\/885902","targetHints":{"allow":["GET"]}}],"collection":[{"href":"https:\/\/www.claret.cat\/es\/wp-json\/wp\/v2\/product"}],"about":[{"href":"https:\/\/www.claret.cat\/es\/wp-json\/wp\/v2\/types\/product"}],"wp:featuredmedia":[{"embeddable":true,"href":"https:\/\/www.claret.cat\/es\/wp-json\/wp\/v2\/media\/885903"}],"wp:attachment":[{"href":"https:\/\/www.claret.cat\/es\/wp-json\/wp\/v2\/media?parent=885902"}],"wp:term":[{"taxonomy":"product_brand","embeddable":true,"href":"https:\/\/www.claret.cat\/es\/wp-json\/wp\/v2\/product_brand?post=885902"},{"taxonomy":"product_cat","embeddable":true,"href":"https:\/\/www.claret.cat\/es\/wp-json\/wp\/v2\/product_cat?post=885902"},{"taxonomy":"product_tag","embeddable":true,"href":"https:\/\/www.claret.cat\/es\/wp-json\/wp\/v2\/product_tag?post=885902"}],"curies":[{"name":"wp","href":"https:\/\/api.w.org\/{rel}","templated":true}]}}