{"id":885905,"date":"2023-10-25T17:52:26","date_gmt":"2023-10-25T15:52:26","guid":{"rendered":"https:\/\/www.claret.cat\/llibre\/los-juegos-del-hambre-4-balada-de-pajaros-cantores-y-serpientes-edicion-espec-9788427238695\/"},"modified":"2025-04-07T11:40:36","modified_gmt":"2025-04-07T09:40:36","slug":"los-juegos-del-hambre-4-balada-de-pajaros-cantores-y-serpientes-edicion-espec-9788427238695","status":"publish","type":"product","link":"https:\/\/www.claret.cat\/es\/libro\/los-juegos-del-hambre-4-balada-de-pajaros-cantores-y-serpientes-edicion-espec-9788427238695\/","title":{"rendered":"LOS JUEGOS DEL HAMBRE 4 &#8211; BALADA DE P\u00c1JAROS CANTORES Y SERPIENTES (EDICI\u00d3N ESPEC"},"content":{"rendered":"<p>Es la ma\u00f1ana de la cosecha que dar\u00e1 comienzo a los d\u00e9cimos Juegos del Hambre. En el Capitolio, Coriolanus Snow, de dieciocho a\u00f1os, se prepara para una oportunidad \u00fanica: alcanzar la gloria como mentor de los Juegos. La casa de los Snow, antes tan in?uyente, atraviesa tiempos dif\u00edciles, y su destino depende de que Coriolanus consiga superar a sus compa\u00f1eros en ingenio, estrategia y encanto como mentor del tributo que le sea adjudicado. Todo est\u00e1 en su contra. Lo han humillado al asignarle a la tributo del Distrito 12. Ahora, sus destinos est\u00e1n irremediablemente unidos&#8230;<\/p>\n","protected":false},"excerpt":{"rendered":"<p>COLLINS, SUZANNE<\/p>\n","protected":false},"featured_media":885906,"template":"","meta":{"_acf_changed":false,"om_disable_all_campaigns":false,"rs_blank_template":"","rs_page_bg_color":"","slide_template_v7":"","inline_featured_image":false,"_monsterinsights_skip_tracking":false,"_monsterinsights_sitenote_active":false,"_monsterinsights_sitenote_note":"","_monsterinsights_sitenote_category":0},"product_brand":[],"product_cat":[90,540],"product_tag":[],"class_list":{"0":"post-885905","1":"product","2":"type-product","3":"status-publish","4":"has-post-thumbnail","6":"product_cat-altres","7":"product_cat-otros","9":"first","10":"instock","11":"taxable","12":"shipping-taxable","13":"purchasable","14":"product-type-simple"},"acf":{"autor":"COLLINS, SUZANNE","codart":"842723869","libros-coleccion":"FORA DE COL.LECCI\u00d3","ediciones":"1","encuadernacion":"Carton\u00e9","fecha_de_publicacion":"01\/10\/2023","novedad":"1","paginas":"587","subtitulo":"","orden":"0","portada":"0","idioma":"spa","editorial":[{"ID":6346,"post_author":"3","post_date":"2022-07-28 17:50:13","post_date_gmt":"2022-07-28 15:50:13","post_content":"","post_title":"RBA Molino","post_excerpt":"","post_status":"publish","comment_status":"closed","ping_status":"closed","post_password":"","post_name":"rba-molino","to_ping":"","pinged":"","post_modified":"2022-07-28 17:50:13","post_modified_gmt":"2022-07-28 15:50:13","post_content_filtered":"","post_parent":0,"guid":"http:\/\/dev.claret.cat\/editorial\/rba-molino\/","menu_order":0,"post_type":"editorial","post_mime_type":"","comment_count":"0","filter":"raw"}],"autores-libros":[{"ID":170004,"post_author":"3","post_date":"2022-10-14 22:31:46","post_date_gmt":"2022-10-14 20:31:46","post_content":"","post_title":"SUZANNE COLLINS","post_excerpt":"","post_status":"publish","comment_status":"closed","ping_status":"closed","post_password":"","post_name":"suzanne-collins","to_ping":"","pinged":"","post_modified":"2022-10-14 22:31:46","post_modified_gmt":"2022-10-14 20:31:46","post_content_filtered":"","post_parent":0,"guid":"http:\/\/dev.claret.cat\/autor\/suzanne-collins\/","menu_order":0,"post_type":"autor","post_mime_type":"","comment_count":"0","filter":"raw"}]},"aioseo_notices":[],"_links":{"self":[{"href":"https:\/\/www.claret.cat\/es\/wp-json\/wp\/v2\/product\/885905","targetHints":{"allow":["GET"]}}],"collection":[{"href":"https:\/\/www.claret.cat\/es\/wp-json\/wp\/v2\/product"}],"about":[{"href":"https:\/\/www.claret.cat\/es\/wp-json\/wp\/v2\/types\/product"}],"wp:featuredmedia":[{"embeddable":true,"href":"https:\/\/www.claret.cat\/es\/wp-json\/wp\/v2\/media\/885906"}],"wp:attachment":[{"href":"https:\/\/www.claret.cat\/es\/wp-json\/wp\/v2\/media?parent=885905"}],"wp:term":[{"taxonomy":"product_brand","embeddable":true,"href":"https:\/\/www.claret.cat\/es\/wp-json\/wp\/v2\/product_brand?post=885905"},{"taxonomy":"product_cat","embeddable":true,"href":"https:\/\/www.claret.cat\/es\/wp-json\/wp\/v2\/product_cat?post=885905"},{"taxonomy":"product_tag","embeddable":true,"href":"https:\/\/www.claret.cat\/es\/wp-json\/wp\/v2\/product_tag?post=885905"}],"curies":[{"name":"wp","href":"https:\/\/api.w.org\/{rel}","templated":true}]}}