{"id":885908,"date":"2023-10-25T17:53:07","date_gmt":"2023-10-25T15:53:07","guid":{"rendered":"https:\/\/www.claret.cat\/llibre\/los-juegos-del-hambre-3-sinsajo-9788413144870\/"},"modified":"2026-04-23T15:45:19","modified_gmt":"2026-04-23T13:45:19","slug":"los-juegos-del-hambre-3-sinsajo-9788413144870","status":"publish","type":"product","link":"https:\/\/www.claret.cat\/es\/libro\/los-juegos-del-hambre-3-sinsajo-9788413144870\/","title":{"rendered":"LOS JUEGOS DEL HAMBRE 3 &#8211; SINSAJO"},"content":{"rendered":"<p>El esperado desenlace de la espectacular historia de Katniss Everdeen en la incre\u00edble trilog\u00eda de \u00abLos Juegos del Hambre\u00bb.  LA SAGA CON M\u00c1S DE 100 MILLONES DE LIBROS VENDIDOS EN TODO EL MUNDO. Katniss Everdeen ha sobrevivido dos veces a los Juegos del Hambre, pero no est\u00e1 a salvo. La revoluci\u00f3n se extiende y, al parecer, todos han tenido algo que ver en el meticuloso plan, todos excepto Katniss.Aun as\u00ed su papel en la batalla final es el m\u00e1s importante de todos. Katniss debe convertirse en el Sinsajo, en el s\u00edmbolo de la rebeli\u00f3n&#8230; a cualquier precio.La cr\u00edtica ha dicho:<br \/>\u00abEl desenlace de la trilog\u00eda Los Juegos del Hambre de Collin consigue una haza\u00f1a muy poco com\u00fan, la \u00faltima entrega es la mejor\u00bb.<br \/>Publishers Weekly<\/p>\n","protected":false},"excerpt":{"rendered":"<p>COLLINS, SUZANNE<\/p>\n","protected":false},"featured_media":885909,"template":"","meta":{"_acf_changed":false,"om_disable_all_campaigns":false,"rs_blank_template":"","rs_page_bg_color":"","slide_template_v7":"","inline_featured_image":false,"_monsterinsights_skip_tracking":false,"_monsterinsights_sitenote_active":false,"_monsterinsights_sitenote_note":"","_monsterinsights_sitenote_category":0},"product_brand":[],"product_cat":[133,117,566,363],"product_tag":[],"class_list":{"0":"post-885908","1":"product","2":"type-product","3":"status-publish","4":"has-post-thumbnail","6":"product_cat-lectures-per-adolescents-12-18-anys","7":"product_cat-juvenil","8":"product_cat-juvenil-3_infantil-juvenil-spa-spa","9":"product_cat-lecturas-por-adolescentes-12-18-anos","11":"first","12":"instock","13":"taxable","14":"shipping-taxable","15":"purchasable","16":"product-type-simple"},"acf":{"autor":"COLLINS, SUZANNE","codart":"841314487","libros-coleccion":"Primera P\u00e1gina","ediciones":"1","encuadernacion":"R\u00fastica","fecha_de_publicacion":"01\/03\/2022","novedad":"1","paginas":"421","subtitulo":"","orden":"0","portada":"0","idioma":"spa","editorial":[{"ID":6137,"post_author":"3","post_date":"2022-07-28 17:45:41","post_date_gmt":"2022-07-28 15:45:41","post_content":"","post_title":"B de Bolsillo","post_excerpt":"","post_status":"publish","comment_status":"closed","ping_status":"closed","post_password":"","post_name":"b-de-bolsillo","to_ping":"","pinged":"","post_modified":"2022-07-28 17:45:41","post_modified_gmt":"2022-07-28 15:45:41","post_content_filtered":"","post_parent":0,"guid":"http:\/\/dev.claret.cat\/editorial\/b-de-bolsillo\/","menu_order":0,"post_type":"editorial","post_mime_type":"","comment_count":"0","filter":"raw"}],"autores-libros":[{"ID":170004,"post_author":"3","post_date":"2022-10-14 22:31:46","post_date_gmt":"2022-10-14 20:31:46","post_content":"","post_title":"SUZANNE COLLINS","post_excerpt":"","post_status":"publish","comment_status":"closed","ping_status":"closed","post_password":"","post_name":"suzanne-collins","to_ping":"","pinged":"","post_modified":"2022-10-14 22:31:46","post_modified_gmt":"2022-10-14 20:31:46","post_content_filtered":"","post_parent":0,"guid":"http:\/\/dev.claret.cat\/autor\/suzanne-collins\/","menu_order":0,"post_type":"autor","post_mime_type":"","comment_count":"0","filter":"raw"}],"booktrailer":"","resenas":""},"aioseo_notices":[],"_links":{"self":[{"href":"https:\/\/www.claret.cat\/es\/wp-json\/wp\/v2\/product\/885908","targetHints":{"allow":["GET"]}}],"collection":[{"href":"https:\/\/www.claret.cat\/es\/wp-json\/wp\/v2\/product"}],"about":[{"href":"https:\/\/www.claret.cat\/es\/wp-json\/wp\/v2\/types\/product"}],"wp:featuredmedia":[{"embeddable":true,"href":"https:\/\/www.claret.cat\/es\/wp-json\/wp\/v2\/media\/885909"}],"wp:attachment":[{"href":"https:\/\/www.claret.cat\/es\/wp-json\/wp\/v2\/media?parent=885908"}],"wp:term":[{"taxonomy":"product_brand","embeddable":true,"href":"https:\/\/www.claret.cat\/es\/wp-json\/wp\/v2\/product_brand?post=885908"},{"taxonomy":"product_cat","embeddable":true,"href":"https:\/\/www.claret.cat\/es\/wp-json\/wp\/v2\/product_cat?post=885908"},{"taxonomy":"product_tag","embeddable":true,"href":"https:\/\/www.claret.cat\/es\/wp-json\/wp\/v2\/product_tag?post=885908"}],"curies":[{"name":"wp","href":"https:\/\/api.w.org\/{rel}","templated":true}]}}