{"id":885917,"date":"2023-10-25T17:56:35","date_gmt":"2023-10-25T15:56:35","guid":{"rendered":"https:\/\/www.claret.cat\/llibre\/la-cuca-de-llum-solitaria-colleccio-eric-carle-9788448864927\/"},"modified":"2023-10-25T18:54:43","modified_gmt":"2023-10-25T16:54:43","slug":"la-cuca-de-llum-solitaria-colleccio-eric-carle-9788448864927","status":"publish","type":"product","link":"https:\/\/www.claret.cat\/es\/libro\/la-cuca-de-llum-solitaria-colleccio-eric-carle-9788448864927\/","title":{"rendered":"LA CUCA DE LLUM SOLIT\u00c0RIA (COL\u00b7LECCI\u00d3 ERIC CARLE)"},"content":{"rendered":"<p>Un preci\u00f3s conte de l&#8217;Eric Carle sobre trobar el nostre lloc i estar amb els que ens importen. Quan una cuca de llum molt solit\u00e0ria s&#8217;endinsa en el cel nocturn a la recerca d&#8217;altres cuques de llum amigues, topa amb un munt de llums diferents: un fanal, una espelma, els ulls d&#8217;altres animals\u2026 Acabar\u00e0 trobant altres cuques de llum com ella? Aquesta \u00e9s una aventura preciosa que mostra una de les meravelles de la natura i que celebra l&#8217;alegria d&#8217;estar juntament amb els que volem. Un llibre que explica la hist\u00f2ria d&#8217;un animal petit i prodigi\u00f3s amb tendresa i saviesa, i que enamorar\u00e0 els fans del c\u00e8lebre escriptor i il\u00b7lustrador Eric Carle.<\/p>\n","protected":false},"excerpt":{"rendered":"<p>CARLE, ERIC<\/p>\n","protected":false},"featured_media":885918,"template":"","meta":{"_acf_changed":false,"om_disable_all_campaigns":false,"rs_blank_template":"","rs_page_bg_color":"","slide_template_v7":"","inline_featured_image":false,"_monsterinsights_skip_tracking":false,"_monsterinsights_sitenote_active":false,"_monsterinsights_sitenote_note":"","_monsterinsights_sitenote_category":0},"product_brand":[],"product_cat":[131,361],"product_tag":[],"class_list":{"0":"post-885917","1":"product","2":"type-product","3":"status-publish","4":"has-post-thumbnail","6":"product_cat-contes-per-infants-0-6-anys","7":"product_cat-cuentos-para-ninos-0-6-anos","9":"first","10":"instock","11":"taxable","12":"shipping-taxable","13":"purchasable","14":"product-type-simple"},"acf":{"autor":"CARLE, ERIC","codart":"844886492","libros-coleccion":"","ediciones":"1","encuadernacion":"Carpeta","fecha_de_publicacion":"01\/10\/2023","novedad":"1","paginas":"26","subtitulo":"","orden":"0","portada":"0","idioma":"cat","editorial":[{"ID":6141,"post_author":"3","post_date":"2022-07-28 17:45:46","post_date_gmt":"2022-07-28 15:45:46","post_content":"","post_title":"BEASCOA","post_excerpt":"","post_status":"publish","comment_status":"closed","ping_status":"closed","post_password":"","post_name":"beascoa","to_ping":"","pinged":"","post_modified":"2022-07-28 17:45:46","post_modified_gmt":"2022-07-28 15:45:46","post_content_filtered":"","post_parent":0,"guid":"http:\/\/dev.claret.cat\/editorial\/beascoa\/","menu_order":0,"post_type":"editorial","post_mime_type":"","comment_count":"0","filter":"raw"}],"autores-libros":[{"ID":155252,"post_author":"3","post_date":"2022-10-14 15:11:21","post_date_gmt":"2022-10-14 13:11:21","post_content":"","post_title":"ERIC CARLE","post_excerpt":"","post_status":"publish","comment_status":"closed","ping_status":"closed","post_password":"","post_name":"eric-carle","to_ping":"","pinged":"","post_modified":"2022-10-14 15:11:21","post_modified_gmt":"2022-10-14 13:11:21","post_content_filtered":"","post_parent":0,"guid":"http:\/\/dev.claret.cat\/autor\/eric-carle\/","menu_order":0,"post_type":"autor","post_mime_type":"","comment_count":"0","filter":"raw"}]},"aioseo_notices":[],"_links":{"self":[{"href":"https:\/\/www.claret.cat\/es\/wp-json\/wp\/v2\/product\/885917","targetHints":{"allow":["GET"]}}],"collection":[{"href":"https:\/\/www.claret.cat\/es\/wp-json\/wp\/v2\/product"}],"about":[{"href":"https:\/\/www.claret.cat\/es\/wp-json\/wp\/v2\/types\/product"}],"wp:featuredmedia":[{"embeddable":true,"href":"https:\/\/www.claret.cat\/es\/wp-json\/wp\/v2\/media\/885918"}],"wp:attachment":[{"href":"https:\/\/www.claret.cat\/es\/wp-json\/wp\/v2\/media?parent=885917"}],"wp:term":[{"taxonomy":"product_brand","embeddable":true,"href":"https:\/\/www.claret.cat\/es\/wp-json\/wp\/v2\/product_brand?post=885917"},{"taxonomy":"product_cat","embeddable":true,"href":"https:\/\/www.claret.cat\/es\/wp-json\/wp\/v2\/product_cat?post=885917"},{"taxonomy":"product_tag","embeddable":true,"href":"https:\/\/www.claret.cat\/es\/wp-json\/wp\/v2\/product_tag?post=885917"}],"curies":[{"name":"wp","href":"https:\/\/api.w.org\/{rel}","templated":true}]}}