{"id":885967,"date":"2023-10-25T18:33:44","date_gmt":"2023-10-25T16:33:44","guid":{"rendered":"https:\/\/www.claret.cat\/llibre\/aura-la-dinosaure-9788419650047\/"},"modified":"2026-04-07T12:33:58","modified_gmt":"2026-04-07T10:33:58","slug":"aura-la-dinosaure-9788419650047","status":"publish","type":"product","link":"https:\/\/www.claret.cat\/es\/libro\/aura-la-dinosaure-9788419650047\/","title":{"rendered":"AURA LA DINOSAURE"},"content":{"rendered":"<p>Aquesta \u00e9s la hist\u00f2ria de l&#8217;Aura, una hist\u00f2ria que tamb\u00e9 \u00e9s una can\u00e7\u00f3. L&#8217;Aura \u00e9s una dinosaure amb un desig molt gran: con\u00e8ixer tots els seus amics de fa milers de milions d&#8217;anys! Un llibre ple d&#8217;emocions amb el qual els m\u00e9s petits de la casa donaran les primeres passes al m\u00f3n de la lectura mentres juguen, canten i ballen amb El Pot Petit! El m\u00f3n de les can\u00e7ons de El Pot Petit \u00e9s l&#8217;univers dels m\u00e9s petits, que ara podran gaudir de totes les seves hist\u00f2ries amb un llibre il\u00b7lustrat a tot color. Amb les aventures dels seus personatges m\u00e9s estimats, L&#8217;Aura, la dinosaure presenta una nova manera de treballar les emocions i destaca el valor de l&#8217;amistat i la solidaritat en un format l\u00fadic. Descobreix els contes de El Pot Petit!<\/p>\n","protected":false},"excerpt":{"rendered":"<p>EL POT PETIT<\/p>\n","protected":false},"featured_media":1057611,"template":"","meta":{"_acf_changed":false,"om_disable_all_campaigns":false,"rs_blank_template":"","rs_page_bg_color":"","slide_template_v7":"","inline_featured_image":false,"_monsterinsights_skip_tracking":false,"_monsterinsights_sitenote_active":false,"_monsterinsights_sitenote_note":"","_monsterinsights_sitenote_category":0},"product_brand":[],"product_cat":[131,361],"product_tag":[],"class_list":{"0":"post-885967","1":"product","2":"type-product","3":"status-publish","4":"has-post-thumbnail","6":"product_cat-contes-per-infants-0-6-anys","7":"product_cat-cuentos-para-ninos-0-6-anos","9":"first","10":"instock","11":"taxable","12":"shipping-taxable","13":"purchasable","14":"product-type-simple"},"acf":{"autor":"EL POT PETIT","codart":"841965004","libros-coleccion":"Montena","ediciones":"1","encuadernacion":"Carton\u00e9","fecha_de_publicacion":"01\/10\/2023","novedad":"1","paginas":"48","subtitulo":"","orden":"0","portada":"0","idioma":"cat","editorial":[{"ID":6310,"post_author":"3","post_date":"2022-07-28 17:49:26","post_date_gmt":"2022-07-28 15:49:26","post_content":"","post_title":"MONTENA","post_excerpt":"","post_status":"publish","comment_status":"closed","ping_status":"closed","post_password":"","post_name":"montena","to_ping":"","pinged":"","post_modified":"2022-07-28 17:49:26","post_modified_gmt":"2022-07-28 15:49:26","post_content_filtered":"","post_parent":0,"guid":"http:\/\/dev.claret.cat\/editorial\/montena\/","menu_order":0,"post_type":"editorial","post_mime_type":"","comment_count":"0","filter":"raw"}],"autores-libros":[{"ID":154686,"post_author":"3","post_date":"2022-10-14 15:06:48","post_date_gmt":"2022-10-14 13:06:48","post_content":"","post_title":"EL POT PETIT","post_excerpt":"","post_status":"publish","comment_status":"closed","ping_status":"closed","post_password":"","post_name":"el-pot-petit","to_ping":"","pinged":"","post_modified":"2022-10-14 15:06:48","post_modified_gmt":"2022-10-14 13:06:48","post_content_filtered":"","post_parent":0,"guid":"http:\/\/dev.claret.cat\/autor\/el-pot-petit\/","menu_order":0,"post_type":"autor","post_mime_type":"","comment_count":"0","filter":"raw"}],"booktrailer":"","resenas":""},"aioseo_notices":[],"_links":{"self":[{"href":"https:\/\/www.claret.cat\/es\/wp-json\/wp\/v2\/product\/885967","targetHints":{"allow":["GET"]}}],"collection":[{"href":"https:\/\/www.claret.cat\/es\/wp-json\/wp\/v2\/product"}],"about":[{"href":"https:\/\/www.claret.cat\/es\/wp-json\/wp\/v2\/types\/product"}],"wp:featuredmedia":[{"embeddable":true,"href":"https:\/\/www.claret.cat\/es\/wp-json\/wp\/v2\/media\/1057611"}],"wp:attachment":[{"href":"https:\/\/www.claret.cat\/es\/wp-json\/wp\/v2\/media?parent=885967"}],"wp:term":[{"taxonomy":"product_brand","embeddable":true,"href":"https:\/\/www.claret.cat\/es\/wp-json\/wp\/v2\/product_brand?post=885967"},{"taxonomy":"product_cat","embeddable":true,"href":"https:\/\/www.claret.cat\/es\/wp-json\/wp\/v2\/product_cat?post=885967"},{"taxonomy":"product_tag","embeddable":true,"href":"https:\/\/www.claret.cat\/es\/wp-json\/wp\/v2\/product_tag?post=885967"}],"curies":[{"name":"wp","href":"https:\/\/api.w.org\/{rel}","templated":true}]}}