{"id":885973,"date":"2023-10-25T18:35:44","date_gmt":"2023-10-25T16:35:44","guid":{"rendered":"https:\/\/www.claret.cat\/llibre\/cuento-de-navidad-9788419522603\/"},"modified":"2024-01-03T18:45:24","modified_gmt":"2024-01-03T17:45:24","slug":"cuento-de-navidad-9788419522603","status":"publish","type":"product","link":"https:\/\/www.claret.cat\/es\/libro\/cuento-de-navidad-9788419522603\/","title":{"rendered":"CUENTO DE NAVIDAD"},"content":{"rendered":"<p>El cl\u00e1sico de Charles Dickens imprescindible para toda la familia. El cuento de Navidad m\u00e1s ic\u00f3nico del mundo, ahora ilustrado por la aclamada Lisa Aisato, la autora del \u00e9xito La vida ilustrada. Ebenezer Scrooger es mezquino, gru\u00f1\u00f3n, adora el dinero y odia la Navidad. Cada Nochebuena, se queda solo en casa frente a la chimenea apagada mientras sus vecinos celebran las fiestas felices y en familia.Cuando una v\u00edspera de Navidad el viejo Scrooge se va a la cama, ocurre algo de lo m\u00e1s extra\u00f1o: los fantasmas de las Navidades pasadas, presentes y futuras lo visitan para llevarlo en un viaje a trav\u00e9s del tiempo. Gracias a ellos, descubrir\u00e1 lo equivocado que estaba y aprender\u00e1 cu\u00e1l es el verdadero significado de la Navidad. Una edici\u00f3n de lujo que te har\u00e1 redescubrir el cuento con la traducci\u00f3n de Nuria Salinas y las maravillosas ilustraciones de Lisa Aisato.<\/p>\n","protected":false},"excerpt":{"rendered":"<p>DICKENS, CHARLES<\/p>\n","protected":false},"featured_media":885974,"template":"","meta":{"_acf_changed":false,"om_disable_all_campaigns":false,"rs_blank_template":"","rs_page_bg_color":"","slide_template_v7":"","inline_featured_image":false,"_monsterinsights_skip_tracking":false,"_monsterinsights_sitenote_active":false,"_monsterinsights_sitenote_note":"","_monsterinsights_sitenote_category":0},"product_brand":[],"product_cat":[132,362],"product_tag":[],"class_list":{"0":"post-885973","1":"product","2":"type-product","3":"status-publish","4":"has-post-thumbnail","6":"product_cat-lectures-per-preadolescents-6-12-anys","7":"product_cat-libros-preadolescentes-6-12-anos","9":"first","10":"instock","11":"taxable","12":"shipping-taxable","13":"purchasable","14":"product-type-simple"},"acf":{"autor":"DICKENS, CHARLES","codart":"841952260","libros-coleccion":"B Plus","ediciones":"1","encuadernacion":"Carton\u00e9","fecha_de_publicacion":"01\/10\/2023","novedad":"1","paginas":"142","subtitulo":"EDICI\u00d3N ILUSTRADA","orden":"0","portada":"0","idioma":"spa","editorial":[{"ID":294535,"post_author":"3","post_date":"2022-12-12 12:50:10","post_date_gmt":"2022-12-12 11:50:10","post_content":"","post_title":"B de Blok","post_excerpt":"","post_status":"publish","comment_status":"closed","ping_status":"closed","post_password":"","post_name":"b-de-blok","to_ping":"","pinged":"","post_modified":"2022-12-12 12:50:10","post_modified_gmt":"2022-12-12 11:50:10","post_content_filtered":"","post_parent":0,"guid":"http:\/\/dev.claret.cat\/editorial\/b-de-blok\/","menu_order":0,"post_type":"editorial","post_mime_type":"","comment_count":"0","filter":"raw"}],"autores-libros":[{"ID":152762,"post_author":"3","post_date":"2022-10-14 14:51:22","post_date_gmt":"2022-10-14 12:51:22","post_content":"","post_title":"CHARLES DICKENS","post_excerpt":"","post_status":"publish","comment_status":"closed","ping_status":"closed","post_password":"","post_name":"charles-dickens","to_ping":"","pinged":"","post_modified":"2022-10-14 14:51:22","post_modified_gmt":"2022-10-14 12:51:22","post_content_filtered":"","post_parent":0,"guid":"http:\/\/dev.claret.cat\/autor\/charles-dickens\/","menu_order":0,"post_type":"autor","post_mime_type":"","comment_count":"0","filter":"raw"}]},"aioseo_notices":[],"_links":{"self":[{"href":"https:\/\/www.claret.cat\/es\/wp-json\/wp\/v2\/product\/885973","targetHints":{"allow":["GET"]}}],"collection":[{"href":"https:\/\/www.claret.cat\/es\/wp-json\/wp\/v2\/product"}],"about":[{"href":"https:\/\/www.claret.cat\/es\/wp-json\/wp\/v2\/types\/product"}],"wp:featuredmedia":[{"embeddable":true,"href":"https:\/\/www.claret.cat\/es\/wp-json\/wp\/v2\/media\/885974"}],"wp:attachment":[{"href":"https:\/\/www.claret.cat\/es\/wp-json\/wp\/v2\/media?parent=885973"}],"wp:term":[{"taxonomy":"product_brand","embeddable":true,"href":"https:\/\/www.claret.cat\/es\/wp-json\/wp\/v2\/product_brand?post=885973"},{"taxonomy":"product_cat","embeddable":true,"href":"https:\/\/www.claret.cat\/es\/wp-json\/wp\/v2\/product_cat?post=885973"},{"taxonomy":"product_tag","embeddable":true,"href":"https:\/\/www.claret.cat\/es\/wp-json\/wp\/v2\/product_tag?post=885973"}],"curies":[{"name":"wp","href":"https:\/\/api.w.org\/{rel}","templated":true}]}}