{"id":886062,"date":"2023-10-26T12:06:47","date_gmt":"2023-10-26T10:06:47","guid":{"rendered":"https:\/\/www.claret.cat\/llibre\/el-lliri-blanc-9788469640418\/"},"modified":"2026-01-03T12:20:30","modified_gmt":"2026-01-03T11:20:30","slug":"el-lliri-blanc-9788469640418","status":"publish","type":"product","link":"https:\/\/www.claret.cat\/es\/libro\/el-lliri-blanc-9788469640418\/","title":{"rendered":"EL LLIRI BLANC"},"content":{"rendered":"<p>El 26 d&#8221;octubre de 2023 es publicar\u00e0 el nou c\u00f2mic de Ast\u00e9rix, el 40 de la col\u00b7lecci\u00f3!\u00abEl Lliri Blanc\u00bb \u00e9s el nom d&#8221;un nou corrent de pensament positiu procedent de Roma que comen\u00e7a a estendre&#8221;s per les principals ciutats de l&#8221;Imperi, des de la capital fins a Lut\u00e8cia. El C\u00e8sar decideix que aquest m\u00e8tode pot tenir un efecte benefici\u00f3s als campaments romans que envolten el fam\u00f3s poblet gal, per\u00f2 els preceptes d&#8221;aquesta escola arriben tamb\u00e9 als habitants del poblet que es creuen al seu cam\u00ed.<\/p>\n","protected":false},"excerpt":{"rendered":"<p>GOSCINNY, REN\u00c9 \/ FABCARO<\/p>\n","protected":false},"featured_media":886063,"template":"","meta":{"_acf_changed":false,"om_disable_all_campaigns":false,"rs_blank_template":"","rs_page_bg_color":"","slide_template_v7":"","inline_featured_image":false,"_monsterinsights_skip_tracking":false,"_monsterinsights_sitenote_active":false,"_monsterinsights_sitenote_note":"","_monsterinsights_sitenote_category":0},"product_brand":[],"product_cat":[108,558],"product_tag":[],"class_list":{"0":"post-886062","1":"product","2":"type-product","3":"status-publish","4":"has-post-thumbnail","6":"product_cat-comic","7":"product_cat-comic-3_infantil-juvenil-spa-spa","9":"first","10":"instock","11":"taxable","12":"shipping-taxable","13":"purchasable","14":"product-type-simple"},"acf":{"autor":"GOSCINNY, REN\u00c9 \/ FABCARO","codart":"846964041","libros-coleccion":"FORA DE COL.LECCI\u00d3","ediciones":"1","encuadernacion":"Carton\u00e9","fecha_de_publicacion":"01\/10\/2023","novedad":"1","paginas":"48","subtitulo":"","orden":"0","portada":"0","idioma":"spa","editorial":[{"ID":147936,"post_author":"3","post_date":"2022-10-14 11:54:22","post_date_gmt":"2022-10-14 09:54:22","post_content":"","post_title":"Editorial Bru\u00f1o","post_excerpt":"","post_status":"publish","comment_status":"closed","ping_status":"closed","post_password":"","post_name":"editorial-bruno","to_ping":"","pinged":"","post_modified":"2022-10-14 11:54:22","post_modified_gmt":"2022-10-14 09:54:22","post_content_filtered":"","post_parent":0,"guid":"http:\/\/dev.claret.cat\/editorial\/editorial-bruno\/","menu_order":0,"post_type":"editorial","post_mime_type":"","comment_count":"0","filter":"raw"}],"autores-libros":[{"ID":167973,"post_author":"3","post_date":"2022-10-14 18:15:30","post_date_gmt":"2022-10-14 16:15:30","post_content":"","post_title":"REN\u00c9 GOSCINNY","post_excerpt":"","post_status":"publish","comment_status":"closed","ping_status":"closed","post_password":"","post_name":"rene-goscinny","to_ping":"","pinged":"","post_modified":"2022-10-14 18:15:30","post_modified_gmt":"2022-10-14 16:15:30","post_content_filtered":"","post_parent":0,"guid":"http:\/\/dev.claret.cat\/autor\/rene-goscinny\/","menu_order":0,"post_type":"autor","post_mime_type":"","comment_count":"0","filter":"raw"},{"ID":886072,"post_author":"3","post_date":"2023-10-26 13:03:07","post_date_gmt":"2023-10-26 11:03:07","post_content":"","post_title":"FABCARO","post_excerpt":"","post_status":"publish","comment_status":"closed","ping_status":"closed","post_password":"","post_name":"fabcaro","to_ping":"","pinged":"","post_modified":"2023-10-26 13:03:07","post_modified_gmt":"2023-10-26 11:03:07","post_content_filtered":"","post_parent":0,"guid":"https:\/\/www.claret.cat\/autor\/fabcaro\/","menu_order":0,"post_type":"autor","post_mime_type":"","comment_count":"0","filter":"raw"}],"booktrailer":"","resenas":""},"aioseo_notices":[],"_links":{"self":[{"href":"https:\/\/www.claret.cat\/es\/wp-json\/wp\/v2\/product\/886062","targetHints":{"allow":["GET"]}}],"collection":[{"href":"https:\/\/www.claret.cat\/es\/wp-json\/wp\/v2\/product"}],"about":[{"href":"https:\/\/www.claret.cat\/es\/wp-json\/wp\/v2\/types\/product"}],"wp:featuredmedia":[{"embeddable":true,"href":"https:\/\/www.claret.cat\/es\/wp-json\/wp\/v2\/media\/886063"}],"wp:attachment":[{"href":"https:\/\/www.claret.cat\/es\/wp-json\/wp\/v2\/media?parent=886062"}],"wp:term":[{"taxonomy":"product_brand","embeddable":true,"href":"https:\/\/www.claret.cat\/es\/wp-json\/wp\/v2\/product_brand?post=886062"},{"taxonomy":"product_cat","embeddable":true,"href":"https:\/\/www.claret.cat\/es\/wp-json\/wp\/v2\/product_cat?post=886062"},{"taxonomy":"product_tag","embeddable":true,"href":"https:\/\/www.claret.cat\/es\/wp-json\/wp\/v2\/product_tag?post=886062"}],"curies":[{"name":"wp","href":"https:\/\/api.w.org\/{rel}","templated":true}]}}