{"id":886120,"date":"2023-10-26T17:23:28","date_gmt":"2023-10-26T15:23:28","guid":{"rendered":"https:\/\/www.claret.cat\/llibre\/twisted-3-twisted-hate-9788408278948\/"},"modified":"2026-01-28T19:37:03","modified_gmt":"2026-01-28T18:37:03","slug":"twisted-3-twisted-hate-9788408278948","status":"publish","type":"product","link":"https:\/\/www.claret.cat\/es\/libro\/twisted-3-twisted-hate-9788408278948\/","title":{"rendered":"TWISTED 3. TWISTED HATE"},"content":{"rendered":"<p>D\u00e9jate seducir por la saga M\u00c1S EXPLOSIVA.M\u00e1s de 3 millones de lectoras ya han ca\u00eddo en la tentaci\u00f3n de Ana Huang.<br \/> \u00c9l la odia&#8230; casi tanto como la desea.<br \/> Josh Chen es ambicioso, arrogante y no se le resiste ninguna mujer. Ninguna excepto Jules Ambrose. La enemistad entre ellos es tan obvia como lo es su deseo que, desde que se conocen, no hace m\u00e1s que aumentar. Y, cuando la tensi\u00f3n por fin estalle, Josh propondr\u00e1 un trato imposible de rechazar: un acuerdo entre enemigos con beneficios y 3 sencillas reglas:<br \/> Sin celos<br \/> Sin condiciones.<br \/> Y, por supuesto, sin enamorarse.<br \/> Extrovertida y ambiciosa, Jules Ambrose ha dejado atr\u00e1s un pasado de desenfreno para centrarse en un objetivo: convertirse en abogada. Y ahora mismo, lo \u00faltimo que necesita es involucrarse con un hombre que es tan insufrible como atractivo. Pero con el paso del tiempo, se dar\u00e1 cuenta de que Josh es mucho m\u00e1s de lo que aparenta.<br \/> El hermano de su mejor amiga.<br \/> Su n\u00e9mesis.<br \/> Y su \u00fanico refugio<br \/> La suya es una pareja hecha en el infierno, y cuando los demonios de su pasado los alcancen, se enfrentar\u00e1n a verdades que podr\u00edan salvarlos\u2026 o destruirlos por completo.<\/p>\n","protected":false},"excerpt":{"rendered":"<p>HUANG, ANA<\/p>\n","protected":false},"featured_media":1079519,"template":"","meta":{"_acf_changed":false,"om_disable_all_campaigns":false,"rs_blank_template":"","rs_page_bg_color":"","slide_template_v7":"","inline_featured_image":false,"_monsterinsights_skip_tracking":false,"_monsterinsights_sitenote_active":false,"_monsterinsights_sitenote_note":"","_monsterinsights_sitenote_category":0},"product_brand":[],"product_cat":[127,357],"product_tag":[],"class_list":{"0":"post-886120","1":"product","2":"type-product","3":"status-publish","4":"has-post-thumbnail","6":"product_cat-novella-contemporania","7":"product_cat-novela-contemporanea","9":"first","10":"instock","11":"taxable","12":"shipping-taxable","13":"purchasable","14":"product-type-simple"},"acf":{"autor":"HUANG, ANA","codart":"840827894","libros-coleccion":"Ficci\u00f3n","ediciones":"1","encuadernacion":"R\u00fastica","fecha_de_publicacion":"01\/10\/2023","novedad":"1","paginas":"604","subtitulo":"","orden":"0","portada":"0","idioma":"spa","editorial":[{"ID":6233,"post_author":"3","post_date":"2022-07-28 17:47:48","post_date_gmt":"2022-07-28 15:47:48","post_content":"","post_title":"EDITORIAL PLANETA","post_excerpt":"","post_status":"publish","comment_status":"closed","ping_status":"closed","post_password":"","post_name":"editorial-planeta","to_ping":"","pinged":"","post_modified":"2022-07-28 17:47:48","post_modified_gmt":"2022-07-28 15:47:48","post_content_filtered":"","post_parent":0,"guid":"http:\/\/dev.claret.cat\/editorial\/editorial-planeta\/","menu_order":0,"post_type":"editorial","post_mime_type":"","comment_count":"0","filter":"raw"}],"autores-libros":[{"ID":150085,"post_author":"3","post_date":"2022-10-14 14:30:06","post_date_gmt":"2022-10-14 12:30:06","post_content":"","post_title":"ANA HUANG","post_excerpt":"","post_status":"publish","comment_status":"closed","ping_status":"closed","post_password":"","post_name":"ana-huang","to_ping":"","pinged":"","post_modified":"2022-10-14 14:30:06","post_modified_gmt":"2022-10-14 12:30:06","post_content_filtered":"","post_parent":0,"guid":"http:\/\/dev.claret.cat\/autor\/ana-huang\/","menu_order":0,"post_type":"autor","post_mime_type":"","comment_count":"0","filter":"raw"}],"booktrailer":"","resenas":""},"aioseo_notices":[],"_links":{"self":[{"href":"https:\/\/www.claret.cat\/es\/wp-json\/wp\/v2\/product\/886120","targetHints":{"allow":["GET"]}}],"collection":[{"href":"https:\/\/www.claret.cat\/es\/wp-json\/wp\/v2\/product"}],"about":[{"href":"https:\/\/www.claret.cat\/es\/wp-json\/wp\/v2\/types\/product"}],"wp:featuredmedia":[{"embeddable":true,"href":"https:\/\/www.claret.cat\/es\/wp-json\/wp\/v2\/media\/1079519"}],"wp:attachment":[{"href":"https:\/\/www.claret.cat\/es\/wp-json\/wp\/v2\/media?parent=886120"}],"wp:term":[{"taxonomy":"product_brand","embeddable":true,"href":"https:\/\/www.claret.cat\/es\/wp-json\/wp\/v2\/product_brand?post=886120"},{"taxonomy":"product_cat","embeddable":true,"href":"https:\/\/www.claret.cat\/es\/wp-json\/wp\/v2\/product_cat?post=886120"},{"taxonomy":"product_tag","embeddable":true,"href":"https:\/\/www.claret.cat\/es\/wp-json\/wp\/v2\/product_tag?post=886120"}],"curies":[{"name":"wp","href":"https:\/\/api.w.org\/{rel}","templated":true}]}}