{"id":886150,"date":"2023-10-26T17:45:54","date_gmt":"2023-10-26T15:45:54","guid":{"rendered":"https:\/\/www.claret.cat\/llibre\/la-batalla-de-maldon-y-el-regreso-de-beorhtnoth-9788445015049\/"},"modified":"2023-10-26T19:32:27","modified_gmt":"2023-10-26T17:32:27","slug":"la-batalla-de-maldon-y-el-regreso-de-beorhtnoth-9788445015049","status":"publish","type":"product","link":"https:\/\/www.claret.cat\/es\/libro\/la-batalla-de-maldon-y-el-regreso-de-beorhtnoth-9788445015049\/","title":{"rendered":"LA BATALLA DE MALDON Y EL REGRESO DE BEORHTNOTH"},"content":{"rendered":"<p>Primera edici\u00f3n independiente de uno de los dramas po\u00e9ticos m\u00e1s importantes de Tolkien.Obra sobre la naturaleza del hero\u00edsmo y la caballer\u00eda durante la guerra.<br \/> El poema \u00e9pico La batalla de Maldon, del que solo sobrevive un fragmento de 325 versos, es considerado el \u00faltimo fragmento sobreviviente de la antigua poes\u00eda \u00e9pica inglesa. Es el poema en ingl\u00e9s antiguo que m\u00e1s influy\u00f3 en la ficci\u00f3n de Tolkien, adem\u00e1s del Beowulf.<br \/> Esta edici\u00f3n presenta por primera vez la traducci\u00f3n de Tolkien del poema original La batalla de Maldon junto con El regreso de Beorhtnoth, un di\u00e1logo dram\u00e1tico en verso que imagina las secuelas de la batalla.<br \/> Incluye tambi\u00e9n varios ensayos y conferencias de Tolkien sobre la versificaci\u00f3n en ingl\u00e9s antiguo.<\/p>\n","protected":false},"excerpt":{"rendered":"<p>TOLKIEN, J. R. R.<\/p>\n","protected":false},"featured_media":886258,"template":"","meta":{"_acf_changed":false,"om_disable_all_campaigns":false,"rs_blank_template":"","rs_page_bg_color":"","slide_template_v7":"","inline_featured_image":false,"_monsterinsights_skip_tracking":false,"_monsterinsights_sitenote_active":false,"_monsterinsights_sitenote_note":"","_monsterinsights_sitenote_category":0},"product_brand":[],"product_cat":[127,357],"product_tag":[],"class_list":{"0":"post-886150","1":"product","2":"type-product","3":"status-publish","4":"has-post-thumbnail","6":"product_cat-novella-contemporania","7":"product_cat-novela-contemporanea","9":"first","10":"instock","11":"taxable","12":"shipping-taxable","13":"purchasable","14":"product-type-simple"},"acf":{"autor":"TOLKIEN, J. R. R.","codart":"844501504","libros-coleccion":"FORA DE COL.LECCI\u00d3","ediciones":"1","encuadernacion":"R\u00fastica","fecha_de_publicacion":"01\/10\/2023","novedad":"1","paginas":"246","subtitulo":"","orden":"0","portada":"0","idioma":"spa","editorial":[{"ID":6308,"post_author":"3","post_date":"2022-07-28 17:49:24","post_date_gmt":"2022-07-28 15:49:24","post_content":"","post_title":"Minotauro","post_excerpt":"","post_status":"publish","comment_status":"closed","ping_status":"closed","post_password":"","post_name":"minotauro","to_ping":"","pinged":"","post_modified":"2022-07-28 17:49:24","post_modified_gmt":"2022-07-28 15:49:24","post_content_filtered":"","post_parent":0,"guid":"http:\/\/dev.claret.cat\/editorial\/minotauro\/","menu_order":0,"post_type":"editorial","post_mime_type":"","comment_count":"0","filter":"raw"}],"autores-libros":[{"ID":5558,"post_author":"3","post_date":"2022-07-28 17:26:34","post_date_gmt":"2022-07-28 15:26:34","post_content":"","post_title":"J. R. R. TOLKIEN","post_excerpt":"","post_status":"publish","comment_status":"closed","ping_status":"closed","post_password":"","post_name":"j-r-r-tolkien","to_ping":"","pinged":"","post_modified":"2022-07-28 17:26:34","post_modified_gmt":"2022-07-28 15:26:34","post_content_filtered":"","post_parent":0,"guid":"http:\/\/dev.claret.cat\/autor\/j-r-r-tolkien\/","menu_order":0,"post_type":"autor","post_mime_type":"","comment_count":"0","filter":"raw"}]},"aioseo_notices":[],"_links":{"self":[{"href":"https:\/\/www.claret.cat\/es\/wp-json\/wp\/v2\/product\/886150","targetHints":{"allow":["GET"]}}],"collection":[{"href":"https:\/\/www.claret.cat\/es\/wp-json\/wp\/v2\/product"}],"about":[{"href":"https:\/\/www.claret.cat\/es\/wp-json\/wp\/v2\/types\/product"}],"wp:featuredmedia":[{"embeddable":true,"href":"https:\/\/www.claret.cat\/es\/wp-json\/wp\/v2\/media\/886258"}],"wp:attachment":[{"href":"https:\/\/www.claret.cat\/es\/wp-json\/wp\/v2\/media?parent=886150"}],"wp:term":[{"taxonomy":"product_brand","embeddable":true,"href":"https:\/\/www.claret.cat\/es\/wp-json\/wp\/v2\/product_brand?post=886150"},{"taxonomy":"product_cat","embeddable":true,"href":"https:\/\/www.claret.cat\/es\/wp-json\/wp\/v2\/product_cat?post=886150"},{"taxonomy":"product_tag","embeddable":true,"href":"https:\/\/www.claret.cat\/es\/wp-json\/wp\/v2\/product_tag?post=886150"}],"curies":[{"name":"wp","href":"https:\/\/api.w.org\/{rel}","templated":true}]}}