{"id":886159,"date":"2023-10-26T17:47:13","date_gmt":"2023-10-26T15:47:13","guid":{"rendered":"https:\/\/www.claret.cat\/llibre\/detectives-extraescolares-4-misteriosa-feria-de-los-inventos-9788408276517\/"},"modified":"2023-10-30T13:04:12","modified_gmt":"2023-10-30T12:04:12","slug":"detectives-extraescolares-4-misteriosa-feria-de-los-inventos-9788408276517","status":"publish","type":"product","link":"https:\/\/www.claret.cat\/es\/libro\/detectives-extraescolares-4-misteriosa-feria-de-los-inventos-9788408276517\/","title":{"rendered":"DETECTIVES EXTRAESCOLARES 4. MISTERIOSA FERIA DE LOS INVENTOS"},"content":{"rendered":"<p>Los Detectives Extraescolares est\u00e1n emocionados: \u00a1requieren de su presencia en la Feria de los Inventos! Siempre les ha divertido ese evento, pero lo que les espera no es nada festivo: \u00a1el edificio inteligente que lo alberga se ha vuelto loco! O eso parece, porque sus m\u00e1quinas autom\u00e1ticas y robots act\u00faan de forma irregular y peligrosa. Su director est\u00e1 convencido de que alguien intenta boicotear la feria.<br \/> Nuestros h\u00e9roes contar\u00e1n con pocos d\u00edas para descubrir qu\u00e9 ocurre all\u00ed, mientras se enfrentan a inventores, androides y\u2026 \u00bfNinjas? \u00bfSer\u00e1n capaces de desvelar el enigma cibern\u00e9tico y salir ilesos de esta arriesgada aventura?<br \/> \u00a0<br \/> Edici\u00f3n a todo color, mezclando p\u00e1ginas de c\u00f3mic y texto corrido como?Los Futbolisimos.\u00a0<br \/> \u00a0<br \/> Una colecci\u00f3n de detectives llena de humor recomendada para?ni\u00f1os y ni\u00f1as de 8 a\u00f1os?escrita e ilustrada por?Enrique Carlos Martin.\u00a0<br \/> \u00a0<br \/> Una serie perfecta para los fans de:\u00a0<\/p>\n<p> Perrock Holmes\u00a0<br \/> Los Buscapistas\u00a0<br \/> Lechuza Detective\u00a0<br \/> Los Cazamisterios\u00a0<\/p>\n<p> Temas<\/p>\n<p> Acci\u00f3n y aventura\u00a0<br \/> Misterios y detectives\u00a0<br \/> Pistas y enigmas visuales\u00a0<br \/> Humor y diversi\u00f3n\u00a0<\/p>\n<p> \u00a0<br \/> \u00bfQuieres ser un buen detective?\u00a0<br \/> Observa los dibujos, sigue las pistas e investiga el caso.\u00a0<br \/> \u00a1Forma parte de los Detectives Extraescolares y resuelve el misterio!<\/p>\n","protected":false},"excerpt":{"rendered":"<p>MART\u00cdN, ENRIQUE CARLOS<\/p>\n","protected":false},"featured_media":886619,"template":"","meta":{"_acf_changed":false,"om_disable_all_campaigns":false,"rs_blank_template":"","rs_page_bg_color":"","slide_template_v7":"","inline_featured_image":false,"_monsterinsights_skip_tracking":false,"_monsterinsights_sitenote_active":false,"_monsterinsights_sitenote_note":"","_monsterinsights_sitenote_category":0},"product_brand":[],"product_cat":[133,363],"product_tag":[],"class_list":{"0":"post-886159","1":"product","2":"type-product","3":"status-publish","4":"has-post-thumbnail","6":"product_cat-lectures-per-adolescents-12-18-anys","7":"product_cat-lecturas-por-adolescentes-12-18-anos","9":"first","10":"instock","11":"taxable","12":"shipping-taxable","13":"purchasable","14":"product-type-simple"},"acf":{"autor":"MART\u00cdN, ENRIQUE CARLOS","codart":"840827651","libros-coleccion":"FORA DE COL.LECCI\u00d3","ediciones":"1","encuadernacion":"R\u00fastica","fecha_de_publicacion":"01\/10\/2023","novedad":"1","paginas":"262","subtitulo":"","orden":"0","portada":"0","idioma":"spa","editorial":[{"ID":6233,"post_author":"3","post_date":"2022-07-28 17:47:48","post_date_gmt":"2022-07-28 15:47:48","post_content":"","post_title":"EDITORIAL PLANETA","post_excerpt":"","post_status":"publish","comment_status":"closed","ping_status":"closed","post_password":"","post_name":"editorial-planeta","to_ping":"","pinged":"","post_modified":"2022-07-28 17:47:48","post_modified_gmt":"2022-07-28 15:47:48","post_content_filtered":"","post_parent":0,"guid":"http:\/\/dev.claret.cat\/editorial\/editorial-planeta\/","menu_order":0,"post_type":"editorial","post_mime_type":"","comment_count":"0","filter":"raw"}],"autores-libros":[{"ID":379043,"post_author":"3","post_date":"2023-02-02 11:35:25","post_date_gmt":"2023-02-02 10:35:25","post_content":"","post_title":"ENRIQUE CARLOS MART\u00cdN","post_excerpt":"","post_status":"publish","comment_status":"closed","ping_status":"closed","post_password":"","post_name":"enrique-carlos-martin","to_ping":"","pinged":"","post_modified":"2023-02-02 11:35:25","post_modified_gmt":"2023-02-02 10:35:25","post_content_filtered":"","post_parent":0,"guid":"https:\/\/www.claret.cat\/autor\/enrique-carlos-martin\/","menu_order":0,"post_type":"autor","post_mime_type":"","comment_count":"0","filter":"raw"}]},"aioseo_notices":[],"_links":{"self":[{"href":"https:\/\/www.claret.cat\/es\/wp-json\/wp\/v2\/product\/886159","targetHints":{"allow":["GET"]}}],"collection":[{"href":"https:\/\/www.claret.cat\/es\/wp-json\/wp\/v2\/product"}],"about":[{"href":"https:\/\/www.claret.cat\/es\/wp-json\/wp\/v2\/types\/product"}],"wp:featuredmedia":[{"embeddable":true,"href":"https:\/\/www.claret.cat\/es\/wp-json\/wp\/v2\/media\/886619"}],"wp:attachment":[{"href":"https:\/\/www.claret.cat\/es\/wp-json\/wp\/v2\/media?parent=886159"}],"wp:term":[{"taxonomy":"product_brand","embeddable":true,"href":"https:\/\/www.claret.cat\/es\/wp-json\/wp\/v2\/product_brand?post=886159"},{"taxonomy":"product_cat","embeddable":true,"href":"https:\/\/www.claret.cat\/es\/wp-json\/wp\/v2\/product_cat?post=886159"},{"taxonomy":"product_tag","embeddable":true,"href":"https:\/\/www.claret.cat\/es\/wp-json\/wp\/v2\/product_tag?post=886159"}],"curies":[{"name":"wp","href":"https:\/\/api.w.org\/{rel}","templated":true}]}}