{"id":88624,"date":"2022-10-11T18:19:47","date_gmt":"2022-10-11T16:19:47","guid":{"rendered":"http:\/\/dev.claret.cat\/producte\/novena-a-san-roque\/"},"modified":"2024-05-02T17:26:48","modified_gmt":"2024-05-02T15:26:48","slug":"novena-a-san-roque-9788413790329","status":"publish","type":"product","link":"https:\/\/www.claret.cat\/es\/libro\/novena-a-san-roque-9788413790329\/","title":{"rendered":"NOVENA A SAN ROQUE"},"content":{"rendered":"<p>San Roque es un santo popular. Su nombre significa \u00abfuerte como roca\u00bb. La extensi\u00f3n r\u00e1pida de su devoci\u00f3n se debe a que el pueblo es muy sensible a la salud y \u00e9l se presenta como protector y sanador de enfermos. Un p\u00e1rroco presentaba a san Roque y san Sebasti\u00e1n como \u00abla penicilina\u00bb de los pobres y desamparados, de la gente sencilla y de la gente con fe. Por eso Dios obra a trav\u00e9s de mediaciones escuchando la fe honda de los que solo en Dios ponen su confianza. La tradici\u00f3n popular dec\u00eda que curaba a muchos enfermos con solo hacer sobre ellos la se\u00f1al de la cruz. A los que mor\u00edan, \u00e9l mismo les hac\u00eda la sepultura, pues nadie m\u00e1s se atrev\u00eda a acercarse a los cad\u00e1veres por el miedo a contagiarse de la peste.<\/p>\n","protected":false},"excerpt":{"rendered":"<p>MORADO, GUILLERMO JUAN<\/p>\n","protected":false},"featured_media":451840,"template":"","meta":{"_acf_changed":false,"om_disable_all_campaigns":false,"rs_blank_template":"","rs_page_bg_color":"","slide_template_v7":"","inline_featured_image":false,"_monsterinsights_skip_tracking":false,"_monsterinsights_sitenote_active":false,"_monsterinsights_sitenote_note":"","_monsterinsights_sitenote_category":0},"product_brand":[],"product_cat":[95,545],"product_tag":[],"class_list":{"0":"post-88624","1":"product","2":"type-product","3":"status-publish","4":"has-post-thumbnail","6":"product_cat-santoral","7":"product_cat-santoral-1_espiritualidad-spa","9":"first","10":"instock","11":"taxable","12":"shipping-taxable","13":"purchasable","14":"product-type-simple"},"acf":{"editorial":[{"ID":6155,"post_author":"3","post_date":"2022-07-28 17:46:04","post_date_gmt":"2022-07-28 15:46:04","post_content":"","post_title":"Central Catequ\u00edstica Salesiana","post_excerpt":"","post_status":"publish","comment_status":"closed","ping_status":"closed","post_password":"","post_name":"central-catequistica-salesiana","to_ping":"","pinged":"","post_modified":"2022-07-28 17:46:04","post_modified_gmt":"2022-07-28 15:46:04","post_content_filtered":"","post_parent":0,"guid":"http:\/\/dev.claret.cat\/editorial\/central-catequistica-salesiana\/","menu_order":0,"post_type":"editorial","post_mime_type":"","comment_count":"0","filter":"raw"}],"autores-libros":[{"ID":157228,"post_author":"3","post_date":"2022-10-14 15:27:08","post_date_gmt":"2022-10-14 13:27:08","post_content":"","post_title":"GUILLERMO JUAN MORADO","post_excerpt":"","post_status":"publish","comment_status":"closed","ping_status":"closed","post_password":"","post_name":"guillermo-juan-morado","to_ping":"","pinged":"","post_modified":"2022-10-14 15:27:08","post_modified_gmt":"2022-10-14 13:27:08","post_content_filtered":"","post_parent":0,"guid":"http:\/\/dev.claret.cat\/autor\/guillermo-juan-morado\/","menu_order":0,"post_type":"autor","post_mime_type":"","comment_count":"0","filter":"raw"}],"autor":"MORADO, GUILLERMO JUAN","codart":"841379032","libros-coleccion":"Mesa y Palabra","ediciones":"1","encuadernacion":"R\u00fastica","fecha_de_publicacion":"28\/05\/2021","novedad":"1","paginas":"52","subtitulo":"","orden":"0","portada":"0","idioma":"spa"},"aioseo_notices":[],"_links":{"self":[{"href":"https:\/\/www.claret.cat\/es\/wp-json\/wp\/v2\/product\/88624","targetHints":{"allow":["GET"]}}],"collection":[{"href":"https:\/\/www.claret.cat\/es\/wp-json\/wp\/v2\/product"}],"about":[{"href":"https:\/\/www.claret.cat\/es\/wp-json\/wp\/v2\/types\/product"}],"wp:featuredmedia":[{"embeddable":true,"href":"https:\/\/www.claret.cat\/es\/wp-json\/wp\/v2\/media\/451840"}],"wp:attachment":[{"href":"https:\/\/www.claret.cat\/es\/wp-json\/wp\/v2\/media?parent=88624"}],"wp:term":[{"taxonomy":"product_brand","embeddable":true,"href":"https:\/\/www.claret.cat\/es\/wp-json\/wp\/v2\/product_brand?post=88624"},{"taxonomy":"product_cat","embeddable":true,"href":"https:\/\/www.claret.cat\/es\/wp-json\/wp\/v2\/product_cat?post=88624"},{"taxonomy":"product_tag","embeddable":true,"href":"https:\/\/www.claret.cat\/es\/wp-json\/wp\/v2\/product_tag?post=88624"}],"curies":[{"name":"wp","href":"https:\/\/api.w.org\/{rel}","templated":true}]}}