{"id":886310,"date":"2023-10-27T12:28:15","date_gmt":"2023-10-27T10:28:15","guid":{"rendered":"https:\/\/www.claret.cat\/llibre\/septologia-9788417375966\/"},"modified":"2024-07-03T13:35:08","modified_gmt":"2024-07-03T11:35:08","slug":"septologia-9788417375966","status":"publish","type":"product","link":"https:\/\/www.claret.cat\/es\/libro\/septologia-9788417375966\/","title":{"rendered":"SEPTOLOG\u00cdA"},"content":{"rendered":"<p>En esta edici\u00f3n se han recopilado los tres vol\u00famenes que componen<br \/> Septolog\u00eda, la gran obra de Jon Fosse: El otro nombre, Yo es otro y<br \/> Un nuevo nombre.<br \/> \u00bfC\u00f3mo llegamos a conocernos? \u00bfQu\u00e9 signifi can los otros en nuestras<br \/> vidas? Asle, un pintor viudo que vive solo en un fi ordo noruego, observa su<br \/> vida entera con la mirada fi ja en el fl ujo del mar. No se trata de la nostalgia<br \/> de un recuerdo, se trata de una observaci\u00f3n meticulosa que busca d\u00f3nde<br \/> ha fallado.<br \/> Ha sufrido la adicci\u00f3n, la incomprensi\u00f3n de una sociedad cerrada y su<br \/> propia oscuridad como artista pero es el amor hacia Ales lo que le obliga a<br \/> ir m\u00e1s all\u00e1 del mundo m\u00e1s cercano.<br \/> Septolog\u00eda es una apasionante novela sobre el sentido de la existencia<br \/> escrita con una voz hipn\u00f3tica y \u00fanica. Un libro que pasar\u00e1 a la historia por<br \/> dar un paso m\u00e1s en la representaci\u00f3n de la consciencia.<\/p>\n","protected":false},"excerpt":{"rendered":"<p>FOSSE, JON \/ G\u00d3MEZ BAGGETHUN, CRISTINA<\/p>\n","protected":false},"featured_media":886760,"template":"","meta":{"_acf_changed":false,"om_disable_all_campaigns":false,"rs_blank_template":"","rs_page_bg_color":"","slide_template_v7":"","inline_featured_image":false,"_monsterinsights_skip_tracking":false,"_monsterinsights_sitenote_active":false,"_monsterinsights_sitenote_note":"","_monsterinsights_sitenote_category":0},"product_brand":[],"product_cat":[127,357],"product_tag":[],"class_list":{"0":"post-886310","1":"product","2":"type-product","3":"status-publish","4":"has-post-thumbnail","6":"product_cat-novella-contemporania","7":"product_cat-novela-contemporanea","9":"first","10":"instock","11":"taxable","12":"shipping-taxable","13":"purchasable","14":"product-type-simple"},"acf":{"autor":"FOSSE, JON \/ G\u00d3MEZ BAGGETHUN, CRISTINA","codart":"841737596","libros-coleccion":"FORA DE COL.LECCI\u00d3","ediciones":"1","encuadernacion":"R\u00fastica","fecha_de_publicacion":"01\/10\/2023","novedad":"1","paginas":"788","subtitulo":"OBRA COMPLETA","orden":"0","portada":"1","idioma":"spa","editorial":[{"ID":147698,"post_author":"3","post_date":"2022-10-14 11:52:33","post_date_gmt":"2022-10-14 09:52:33","post_content":"","post_title":"De Conatus Publicaciones","post_excerpt":"","post_status":"publish","comment_status":"closed","ping_status":"closed","post_password":"","post_name":"de-conatus-publicaciones","to_ping":"","pinged":"","post_modified":"2022-10-14 11:52:33","post_modified_gmt":"2022-10-14 09:52:33","post_content_filtered":"","post_parent":0,"guid":"http:\/\/dev.claret.cat\/editorial\/de-conatus-publicaciones\/","menu_order":0,"post_type":"editorial","post_mime_type":"","comment_count":"0","filter":"raw"}],"autores-libros":[{"ID":159734,"post_author":"3","post_date":"2022-10-14 15:47:17","post_date_gmt":"2022-10-14 13:47:17","post_content":"","post_title":"JON FOSSE","post_excerpt":"","post_status":"publish","comment_status":"closed","ping_status":"closed","post_password":"","post_name":"jon-fosse","to_ping":"","pinged":"","post_modified":"2022-10-14 15:47:17","post_modified_gmt":"2022-10-14 13:47:17","post_content_filtered":"","post_parent":0,"guid":"http:\/\/dev.claret.cat\/autor\/jon-fosse\/","menu_order":0,"post_type":"autor","post_mime_type":"","comment_count":"0","filter":"raw"},{"ID":886314,"post_author":"3","post_date":"2023-10-27 12:31:27","post_date_gmt":"2023-10-27 10:31:27","post_content":"","post_title":"CRISTINA G\u00d3MEZ BAGGETHUN","post_excerpt":"","post_status":"publish","comment_status":"closed","ping_status":"closed","post_password":"","post_name":"cristina-gomez-baggethun","to_ping":"","pinged":"","post_modified":"2023-10-27 12:31:27","post_modified_gmt":"2023-10-27 10:31:27","post_content_filtered":"","post_parent":0,"guid":"https:\/\/www.claret.cat\/autor\/cristina-gomez-baggethun\/","menu_order":0,"post_type":"autor","post_mime_type":"","comment_count":"0","filter":"raw"}]},"aioseo_notices":[],"_links":{"self":[{"href":"https:\/\/www.claret.cat\/es\/wp-json\/wp\/v2\/product\/886310","targetHints":{"allow":["GET"]}}],"collection":[{"href":"https:\/\/www.claret.cat\/es\/wp-json\/wp\/v2\/product"}],"about":[{"href":"https:\/\/www.claret.cat\/es\/wp-json\/wp\/v2\/types\/product"}],"wp:featuredmedia":[{"embeddable":true,"href":"https:\/\/www.claret.cat\/es\/wp-json\/wp\/v2\/media\/886760"}],"wp:attachment":[{"href":"https:\/\/www.claret.cat\/es\/wp-json\/wp\/v2\/media?parent=886310"}],"wp:term":[{"taxonomy":"product_brand","embeddable":true,"href":"https:\/\/www.claret.cat\/es\/wp-json\/wp\/v2\/product_brand?post=886310"},{"taxonomy":"product_cat","embeddable":true,"href":"https:\/\/www.claret.cat\/es\/wp-json\/wp\/v2\/product_cat?post=886310"},{"taxonomy":"product_tag","embeddable":true,"href":"https:\/\/www.claret.cat\/es\/wp-json\/wp\/v2\/product_tag?post=886310"}],"curies":[{"name":"wp","href":"https:\/\/api.w.org\/{rel}","templated":true}]}}