{"id":886315,"date":"2023-10-27T13:13:26","date_gmt":"2023-10-27T11:13:26","guid":{"rendered":"https:\/\/www.claret.cat\/llibre\/joan-marc-el-primer-evangelista-9788412453195\/"},"modified":"2026-02-24T13:55:13","modified_gmt":"2026-02-24T12:55:13","slug":"joan-marc-el-primer-evangelista-9788412453195","status":"publish","type":"product","link":"https:\/\/www.claret.cat\/es\/libro\/joan-marc-el-primer-evangelista-9788412453195\/","title":{"rendered":"JOAN MARC, EL PRIMER EVANGELISTA"},"content":{"rendered":"<p>El present llibre, el tercer d&#8217;una s\u00e8rie de publicacions de l&#8217;Editorial Edimurtra i de l&#8217;Associaci\u00f3 TEXT, cont\u00e9 els comentris de l&#8217;Evangeli de Marc, clicle B, com tamb\u00e9 d&#8217;alguns passatges dels evageis de Joan, Lluc i Mateu que completen aquest cicle. <br \/>En aquests comentaris l&#8217;autor segueix primordialment el text conservat pel manuscrit uncial biling\u00fce (grec i llat\u00ed) anomenat C\u00f2dex Beza, que ell considera el m\u00e9s proper al text original (perdut) entre els molt\u00edssims manuscrits que ens han arribat. <br \/>Aquests comentaris de l&#8217;evangeli domnical han estat publicats setmanalment a Catalunya Cristiana des de l&#8217;any 2009. <br \/>A partir de la festa de Pentacosta del 2016, aprofitant les noves tecnologies, aquests mateixos comentaris s&#8217;editen en una versi\u00f3 online titulada \u00abL&#8217;Evangeli actualitzat segons el C\u00f2dex Beza\u00bb. <br \/>Cada comentari del llibre porta incorporat un codi QR que redirigeix el lector al v\u00eddeo corresponent.<\/p>\n","protected":false},"excerpt":{"rendered":"<p>RIUS CAMPS, JOSEP<\/p>\n","protected":false},"featured_media":1068127,"template":"","meta":{"_acf_changed":false,"om_disable_all_campaigns":false,"rs_blank_template":"","rs_page_bg_color":"","slide_template_v7":"","inline_featured_image":false,"_monsterinsights_skip_tracking":false,"_monsterinsights_sitenote_active":false,"_monsterinsights_sitenote_note":"","_monsterinsights_sitenote_category":0},"product_brand":[],"product_cat":[202,463],"product_tag":[],"class_list":{"0":"post-886315","1":"product","2":"type-product","3":"status-publish","4":"has-post-thumbnail","6":"product_cat-introduccio-n-t","7":"product_cat-introduccion-n-t","9":"first","10":"instock","11":"taxable","12":"shipping-taxable","13":"purchasable","14":"product-type-simple"},"acf":{"autor":"RIUS CAMPS, JOSEP","codart":"841245319","libros-coleccion":"","ediciones":"1","encuadernacion":"R\u00fastica","fecha_de_publicacion":"27\/10\/2023","novedad":"1","paginas":"132","subtitulo":"CICLE B DELS EVANGELIS DOMINICALS","orden":"0","portada":"0","idioma":"cat","autores-libros":[{"ID":160817,"post_author":"3","post_date":"2022-10-14 15:56:07","post_date_gmt":"2022-10-14 13:56:07","post_content":"","post_title":"JOSEP RIUS CAMPS","post_excerpt":"","post_status":"publish","comment_status":"closed","ping_status":"closed","post_password":"","post_name":"josep-rius-camps","to_ping":"","pinged":"","post_modified":"2022-10-14 15:56:07","post_modified_gmt":"2022-10-14 13:56:07","post_content_filtered":"","post_parent":0,"guid":"http:\/\/dev.claret.cat\/autor\/josep-rius-camps\/","menu_order":0,"post_type":"autor","post_mime_type":"","comment_count":"0","filter":"raw"}],"editorial":[{"ID":147904,"post_author":"3","post_date":"2022-10-14 11:54:07","post_date_gmt":"2022-10-14 09:54:07","post_content":"","post_title":"EDIMURTRA","post_excerpt":"","post_status":"publish","comment_status":"closed","ping_status":"closed","post_password":"","post_name":"edimurtra","to_ping":"","pinged":"","post_modified":"2022-10-14 11:54:07","post_modified_gmt":"2022-10-14 09:54:07","post_content_filtered":"","post_parent":0,"guid":"http:\/\/dev.claret.cat\/editorial\/edimurtra\/","menu_order":0,"post_type":"editorial","post_mime_type":"","comment_count":"0","filter":"raw"}],"booktrailer":"","resenas":""},"aioseo_notices":[],"_links":{"self":[{"href":"https:\/\/www.claret.cat\/es\/wp-json\/wp\/v2\/product\/886315","targetHints":{"allow":["GET"]}}],"collection":[{"href":"https:\/\/www.claret.cat\/es\/wp-json\/wp\/v2\/product"}],"about":[{"href":"https:\/\/www.claret.cat\/es\/wp-json\/wp\/v2\/types\/product"}],"wp:featuredmedia":[{"embeddable":true,"href":"https:\/\/www.claret.cat\/es\/wp-json\/wp\/v2\/media\/1068127"}],"wp:attachment":[{"href":"https:\/\/www.claret.cat\/es\/wp-json\/wp\/v2\/media?parent=886315"}],"wp:term":[{"taxonomy":"product_brand","embeddable":true,"href":"https:\/\/www.claret.cat\/es\/wp-json\/wp\/v2\/product_brand?post=886315"},{"taxonomy":"product_cat","embeddable":true,"href":"https:\/\/www.claret.cat\/es\/wp-json\/wp\/v2\/product_cat?post=886315"},{"taxonomy":"product_tag","embeddable":true,"href":"https:\/\/www.claret.cat\/es\/wp-json\/wp\/v2\/product_tag?post=886315"}],"curies":[{"name":"wp","href":"https:\/\/api.w.org\/{rel}","templated":true}]}}