{"id":88633,"date":"2022-10-11T18:19:53","date_gmt":"2022-10-11T16:19:53","guid":{"rendered":"http:\/\/dev.claret.cat\/producte\/hablar-de-dios-desde-el-sufrimiento-del-inocente\/"},"modified":"2024-10-25T18:55:26","modified_gmt":"2024-10-25T16:55:26","slug":"hablar-de-dios-desde-el-sufrimiento-del-inocente-9788430120871","status":"publish","type":"product","link":"https:\/\/www.claret.cat\/es\/libro\/hablar-de-dios-desde-el-sufrimiento-del-inocente-9788430120871\/","title":{"rendered":"HABLAR DE DIOS DESDE EL SUFRIMIENTO DEL INOCENTE"},"content":{"rendered":"<p>La teolog\u00eda es un lenguaje sobre Dios. Pero al ser Dios ante todo misterio, solo es posible hablar bien de \u00c9l desde el asombro y el respeto. Ambas actitudes protegen de la arrogancia y encuentran en la cruz el acceso m\u00e1s seguro a este secreto escondido desde la creaci\u00f3n del mundo. Al adentrarse en el libro de Job, el lector es invitado a descubrir en este hombre piadoso y sufriente del Antiguo Testamento una figura ejemplar de Cristo. Pero tambi\u00e9n es llamado a leer su historia personal y comunitaria de preocupaciones, tristezas y desesperanzas a la luz de una fe insobornable y una plegaria confiada.<\/p>\n","protected":false},"excerpt":{"rendered":"<p>GUTI\u00c9RREZ, GUSTAVO<\/p>\n","protected":false},"featured_media":342361,"template":"","meta":{"_acf_changed":false,"om_disable_all_campaigns":false,"rs_blank_template":"","rs_page_bg_color":"","slide_template_v7":"","inline_featured_image":false,"_monsterinsights_skip_tracking":false,"_monsterinsights_sitenote_active":false,"_monsterinsights_sitenote_note":"","_monsterinsights_sitenote_category":0},"product_brand":[],"product_cat":[485,232],"product_tag":[],"class_list":{"0":"post-88633","1":"product","2":"type-product","3":"status-publish","4":"has-post-thumbnail","6":"product_cat-autores-espiritualidad-1_espiritualidad","7":"product_cat-autors-espiritualitat","9":"first","10":"instock","11":"taxable","12":"shipping-taxable","13":"purchasable","14":"product-type-simple"},"acf":{"editorial":[{"ID":6364,"post_author":"3","post_date":"2022-07-28 17:50:36","post_date_gmt":"2022-07-28 15:50:36","post_content":"","post_title":"S\u00edgueme","post_excerpt":"","post_status":"publish","comment_status":"closed","ping_status":"closed","post_password":"","post_name":"sigueme","to_ping":"","pinged":"","post_modified":"2022-07-28 17:50:36","post_modified_gmt":"2022-07-28 15:50:36","post_content_filtered":"","post_parent":0,"guid":"http:\/\/dev.claret.cat\/editorial\/sigueme\/","menu_order":0,"post_type":"editorial","post_mime_type":"","comment_count":"0","filter":"raw"}],"autor":"GUTI\u00c9RREZ, GUSTAVO","codart":"843012087","libros-coleccion":"Nueva Alianza","ediciones":"7","encuadernacion":"R\u00fastica","fecha_de_publicacion":"28\/05\/2021","novedad":"1","paginas":"192","subtitulo":"UNA REFLEXI\u00d3N SOBRE EL LIBRO DE JOB","orden":"0","portada":"0","idioma":"spa","autores-libros":[{"ID":157267,"post_author":"3","post_date":"2022-10-14 15:27:27","post_date_gmt":"2022-10-14 13:27:27","post_content":"","post_title":"GUSTAVO GUTI\u00c9RREZ","post_excerpt":"","post_status":"publish","comment_status":"closed","ping_status":"closed","post_password":"","post_name":"gustavo-gutierrez","to_ping":"","pinged":"","post_modified":"2022-10-14 15:27:27","post_modified_gmt":"2022-10-14 13:27:27","post_content_filtered":"","post_parent":0,"guid":"http:\/\/dev.claret.cat\/autor\/gustavo-gutierrez\/","menu_order":0,"post_type":"autor","post_mime_type":"","comment_count":"0","filter":"raw"}]},"aioseo_notices":[],"_links":{"self":[{"href":"https:\/\/www.claret.cat\/es\/wp-json\/wp\/v2\/product\/88633","targetHints":{"allow":["GET"]}}],"collection":[{"href":"https:\/\/www.claret.cat\/es\/wp-json\/wp\/v2\/product"}],"about":[{"href":"https:\/\/www.claret.cat\/es\/wp-json\/wp\/v2\/types\/product"}],"wp:featuredmedia":[{"embeddable":true,"href":"https:\/\/www.claret.cat\/es\/wp-json\/wp\/v2\/media\/342361"}],"wp:attachment":[{"href":"https:\/\/www.claret.cat\/es\/wp-json\/wp\/v2\/media?parent=88633"}],"wp:term":[{"taxonomy":"product_brand","embeddable":true,"href":"https:\/\/www.claret.cat\/es\/wp-json\/wp\/v2\/product_brand?post=88633"},{"taxonomy":"product_cat","embeddable":true,"href":"https:\/\/www.claret.cat\/es\/wp-json\/wp\/v2\/product_cat?post=88633"},{"taxonomy":"product_tag","embeddable":true,"href":"https:\/\/www.claret.cat\/es\/wp-json\/wp\/v2\/product_tag?post=88633"}],"curies":[{"name":"wp","href":"https:\/\/api.w.org\/{rel}","templated":true}]}}