{"id":886351,"date":"2023-10-27T17:04:14","date_gmt":"2023-10-27T15:04:14","guid":{"rendered":"https:\/\/www.claret.cat\/llibre\/el-mon-de-sofia-novella-grafica-vol-2-9788419729071\/"},"modified":"2024-02-05T14:12:13","modified_gmt":"2024-02-05T13:12:13","slug":"el-mon-de-sofia-novella-grafica-vol-2-9788419729071","status":"publish","type":"product","link":"https:\/\/www.claret.cat\/es\/libro\/el-mon-de-sofia-novella-grafica-vol-2-9788419729071\/","title":{"rendered":"EL M\u00d3N DE SOFIA (NOVEL\u00b7LA GR\u00c0FICA). VOL 2"},"content":{"rendered":"<p>La novel\u00b7la filos\u00f2fica de culte El m\u00f3n de Sofia, ara convertida en una espectacular novel\u00b7la gr\u00e0fica. Segon i \u00faltim volum.\u00abQui ets?\u00bb. Un dia, la Sofia Amundsen, de 15 anys, rep una carta amb nom\u00e9s aquesta pregunta. Despr\u00e9s en rep una altra que diu: \u00abD&#8217;on ve el m\u00f3n?\u00bb. De pregunta en pregunta i de sorpresa en sorpresa, la Sofia entra en una aventura en qu\u00e8 descobrir\u00e0 les principals figures de la filosofia occidental i, sobretot, es descobrir\u00e0 a ella mateixa. Per\u00f2 El m\u00f3n de Sofia no \u00e9s nom\u00e9s aquest viatge fascinant, \u00e9s tamb\u00e9 una novel\u00b7la original\u00edssima, amb un desenlla\u00e7 imprevisible, que s&#8217;ha convertit en un cl\u00e0ssic per a tots els p\u00fablics.<br \/> Despr\u00e9s de descobrir els or\u00edgens de la filosofia en companyia d&#8217;Alberto, En aquest segon volum Sofia culmina la seva exploraci\u00f3 dels principals corrents del pensament occidental. Una recerca tant filos\u00f2fica com inici\u00e0tica que la far\u00e0 anar m\u00e9s enll\u00e0 del que ella \u00e9s i accedir al lliure albir&#8230; per\u00f2, sobre tot, a esbrinar on s&#8217;amagava la seva llibertat!<br \/> ZABUS i NICOBY han acabat amb l&#8217;humor i l&#8217;agudesa de sempre la seva reinvenci\u00f3 com a novel\u00b7la gr\u00e0fica de la novel\u00b7la filos\u00f2fica de culte, amb desenes de milions de lectors, escrita per JOSTEIN GAARDER.<\/p>\n","protected":false},"excerpt":{"rendered":"<p>GAARDER, JOSTEIN \/ ZABUS, VINCENT \/ NICOBY<\/p>\n","protected":false},"featured_media":886756,"template":"","meta":{"_acf_changed":false,"om_disable_all_campaigns":false,"rs_blank_template":"","rs_page_bg_color":"","slide_template_v7":"","inline_featured_image":false,"_monsterinsights_skip_tracking":false,"_monsterinsights_sitenote_active":false,"_monsterinsights_sitenote_note":"","_monsterinsights_sitenote_category":0},"product_brand":[],"product_cat":[373,166,558,108],"product_tag":[],"class_list":{"0":"post-886351","1":"product","2":"type-product","3":"status-publish","4":"has-post-thumbnail","6":"product_cat-autores","7":"product_cat-autors-filosofia","8":"product_cat-comic-3_infantil-juvenil-spa-spa","9":"product_cat-comic","11":"first","12":"instock","13":"taxable","14":"shipping-taxable","15":"purchasable","16":"product-type-simple"},"acf":{"autor":"GAARDER, JOSTEIN \/ ZABUS, VINCENT \/ NICOBY","codart":"841972907","libros-coleccion":"LLIBRES SINGULARS","ediciones":"1","encuadernacion":"Carton\u00e9","fecha_de_publicacion":"01\/10\/2023","novedad":"1","paginas":"262","subtitulo":"","orden":"0","portada":"1","idioma":"cat","editorial":[{"ID":6223,"post_author":"3","post_date":"2022-07-28 17:47:32","post_date_gmt":"2022-07-28 15:47:32","post_content":"","post_title":"EDITORIAL EMP\u00daRIES","post_excerpt":"","post_status":"publish","comment_status":"closed","ping_status":"closed","post_password":"","post_name":"editorial-empuries","to_ping":"","pinged":"","post_modified":"2022-07-28 17:47:32","post_modified_gmt":"2022-07-28 15:47:32","post_content_filtered":"","post_parent":0,"guid":"http:\/\/dev.claret.cat\/editorial\/editorial-empuries\/","menu_order":0,"post_type":"editorial","post_mime_type":"","comment_count":"0","filter":"raw"}],"autores-libros":[{"ID":263957,"post_author":"3","post_date":"2022-12-01 11:22:27","post_date_gmt":"2022-12-01 10:22:27","post_content":"","post_title":"VINCENT ZABUS","post_excerpt":"","post_status":"publish","comment_status":"closed","ping_status":"closed","post_password":"","post_name":"vincent-zabus","to_ping":"","pinged":"","post_modified":"2022-12-01 11:22:27","post_modified_gmt":"2022-12-01 10:22:27","post_content_filtered":"","post_parent":0,"guid":"http:\/\/dev.claret.cat\/autor\/vincent-zabus\/","menu_order":0,"post_type":"autor","post_mime_type":"","comment_count":"0","filter":"raw"},{"ID":263783,"post_author":"3","post_date":"2022-12-01 11:20:44","post_date_gmt":"2022-12-01 10:20:44","post_content":"","post_title":"NICOBY","post_excerpt":"","post_status":"publish","comment_status":"closed","ping_status":"closed","post_password":"","post_name":"nicoby","to_ping":"","pinged":"","post_modified":"2022-12-01 11:20:44","post_modified_gmt":"2022-12-01 10:20:44","post_content_filtered":"","post_parent":0,"guid":"http:\/\/dev.claret.cat\/autor\/nicoby\/","menu_order":0,"post_type":"autor","post_mime_type":"","comment_count":"0","filter":"raw"},{"ID":160903,"post_author":"3","post_date":"2022-10-14 15:56:49","post_date_gmt":"2022-10-14 13:56:49","post_content":"","post_title":"JOSTEIN GAARDER","post_excerpt":"","post_status":"publish","comment_status":"closed","ping_status":"closed","post_password":"","post_name":"jostein-gaarder","to_ping":"","pinged":"","post_modified":"2022-10-14 15:56:49","post_modified_gmt":"2022-10-14 13:56:49","post_content_filtered":"","post_parent":0,"guid":"http:\/\/dev.claret.cat\/autor\/jostein-gaarder\/","menu_order":0,"post_type":"autor","post_mime_type":"","comment_count":"0","filter":"raw"}]},"aioseo_notices":[],"_links":{"self":[{"href":"https:\/\/www.claret.cat\/es\/wp-json\/wp\/v2\/product\/886351","targetHints":{"allow":["GET"]}}],"collection":[{"href":"https:\/\/www.claret.cat\/es\/wp-json\/wp\/v2\/product"}],"about":[{"href":"https:\/\/www.claret.cat\/es\/wp-json\/wp\/v2\/types\/product"}],"wp:featuredmedia":[{"embeddable":true,"href":"https:\/\/www.claret.cat\/es\/wp-json\/wp\/v2\/media\/886756"}],"wp:attachment":[{"href":"https:\/\/www.claret.cat\/es\/wp-json\/wp\/v2\/media?parent=886351"}],"wp:term":[{"taxonomy":"product_brand","embeddable":true,"href":"https:\/\/www.claret.cat\/es\/wp-json\/wp\/v2\/product_brand?post=886351"},{"taxonomy":"product_cat","embeddable":true,"href":"https:\/\/www.claret.cat\/es\/wp-json\/wp\/v2\/product_cat?post=886351"},{"taxonomy":"product_tag","embeddable":true,"href":"https:\/\/www.claret.cat\/es\/wp-json\/wp\/v2\/product_tag?post=886351"}],"curies":[{"name":"wp","href":"https:\/\/api.w.org\/{rel}","templated":true}]}}