{"id":88636,"date":"2022-10-11T18:19:56","date_gmt":"2022-10-11T16:19:56","guid":{"rendered":"http:\/\/dev.claret.cat\/producte\/razones-para-vivir\/"},"modified":"2024-05-24T06:20:39","modified_gmt":"2024-05-24T04:20:39","slug":"razones-para-vivir-9788430120901","status":"publish","type":"product","link":"https:\/\/www.claret.cat\/es\/libro\/razones-para-vivir-9788430120901\/","title":{"rendered":"RAZONES PARA VIVIR"},"content":{"rendered":"<p>Cuarta entrega de art\u00edculos sobre las razones que nos ayudan a vivir. Estos textos son el fruto de la comunicaci\u00f3n semanal de Mart\u00edn Descalzo con los lectores durante casi cuatro a\u00f1os. Y tienen como trasfondo vital la enfermedad y las di\u00e1lisis a las que se fue sometiendo durante dichos a\u00f1os. Leyendo la historia de Pilato, me dije a m\u00ed mismo: \u00bfTe has fijado de en qu\u00e9 momento formula el prefecto romano su famosa afirmaci\u00f3n cristol\u00f3gica: He aqu\u00ed al hombre? \u00a1Cuando le ve destrozado de golpes, con el rostro tumefacto de bofetadas, deshecho por la garra del dolor! \u00bfEs que el hombre solo empieza a ser hombre cuando ha pasado ya por la criba del dolor? No me atrevo a contestar tajantemente a esta terrible pregunta pero s\u00ed quiero deciros que a m\u00ed el dolor me ha estirado el alma para entender un poco mejor las de los dem\u00e1s y, con ello, otorgarme los mejores gozos de mi vida.<\/p>\n","protected":false},"excerpt":{"rendered":"<p>MART\u00cdN DESCALZO, JOS\u00c9 LUIS<\/p>\n","protected":false},"featured_media":342367,"template":"","meta":{"_acf_changed":false,"om_disable_all_campaigns":false,"rs_blank_template":"","rs_page_bg_color":"","slide_template_v7":"","inline_featured_image":false,"_monsterinsights_skip_tracking":false,"_monsterinsights_sitenote_active":false,"_monsterinsights_sitenote_note":"","_monsterinsights_sitenote_category":0},"product_brand":[],"product_cat":[485,232,237,488],"product_tag":[],"class_list":{"0":"post-88636","1":"product","2":"type-product","3":"status-publish","4":"has-post-thumbnail","6":"product_cat-autores-espiritualidad-1_espiritualidad","7":"product_cat-autors-espiritualitat","8":"product_cat-cami-de-perfeccionament","9":"product_cat-camino-de-perfeccionamiento","11":"first","12":"instock","13":"taxable","14":"shipping-taxable","15":"purchasable","16":"product-type-simple"},"acf":{"editorial":[{"ID":6364,"post_author":"3","post_date":"2022-07-28 17:50:36","post_date_gmt":"2022-07-28 15:50:36","post_content":"","post_title":"S\u00edgueme","post_excerpt":"","post_status":"publish","comment_status":"closed","ping_status":"closed","post_password":"","post_name":"sigueme","to_ping":"","pinged":"","post_modified":"2022-07-28 17:50:36","post_modified_gmt":"2022-07-28 15:50:36","post_content_filtered":"","post_parent":0,"guid":"http:\/\/dev.claret.cat\/editorial\/sigueme\/","menu_order":0,"post_type":"editorial","post_mime_type":"","comment_count":"0","filter":"raw"}],"autor":"MART\u00cdN DESCALZO, JOS\u00c9 LUIS","codart":"843012090","libros-coleccion":"Nueva Alianza","ediciones":"30","encuadernacion":"R\u00fastica","fecha_de_publicacion":"28\/05\/2021","novedad":"1","paginas":"288","subtitulo":"CUADERNO DE APUNTES IV","orden":"0","portada":"0","idioma":"spa","autores-libros":[{"ID":160342,"post_author":"3","post_date":"2022-10-14 15:52:17","post_date_gmt":"2022-10-14 13:52:17","post_content":"","post_title":"JOS\u00c9 LUIS MART\u00cdN DESCALZO","post_excerpt":"","post_status":"publish","comment_status":"closed","ping_status":"closed","post_password":"","post_name":"jose-luis-martin-descalzo","to_ping":"","pinged":"","post_modified":"2022-10-14 15:52:17","post_modified_gmt":"2022-10-14 13:52:17","post_content_filtered":"","post_parent":0,"guid":"http:\/\/dev.claret.cat\/autor\/jose-luis-martin-descalzo\/","menu_order":0,"post_type":"autor","post_mime_type":"","comment_count":"0","filter":"raw"}]},"aioseo_notices":[],"_links":{"self":[{"href":"https:\/\/www.claret.cat\/es\/wp-json\/wp\/v2\/product\/88636","targetHints":{"allow":["GET"]}}],"collection":[{"href":"https:\/\/www.claret.cat\/es\/wp-json\/wp\/v2\/product"}],"about":[{"href":"https:\/\/www.claret.cat\/es\/wp-json\/wp\/v2\/types\/product"}],"wp:featuredmedia":[{"embeddable":true,"href":"https:\/\/www.claret.cat\/es\/wp-json\/wp\/v2\/media\/342367"}],"wp:attachment":[{"href":"https:\/\/www.claret.cat\/es\/wp-json\/wp\/v2\/media?parent=88636"}],"wp:term":[{"taxonomy":"product_brand","embeddable":true,"href":"https:\/\/www.claret.cat\/es\/wp-json\/wp\/v2\/product_brand?post=88636"},{"taxonomy":"product_cat","embeddable":true,"href":"https:\/\/www.claret.cat\/es\/wp-json\/wp\/v2\/product_cat?post=88636"},{"taxonomy":"product_tag","embeddable":true,"href":"https:\/\/www.claret.cat\/es\/wp-json\/wp\/v2\/product_tag?post=88636"}],"curies":[{"name":"wp","href":"https:\/\/api.w.org\/{rel}","templated":true}]}}