{"id":886386,"date":"2023-10-27T18:37:25","date_gmt":"2023-10-27T16:37:25","guid":{"rendered":"https:\/\/www.claret.cat\/llibre\/fent-cami-amb-les-parelles-i-i-ii-9788491364900\/"},"modified":"2023-10-27T18:38:39","modified_gmt":"2023-10-27T16:38:39","slug":"fent-cami-amb-les-parelles-i-i-ii-9788491364900","status":"publish","type":"product","link":"https:\/\/www.claret.cat\/es\/libro\/fent-cami-amb-les-parelles-i-i-ii-9788491364900\/","title":{"rendered":"FENT CAM\u00cd AMB LES PARELLES I i II"},"content":{"rendered":"<p>El volum I explica qu\u00e8 s\u00f3n i com treballen els Centres de Preparaci\u00f3 per al Matrimoni (CPM). El CPM s\u2019insereix en el conjunt de la tasca eclesial respecte al matrimoni i la fam\u00edlia. La primera part est\u00e0 dedicada a la pastoral prematrimonial com a tal. La segona exposa en detall els set temes entorn dels quals gira el contacte del CPM amb les parelles. La tercera presenta els aspectes m\u00e9s importants de la vida i el treball del CPM, despr\u00e9s que les dues parts anteriors n\u2019han mostrat l\u2019esperit.<br \/>El volum II ofereix als membres dels Centres de Preparaci\u00f3 per al matrimoni (CPM) el \u201cmaterial de treball\u201d per a la seva tasca amb les parelles de promesos. El material d\u2019aquestes p\u00e0gines resumeix, concreta i aplica les orientacions del llibre Fent cam\u00ed amb les parelles 1. Di\u00e0\u00aclegs prematrimonials, de manera que tot el que es diu aqu\u00ed s\u2019ent\u00e9n no\u00acm\u00e9s a la llum dels estudis m\u00e9s detallats que all\u00e0 hi apareixen.<\/p>\n","protected":false},"excerpt":{"rendered":"<p>MORA, GASPAR \/ SALVAT, IGNASI<\/p>\n","protected":false},"featured_media":886387,"template":"","meta":{"_acf_changed":false,"om_disable_all_campaigns":false,"rs_blank_template":"","rs_page_bg_color":"","slide_template_v7":"","inline_featured_image":false,"_monsterinsights_skip_tracking":false,"_monsterinsights_sitenote_active":false,"_monsterinsights_sitenote_note":"","_monsterinsights_sitenote_category":0},"product_brand":[],"product_cat":[252,398],"product_tag":[],"class_list":{"0":"post-886386","1":"product","2":"type-product","3":"status-publish","4":"has-post-thumbnail","6":"product_cat-altres-rituals","7":"product_cat-otros-rituales","9":"first","10":"instock","11":"taxable","12":"shipping-taxable","13":"purchasable","14":"product-type-simple"},"acf":{"autor":"MORA, GASPAR \/ SALVAT, IGNASI","codart":"849136490","libros-coleccion":"","ediciones":"1","encuadernacion":"R\u00fastica","fecha_de_publicacion":"27\/10\/2023","novedad":"1","paginas":"0","subtitulo":"","orden":"0","portada":"0","idioma":"cat","editorial":[{"ID":8226,"post_author":"3","post_date":"2022-09-30 09:21:17","post_date_gmt":"2022-09-30 07:21:17","post_content":"","post_title":"CENTRE DE PREPARACI\u00d3 PER AL MATRIMONI","post_excerpt":"","post_status":"publish","comment_status":"closed","ping_status":"closed","post_password":"","post_name":"centre-de-preparacio-per-al-matrimoni","to_ping":"","pinged":"","post_modified":"2022-09-30 09:21:17","post_modified_gmt":"2022-09-30 07:21:17","post_content_filtered":"","post_parent":0,"guid":"http:\/\/dev.claret.cat\/editorial\/centre-de-preparacio-per-al-matrimoni\/","menu_order":0,"post_type":"editorial","post_mime_type":"","comment_count":"0","filter":"raw"}],"autores-libros":[{"ID":8344,"post_author":"3","post_date":"2022-09-30 09:47:52","post_date_gmt":"2022-09-30 07:47:52","post_content":"","post_title":"IGNASI SALVAT","post_excerpt":"","post_status":"publish","comment_status":"closed","ping_status":"closed","post_password":"","post_name":"ignasi-salvat","to_ping":"","pinged":"","post_modified":"2022-09-30 09:47:52","post_modified_gmt":"2022-09-30 07:47:52","post_content_filtered":"","post_parent":0,"guid":"http:\/\/dev.claret.cat\/autor\/ignasi-salvat\/","menu_order":0,"post_type":"autor","post_mime_type":"","comment_count":"0","filter":"raw"},{"ID":8335,"post_author":"3","post_date":"2022-09-30 09:47:48","post_date_gmt":"2022-09-30 07:47:48","post_content":"","post_title":"GASPAR MORA","post_excerpt":"","post_status":"publish","comment_status":"closed","ping_status":"closed","post_password":"","post_name":"gaspar-mora","to_ping":"","pinged":"","post_modified":"2022-09-30 09:47:48","post_modified_gmt":"2022-09-30 07:47:48","post_content_filtered":"","post_parent":0,"guid":"http:\/\/dev.claret.cat\/autor\/gaspar-mora\/","menu_order":0,"post_type":"autor","post_mime_type":"","comment_count":"0","filter":"raw"}]},"aioseo_notices":[],"_links":{"self":[{"href":"https:\/\/www.claret.cat\/es\/wp-json\/wp\/v2\/product\/886386","targetHints":{"allow":["GET"]}}],"collection":[{"href":"https:\/\/www.claret.cat\/es\/wp-json\/wp\/v2\/product"}],"about":[{"href":"https:\/\/www.claret.cat\/es\/wp-json\/wp\/v2\/types\/product"}],"wp:featuredmedia":[{"embeddable":true,"href":"https:\/\/www.claret.cat\/es\/wp-json\/wp\/v2\/media\/886387"}],"wp:attachment":[{"href":"https:\/\/www.claret.cat\/es\/wp-json\/wp\/v2\/media?parent=886386"}],"wp:term":[{"taxonomy":"product_brand","embeddable":true,"href":"https:\/\/www.claret.cat\/es\/wp-json\/wp\/v2\/product_brand?post=886386"},{"taxonomy":"product_cat","embeddable":true,"href":"https:\/\/www.claret.cat\/es\/wp-json\/wp\/v2\/product_cat?post=886386"},{"taxonomy":"product_tag","embeddable":true,"href":"https:\/\/www.claret.cat\/es\/wp-json\/wp\/v2\/product_tag?post=886386"}],"curies":[{"name":"wp","href":"https:\/\/api.w.org\/{rel}","templated":true}]}}