{"id":886396,"date":"2023-10-27T19:07:57","date_gmt":"2023-10-27T17:07:57","guid":{"rendered":"https:\/\/www.claret.cat\/llibre\/una-habitacio-als-nuvols-9788419659422\/"},"modified":"2023-10-30T12:30:15","modified_gmt":"2023-10-30T11:30:15","slug":"una-habitacio-als-nuvols-9788419659422","status":"publish","type":"product","link":"https:\/\/www.claret.cat\/es\/libro\/una-habitacio-als-nuvols-9788419659422\/","title":{"rendered":"UNA HABITACI\u00d3 ALS N\u00daVOLS"},"content":{"rendered":"<p>La Balma descobreix una gran passi\u00f3 en trobar una foto del seu rebesavi Daniel, que era pilot.<\/p>\n","protected":false},"excerpt":{"rendered":"<p>BROSETA, TERESA\/CAMPOS, PATRICIA<\/p>\n","protected":false},"featured_media":886579,"template":"","meta":{"_acf_changed":false,"om_disable_all_campaigns":false,"rs_blank_template":"","rs_page_bg_color":"","slide_template_v7":"","inline_featured_image":false,"_monsterinsights_skip_tracking":false,"_monsterinsights_sitenote_active":false,"_monsterinsights_sitenote_note":"","_monsterinsights_sitenote_category":0},"product_brand":[],"product_cat":[132,362],"product_tag":[],"class_list":{"0":"post-886396","1":"product","2":"type-product","3":"status-publish","4":"has-post-thumbnail","6":"product_cat-lectures-per-preadolescents-6-12-anys","7":"product_cat-libros-preadolescentes-6-12-anos","9":"first","10":"instock","11":"taxable","12":"shipping-taxable","13":"purchasable","14":"product-type-simple"},"acf":{"autor":"BROSETA, TERESA\/CAMPOS, PATRICIA","codart":"8419659422","libros-coleccion":"FORA DE COL.LECCI\u00d3","ediciones":"1","encuadernacion":"R\u00fastica","fecha_de_publicacion":"01\/09\/2023","novedad":"1","paginas":"114","subtitulo":"","orden":"0","portada":"0","idioma":"cat","editorial":[{"ID":6123,"post_author":"3","post_date":"2022-07-28 17:45:23","post_date_gmt":"2022-07-28 15:45:23","post_content":"","post_title":"ANIMALLIBRES","post_excerpt":"","post_status":"publish","comment_status":"closed","ping_status":"closed","post_password":"","post_name":"animallibres","to_ping":"","pinged":"","post_modified":"2022-07-28 17:45:23","post_modified_gmt":"2022-07-28 15:45:23","post_content_filtered":"","post_parent":0,"guid":"http:\/\/dev.claret.cat\/editorial\/animallibres\/","menu_order":0,"post_type":"editorial","post_mime_type":"","comment_count":"0","filter":"raw"}],"autores-libros":[{"ID":886432,"post_author":"3","post_date":"2023-10-27 19:31:16","post_date_gmt":"2023-10-27 17:31:16","post_content":"","post_title":"PATRICIA CAMPOS","post_excerpt":"","post_status":"publish","comment_status":"closed","ping_status":"closed","post_password":"","post_name":"patricia-campos","to_ping":"","pinged":"","post_modified":"2023-10-27 19:31:16","post_modified_gmt":"2023-10-27 17:31:16","post_content_filtered":"","post_parent":0,"guid":"https:\/\/www.claret.cat\/autor\/patricia-campos\/","menu_order":0,"post_type":"autor","post_mime_type":"","comment_count":"0","filter":"raw"},{"ID":322987,"post_author":"3","post_date":"2023-01-03 05:16:11","post_date_gmt":"2023-01-03 04:16:11","post_content":"","post_title":"TERESA BROSETA","post_excerpt":"","post_status":"publish","comment_status":"closed","ping_status":"closed","post_password":"","post_name":"teresa-broseta","to_ping":"","pinged":"","post_modified":"2023-01-03 05:16:11","post_modified_gmt":"2023-01-03 04:16:11","post_content_filtered":"","post_parent":0,"guid":"https:\/\/www.claret.cat\/autor\/teresa-broseta\/","menu_order":0,"post_type":"autor","post_mime_type":"","comment_count":"0","filter":"raw"}]},"aioseo_notices":[],"_links":{"self":[{"href":"https:\/\/www.claret.cat\/es\/wp-json\/wp\/v2\/product\/886396","targetHints":{"allow":["GET"]}}],"collection":[{"href":"https:\/\/www.claret.cat\/es\/wp-json\/wp\/v2\/product"}],"about":[{"href":"https:\/\/www.claret.cat\/es\/wp-json\/wp\/v2\/types\/product"}],"wp:featuredmedia":[{"embeddable":true,"href":"https:\/\/www.claret.cat\/es\/wp-json\/wp\/v2\/media\/886579"}],"wp:attachment":[{"href":"https:\/\/www.claret.cat\/es\/wp-json\/wp\/v2\/media?parent=886396"}],"wp:term":[{"taxonomy":"product_brand","embeddable":true,"href":"https:\/\/www.claret.cat\/es\/wp-json\/wp\/v2\/product_brand?post=886396"},{"taxonomy":"product_cat","embeddable":true,"href":"https:\/\/www.claret.cat\/es\/wp-json\/wp\/v2\/product_cat?post=886396"},{"taxonomy":"product_tag","embeddable":true,"href":"https:\/\/www.claret.cat\/es\/wp-json\/wp\/v2\/product_tag?post=886396"}],"curies":[{"name":"wp","href":"https:\/\/api.w.org\/{rel}","templated":true}]}}