{"id":886399,"date":"2023-10-27T19:10:56","date_gmt":"2023-10-27T17:10:56","guid":{"rendered":"https:\/\/www.claret.cat\/llibre\/sofregit-9788413563084\/"},"modified":"2023-10-27T19:30:40","modified_gmt":"2023-10-27T17:30:40","slug":"sofregit-9788413563084","status":"publish","type":"product","link":"https:\/\/www.claret.cat\/es\/libro\/sofregit-9788413563084\/","title":{"rendered":"SOFREGIT"},"content":{"rendered":"<p>UN LLIBRE AMB 50 RECEPTES DELICIOSES DE LA CUINA CATALANA QUE PARTEIXEN DE LA BASE D&#8217;UN BON SOFREGIT, L&#8217;ELEMENT CLAU DE L&#8217;EXQUISIDESA DE LA NOSTRA GASTRONOMIA. 2A EDICI\u00d3  Fer el sofregit requereix paci\u00e8ncia, const\u00e0ncia i dedicaci\u00f3. No es pot fer amb presses, de qualsevol forma, a tot gas; hem de gestionar el temps com un ingredient m\u00e9s de la recepta, i no el menys important. \u00c9s la base de la nostra cuina catalana antiga i familiar, el fonament per construir a sobre el que vulguem: des de la m\u00e9s tradicional de les receptes fins a la m\u00e9s creativa. Perqu\u00e8 un bon sofregit ho aguanta tot. Per tot aix\u00f2, aquest llibre pret\u00e9n convidar-vos a cuinar a trav\u00e9s de la tradici\u00f3 culin\u00e0ria del nostre pa\u00eds i d&#8217;aquells productes i t\u00e8cniques que li s\u00f3n propis, per mitj\u00e0 d&#8217;un receptari delici\u00f3s amb plats per a qualsevol ocasi\u00f3 i moment de l&#8217;any, i amb la descripci\u00f3 de diferents f\u00f3rmules per cuinar-los. Amb tot, l&#8217;autor tamb\u00e9 ens explica aquelles peculiaritats geogr\u00e0fiques i culturals que defineixen la cuina catalana.<\/p>\n","protected":false},"excerpt":{"rendered":"<p>HERCE CARMONA, ENRIC<\/p>\n","protected":false},"featured_media":886400,"template":"","meta":{"_acf_changed":false,"om_disable_all_campaigns":false,"rs_blank_template":"","rs_page_bg_color":"","slide_template_v7":"","inline_featured_image":false,"_monsterinsights_skip_tracking":false,"_monsterinsights_sitenote_active":false,"_monsterinsights_sitenote_note":"","_monsterinsights_sitenote_category":0},"product_brand":[],"product_cat":[553,103],"product_tag":[],"class_list":{"0":"post-886399","1":"product","2":"type-product","3":"status-publish","4":"has-post-thumbnail","6":"product_cat-cocina","7":"product_cat-cuina","9":"first","10":"instock","11":"taxable","12":"shipping-taxable","13":"purchasable","14":"product-type-simple"},"acf":{"autor":"HERCE CARMONA, ENRIC","codart":"841356308","libros-coleccion":"Sensacions","ediciones":"1","encuadernacion":"R\u00fastica","fecha_de_publicacion":"01\/10\/2023","novedad":"1","paginas":"160","subtitulo":"50 RECEPTES I HIST\u00d2RIES PARTICULARS DE LA CUINA CATALANA","orden":"0","portada":"0","idioma":"cat","editorial":[{"ID":6171,"post_author":"3","post_date":"2022-07-28 17:46:25","post_date_gmt":"2022-07-28 15:46:25","post_content":"","post_title":"COSSETANIA EDICIONS","post_excerpt":"","post_status":"publish","comment_status":"closed","ping_status":"closed","post_password":"","post_name":"cossetania-edicions","to_ping":"","pinged":"","post_modified":"2022-07-28 17:46:25","post_modified_gmt":"2022-07-28 15:46:25","post_content_filtered":"","post_parent":0,"guid":"http:\/\/dev.claret.cat\/editorial\/cossetania-edicions\/","menu_order":0,"post_type":"editorial","post_mime_type":"","comment_count":"0","filter":"raw"}],"autores-libros":[{"ID":155111,"post_author":"3","post_date":"2022-10-14 15:10:15","post_date_gmt":"2022-10-14 13:10:15","post_content":"","post_title":"ENRIC HERCE CARMONA","post_excerpt":"","post_status":"publish","comment_status":"closed","ping_status":"closed","post_password":"","post_name":"enric-herce-carmona","to_ping":"","pinged":"","post_modified":"2022-10-14 15:10:15","post_modified_gmt":"2022-10-14 13:10:15","post_content_filtered":"","post_parent":0,"guid":"http:\/\/dev.claret.cat\/autor\/enric-herce-carmona\/","menu_order":0,"post_type":"autor","post_mime_type":"","comment_count":"0","filter":"raw"}]},"aioseo_notices":[],"_links":{"self":[{"href":"https:\/\/www.claret.cat\/es\/wp-json\/wp\/v2\/product\/886399","targetHints":{"allow":["GET"]}}],"collection":[{"href":"https:\/\/www.claret.cat\/es\/wp-json\/wp\/v2\/product"}],"about":[{"href":"https:\/\/www.claret.cat\/es\/wp-json\/wp\/v2\/types\/product"}],"wp:featuredmedia":[{"embeddable":true,"href":"https:\/\/www.claret.cat\/es\/wp-json\/wp\/v2\/media\/886400"}],"wp:attachment":[{"href":"https:\/\/www.claret.cat\/es\/wp-json\/wp\/v2\/media?parent=886399"}],"wp:term":[{"taxonomy":"product_brand","embeddable":true,"href":"https:\/\/www.claret.cat\/es\/wp-json\/wp\/v2\/product_brand?post=886399"},{"taxonomy":"product_cat","embeddable":true,"href":"https:\/\/www.claret.cat\/es\/wp-json\/wp\/v2\/product_cat?post=886399"},{"taxonomy":"product_tag","embeddable":true,"href":"https:\/\/www.claret.cat\/es\/wp-json\/wp\/v2\/product_tag?post=886399"}],"curies":[{"name":"wp","href":"https:\/\/api.w.org\/{rel}","templated":true}]}}