{"id":8864,"date":"2022-09-30T12:22:19","date_gmt":"2022-09-30T10:22:19","guid":{"rendered":"http:\/\/dev.claret.cat\/producte\/els-nous-moviments-eclesials-i-els-papes\/"},"modified":"2024-07-10T11:29:40","modified_gmt":"2024-07-10T09:29:40","slug":"els-nous-moviments-eclesials-i-els-papes-9788491364061","status":"publish","type":"product","link":"https:\/\/www.claret.cat\/es\/libro\/els-nous-moviments-eclesials-i-els-papes-9788491364061\/","title":{"rendered":"ELS NOUS MOVIMENTS ECLESIALS I ELS PAPES"},"content":{"rendered":"<p>Les orientacions de Joan Pau II, Benet XVI i Francesc sobre els nous moviments eclesials, posen en relleu la rica aportaci\u00f3 espiritual i pastoral d&#8217;aquests moviments i a la vegada expressen les reflexions i observacions dels Papes sobre tot all\u00f2 que han de superar o millorar perqu\u00e8 els carismes que l&#8217;Esperit Sant suscita ajudin m\u00e9s plenament a l&#8217;evangelitzaci\u00f3 i al testimoniatge cristi\u00e0 en el m\u00f3n d&#8217;avui.<\/p>\n<p>Tamb\u00e9 disponible en <a href='https:\/\/www.claret.cat\/es\/libro\/LOS-NUEVOS-MOVIMIENTOS-ECLESIALES-Y-LOS-PAPAS-849136407'>castell\u00e0<\/a>.<\/p>\n","protected":false},"excerpt":{"rendered":"<p>MART\u00cdNEZ SISTACH, LLU\u00cdS<\/p>\n","protected":false},"featured_media":974205,"template":"","meta":{"_acf_changed":false,"om_disable_all_campaigns":false,"rs_blank_template":"","rs_page_bg_color":"","slide_template_v7":"","inline_featured_image":false,"_monsterinsights_skip_tracking":false,"_monsterinsights_sitenote_active":false,"_monsterinsights_sitenote_note":"","_monsterinsights_sitenote_category":0},"product_brand":[],"product_cat":[93,543,581],"product_tag":[],"class_list":{"0":"post-8864","1":"product","2":"type-product","3":"status-publish","4":"has-post-thumbnail","6":"product_cat-eclesiologia","7":"product_cat-eclesiologia-es","8":"product_cat-editorial-claret","10":"first","11":"instock","12":"taxable","13":"shipping-taxable","14":"purchasable","15":"product-type-simple"},"acf":{"editorial":[{"ID":6158,"post_author":"3","post_date":"2022-07-28 17:46:08","post_date_gmt":"2022-07-28 15:46:08","post_content":"","post_title":"CLARET","post_excerpt":"","post_status":"publish","comment_status":"closed","ping_status":"closed","post_password":"","post_name":"claret","to_ping":"","pinged":"","post_modified":"2022-07-28 17:46:08","post_modified_gmt":"2022-07-28 15:46:08","post_content_filtered":"","post_parent":0,"guid":"http:\/\/dev.claret.cat\/editorial\/claret\/","menu_order":0,"post_type":"editorial","post_mime_type":"","comment_count":"0","filter":"raw"}],"autores-libros":[{"ID":5735,"post_author":"3","post_date":"2022-07-28 17:30:20","post_date_gmt":"2022-07-28 15:30:20","post_content":"<span class=\"fontstyle0\">Llu\u00eds Mart\u00ednez Sistach va ser ordenat sacerdot el 1961. Es va doctorar el 1967 en dret civil i can\u00f2nic. El 1987 va ser consagrat bisbe titular d\u2019Algesires i auxiliar de Barcelona. El 1991 va ser nomenat bisbe de Tortosa. El 2004 va ser nomenat Arquebisbe Metropolit\u00e0 de Barcelona. El 2007 el papa Benet XVI el va nomenar cardenal. El 2013 va participar al Conclave que va escollir el cardenal Jorge Mario Bergoglio com a Papa. El papa Francesc, el 2015, va fer efectiva la seva ren\u00fancia al capdavant de l\u2019arquebisbat de Barcelona.<\/span>","post_title":"LLU\u00cdS MART\u00cdNEZ SISTACH","post_excerpt":"","post_status":"publish","comment_status":"closed","ping_status":"closed","post_password":"","post_name":"lluis-martinez-sistach","to_ping":"","pinged":"","post_modified":"2025-05-29 17:23:33","post_modified_gmt":"2025-05-29 15:23:33","post_content_filtered":"","post_parent":0,"guid":"http:\/\/dev.claret.cat\/autor\/lluis-martinez-sistach\/","menu_order":0,"post_type":"autor","post_mime_type":"","comment_count":"0","filter":"raw"}],"autor":"MART\u00cdNEZ SISTACH, LLU\u00cdS","codart":"849136406","libros-coleccion":"","ediciones":"1","encuadernacion":"R\u00fastica","fecha_de_publicacion":"29\/03\/2022","novedad":"1","paginas":"72","subtitulo":"","orden":"0","portada":"0","idioma":"cat","booktrailer":"","linkebook":"","ficha":"849136406_1689070054.pdf","muestra":"","precioebook":"0","presentacion":"","resenas":"<p>Catalunya Cristiana, 13\/11\/2022<\/p>\n<p><a href=\"https:\/\/drive.google.com\/file\/d\/1GpG7od0jr-tYF0LY-iHmRfDMaUEOKO11\/view?usp=sharing\" rel=\"noopener noreferrer\" target=\"_blank\">https:\/\/drive.google.com\/file\/d\/1GpG7od0jr-tYF0LY-iHmRfDMaUEOKO11\/view?usp=sharing<\/a><\/p>\n"},"aioseo_notices":[],"_links":{"self":[{"href":"https:\/\/www.claret.cat\/es\/wp-json\/wp\/v2\/product\/8864","targetHints":{"allow":["GET"]}}],"collection":[{"href":"https:\/\/www.claret.cat\/es\/wp-json\/wp\/v2\/product"}],"about":[{"href":"https:\/\/www.claret.cat\/es\/wp-json\/wp\/v2\/types\/product"}],"wp:featuredmedia":[{"embeddable":true,"href":"https:\/\/www.claret.cat\/es\/wp-json\/wp\/v2\/media\/974205"}],"wp:attachment":[{"href":"https:\/\/www.claret.cat\/es\/wp-json\/wp\/v2\/media?parent=8864"}],"wp:term":[{"taxonomy":"product_brand","embeddable":true,"href":"https:\/\/www.claret.cat\/es\/wp-json\/wp\/v2\/product_brand?post=8864"},{"taxonomy":"product_cat","embeddable":true,"href":"https:\/\/www.claret.cat\/es\/wp-json\/wp\/v2\/product_cat?post=8864"},{"taxonomy":"product_tag","embeddable":true,"href":"https:\/\/www.claret.cat\/es\/wp-json\/wp\/v2\/product_tag?post=8864"}],"curies":[{"name":"wp","href":"https:\/\/api.w.org\/{rel}","templated":true}]}}