{"id":886434,"date":"2023-10-27T19:40:41","date_gmt":"2023-10-27T17:40:41","guid":{"rendered":"https:\/\/www.claret.cat\/llibre\/escolta-els-sons-de-la-selva-9788411962360\/"},"modified":"2023-10-30T12:19:26","modified_gmt":"2023-10-30T11:19:26","slug":"escolta-els-sons-de-la-selva-9788411962360","status":"publish","type":"product","link":"https:\/\/www.claret.cat\/es\/libro\/escolta-els-sons-de-la-selva-9788411962360\/","title":{"rendered":"ESCOLTA ELS SONS DE LA SELVA"},"content":{"rendered":"<p>Obre les p\u00e0gines d&#8217;aquest llibre i podr\u00e0s escoltar els sons que sorgeixen de les selves del m\u00f3n. Coneixer\u00e0s els animals que hi viuen i descobrir\u00e0s el so que emet el gran goril\u00b7la afric\u00e0 o l&#8217;orangutan asi\u00e0tic, el tigre de l&#8217;\u00cdndia o el jaguar americ\u00e0. Gaudeix i apr\u00e8n amb  tots ells!<\/p>\n","protected":false},"excerpt":{"rendered":"<p>SUSAETA, EQUIP<\/p>\n","protected":false},"featured_media":886562,"template":"","meta":{"_acf_changed":false,"om_disable_all_campaigns":false,"rs_blank_template":"","rs_page_bg_color":"","slide_template_v7":"","inline_featured_image":false,"_monsterinsights_skip_tracking":false,"_monsterinsights_sitenote_active":false,"_monsterinsights_sitenote_note":"","_monsterinsights_sitenote_category":0},"product_brand":[],"product_cat":[131,361],"product_tag":[],"class_list":{"0":"post-886434","1":"product","2":"type-product","3":"status-publish","4":"has-post-thumbnail","6":"product_cat-contes-per-infants-0-6-anys","7":"product_cat-cuentos-para-ninos-0-6-anos","9":"first","10":"instock","11":"taxable","12":"shipping-taxable","13":"purchasable","14":"product-type-simple"},"acf":{"autor":"SUSAETA, EQUIP","codart":"841196236","libros-coleccion":"FORA DE COL.LECCI\u00d3","ediciones":"1","encuadernacion":"Carton\u00e9","fecha_de_publicacion":"01\/10\/2023","novedad":"1","paginas":"12","subtitulo":"","orden":"0","portada":"0","idioma":"cat","editorial":[{"ID":148846,"post_author":"3","post_date":"2022-10-14 12:01:27","post_date_gmt":"2022-10-14 10:01:27","post_content":"","post_title":"SUSAETA EDICIONES","post_excerpt":"","post_status":"publish","comment_status":"closed","ping_status":"closed","post_password":"","post_name":"susaeta-ediciones","to_ping":"","pinged":"","post_modified":"2022-10-14 12:01:27","post_modified_gmt":"2022-10-14 10:01:27","post_content_filtered":"","post_parent":0,"guid":"http:\/\/dev.claret.cat\/editorial\/susaeta-ediciones\/","menu_order":0,"post_type":"editorial","post_mime_type":"","comment_count":"0","filter":"raw"}],"autores-libros":[{"ID":155214,"post_author":"3","post_date":"2022-10-14 15:11:04","post_date_gmt":"2022-10-14 13:11:04","post_content":"","post_title":"EQUIP SUSAETA","post_excerpt":"","post_status":"publish","comment_status":"closed","ping_status":"closed","post_password":"","post_name":"equip-susaeta","to_ping":"","pinged":"","post_modified":"2022-10-14 15:11:04","post_modified_gmt":"2022-10-14 13:11:04","post_content_filtered":"","post_parent":0,"guid":"http:\/\/dev.claret.cat\/autor\/equip-susaeta\/","menu_order":0,"post_type":"autor","post_mime_type":"","comment_count":"0","filter":"raw"}]},"aioseo_notices":[],"_links":{"self":[{"href":"https:\/\/www.claret.cat\/es\/wp-json\/wp\/v2\/product\/886434","targetHints":{"allow":["GET"]}}],"collection":[{"href":"https:\/\/www.claret.cat\/es\/wp-json\/wp\/v2\/product"}],"about":[{"href":"https:\/\/www.claret.cat\/es\/wp-json\/wp\/v2\/types\/product"}],"wp:featuredmedia":[{"embeddable":true,"href":"https:\/\/www.claret.cat\/es\/wp-json\/wp\/v2\/media\/886562"}],"wp:attachment":[{"href":"https:\/\/www.claret.cat\/es\/wp-json\/wp\/v2\/media?parent=886434"}],"wp:term":[{"taxonomy":"product_brand","embeddable":true,"href":"https:\/\/www.claret.cat\/es\/wp-json\/wp\/v2\/product_brand?post=886434"},{"taxonomy":"product_cat","embeddable":true,"href":"https:\/\/www.claret.cat\/es\/wp-json\/wp\/v2\/product_cat?post=886434"},{"taxonomy":"product_tag","embeddable":true,"href":"https:\/\/www.claret.cat\/es\/wp-json\/wp\/v2\/product_tag?post=886434"}],"curies":[{"name":"wp","href":"https:\/\/api.w.org\/{rel}","templated":true}]}}