{"id":88654,"date":"2022-10-11T18:20:09","date_gmt":"2022-10-11T16:20:09","guid":{"rendered":"http:\/\/dev.claret.cat\/producte\/el-santo-olvidado\/"},"modified":"2024-05-02T08:05:00","modified_gmt":"2024-05-02T06:05:00","slug":"el-santo-olvidado-9788428559249","status":"publish","type":"product","link":"https:\/\/www.claret.cat\/es\/libro\/el-santo-olvidado-9788428559249\/","title":{"rendered":"EL SANTO OLVIDADO"},"content":{"rendered":"<p>La historia de Domingo de Guzm\u00e1n comienza en Caleruega, una peque\u00f1a villa castellana del valle del Duero perteneciente a la di\u00f3cesis de Osma, en el a\u00f1o 1170. Una vida breve pero tan fruct\u00edfera que el movimiento religioso que funda en plena Edad Media dura ya 800 a\u00f1os y alcanza desde entonces todas las coordenadas geogr\u00e1ficas e hist\u00f3ricas. Pero, curiosamente, y pese a su brillantez, el fundador de la orden dominicana es casi un desconocido para el gran p\u00fablico e incluso para buena parte del religioso. Las protagonistas de Invisibles, nieta y abuela, regresan en esta nueva novela de Isabel G\u00f3mez-Acebo para profundizar, por medio de sus conversaciones de mesa camilla, en la biograf\u00eda de santo Domingo, un santo olvidado pese al incalculable valor de su legado.<\/p>\n","protected":false},"excerpt":{"rendered":"<p>G\u00d3MEZ-ACEBO, ISABEL<\/p>\n","protected":false},"featured_media":450632,"template":"","meta":{"_acf_changed":false,"om_disable_all_campaigns":false,"rs_blank_template":"","rs_page_bg_color":"","slide_template_v7":"","inline_featured_image":false,"_monsterinsights_skip_tracking":false,"_monsterinsights_sitenote_active":false,"_monsterinsights_sitenote_note":"","_monsterinsights_sitenote_category":0},"product_brand":[],"product_cat":[485,232,237,488],"product_tag":[],"class_list":{"0":"post-88654","1":"product","2":"type-product","3":"status-publish","4":"has-post-thumbnail","6":"product_cat-autores-espiritualidad-1_espiritualidad","7":"product_cat-autors-espiritualitat","8":"product_cat-cami-de-perfeccionament","9":"product_cat-camino-de-perfeccionamiento","11":"first","12":"instock","13":"taxable","14":"shipping-taxable","15":"purchasable","16":"product-type-simple"},"acf":{"editorial":[{"ID":6356,"post_author":"3","post_date":"2022-07-28 17:50:26","post_date_gmt":"2022-07-28 15:50:26","post_content":"","post_title":"SAN PABLO COMUNICACI\u00d3N","post_excerpt":"","post_status":"publish","comment_status":"closed","ping_status":"closed","post_password":"","post_name":"san-pablo-comunicacion","to_ping":"","pinged":"","post_modified":"2022-07-28 17:50:26","post_modified_gmt":"2022-07-28 15:50:26","post_content_filtered":"","post_parent":0,"guid":"http:\/\/dev.claret.cat\/editorial\/san-pablo-comunicacion\/","menu_order":0,"post_type":"editorial","post_mime_type":"","comment_count":"0","filter":"raw"}],"autor":"G\u00d3MEZ-ACEBO, ISABEL","codart":"842855924","libros-coleccion":"PAR\u00c0BOLA","ediciones":"1","encuadernacion":"Carton\u00e9","fecha_de_publicacion":"28\/05\/2021","novedad":"1","paginas":"206","subtitulo":"DOMINGO DE GUZM\u00c1N","orden":"0","portada":"0","idioma":"spa","autores-libros":[{"ID":158062,"post_author":"3","post_date":"2022-10-14 15:33:51","post_date_gmt":"2022-10-14 13:33:51","post_content":"","post_title":"ISABEL G\u00d3MEZ-ACEBO","post_excerpt":"","post_status":"publish","comment_status":"closed","ping_status":"closed","post_password":"","post_name":"isabel-gomez-acebo-2","to_ping":"","pinged":"","post_modified":"2022-10-14 15:33:51","post_modified_gmt":"2022-10-14 13:33:51","post_content_filtered":"","post_parent":0,"guid":"http:\/\/dev.claret.cat\/autor\/isabel-gomez-acebo-2\/","menu_order":0,"post_type":"autor","post_mime_type":"","comment_count":"0","filter":"raw"}]},"aioseo_notices":[],"_links":{"self":[{"href":"https:\/\/www.claret.cat\/es\/wp-json\/wp\/v2\/product\/88654","targetHints":{"allow":["GET"]}}],"collection":[{"href":"https:\/\/www.claret.cat\/es\/wp-json\/wp\/v2\/product"}],"about":[{"href":"https:\/\/www.claret.cat\/es\/wp-json\/wp\/v2\/types\/product"}],"wp:featuredmedia":[{"embeddable":true,"href":"https:\/\/www.claret.cat\/es\/wp-json\/wp\/v2\/media\/450632"}],"wp:attachment":[{"href":"https:\/\/www.claret.cat\/es\/wp-json\/wp\/v2\/media?parent=88654"}],"wp:term":[{"taxonomy":"product_brand","embeddable":true,"href":"https:\/\/www.claret.cat\/es\/wp-json\/wp\/v2\/product_brand?post=88654"},{"taxonomy":"product_cat","embeddable":true,"href":"https:\/\/www.claret.cat\/es\/wp-json\/wp\/v2\/product_cat?post=88654"},{"taxonomy":"product_tag","embeddable":true,"href":"https:\/\/www.claret.cat\/es\/wp-json\/wp\/v2\/product_tag?post=88654"}],"curies":[{"name":"wp","href":"https:\/\/api.w.org\/{rel}","templated":true}]}}