{"id":886585,"date":"2023-10-30T12:38:11","date_gmt":"2023-10-30T11:38:11","guid":{"rendered":"https:\/\/www.claret.cat\/llibre\/infinit-anar-i-tornar-9788419378378\/"},"modified":"2025-12-31T12:25:12","modified_gmt":"2025-12-31T11:25:12","slug":"infinit-anar-i-tornar-9788419378378","status":"publish","type":"product","link":"https:\/\/www.claret.cat\/es\/libro\/infinit-anar-i-tornar-9788419378378\/","title":{"rendered":"INFINIT. ANAR I TORNAR"},"content":{"rendered":"<p>Ja \u00e9s aqu\u00ed el nou \u00e1lbum il\u00b7lustrat de M\u00edriam Tirado, l&#8221;autora referent de la crian\u00e7a respectuosa amb m\u00e9s de 450.000 lectors! El Jan \u00e9s consciente que la mare l&#8221;estima, per\u00f2 li encnatar\u00eda saber ins a quin punt: \u00abEs pot mesusrar l&#8221;amor?\u00bb, es pregunta. Ell voldria enir un term\u00f2metre o una cinta m\u00e8trica que li indiquessin com de gran \u00e9s l&#8221;amor de la mare&#8230; Per aix\u00f2, quan ella li diu: \u00abT&#8221;estimo fins a l&#8221;infinit, anar i tornar\u00bb, ell no ho acaba d&#8221;entendre. Per\u00f2 amb l&#8221;ajuda de la seva gosseta, la Kala, intentar\u00e0 descobrir-ho.Un conte per aprendre a identificar, rebre i donar amor incondicional i per sentir-nos sempre connectats i estimats.<\/p>\n","protected":false},"excerpt":{"rendered":"<p>TIRADO, M\u00cdRIAM<\/p>\n","protected":false},"featured_media":886689,"template":"","meta":{"_acf_changed":false,"om_disable_all_campaigns":false,"rs_blank_template":"","rs_page_bg_color":"","slide_template_v7":"","inline_featured_image":false,"_monsterinsights_skip_tracking":false,"_monsterinsights_sitenote_active":false,"_monsterinsights_sitenote_note":"","_monsterinsights_sitenote_category":0},"product_brand":[],"product_cat":[132,362],"product_tag":[],"class_list":{"0":"post-886585","1":"product","2":"type-product","3":"status-publish","4":"has-post-thumbnail","6":"product_cat-lectures-per-preadolescents-6-12-anys","7":"product_cat-libros-preadolescentes-6-12-anos","9":"first","10":"instock","11":"taxable","12":"shipping-taxable","13":"purchasable","14":"product-type-simple"},"acf":{"autor":"TIRADO, M\u00cdRIAM","codart":"841937837","libros-coleccion":"B DE BLOK","ediciones":"1","encuadernacion":"Carton\u00e9","fecha_de_publicacion":"01\/11\/2023","novedad":"1","paginas":"45","subtitulo":"","orden":"0","portada":"1","idioma":"cat","editorial":[{"ID":294535,"post_author":"3","post_date":"2022-12-12 12:50:10","post_date_gmt":"2022-12-12 11:50:10","post_content":"","post_title":"B de Blok","post_excerpt":"","post_status":"publish","comment_status":"closed","ping_status":"closed","post_password":"","post_name":"b-de-blok","to_ping":"","pinged":"","post_modified":"2022-12-12 12:50:10","post_modified_gmt":"2022-12-12 11:50:10","post_content_filtered":"","post_parent":0,"guid":"http:\/\/dev.claret.cat\/editorial\/b-de-blok\/","menu_order":0,"post_type":"editorial","post_mime_type":"","comment_count":"0","filter":"raw"}],"autores-libros":[{"ID":5862,"post_author":"3","post_date":"2022-07-28 17:33:05","post_date_gmt":"2022-07-28 15:33:05","post_content":"","post_title":"M\u00cdRIAM TIRADO","post_excerpt":"","post_status":"publish","comment_status":"closed","ping_status":"closed","post_password":"","post_name":"miriam-tirado","to_ping":"","pinged":"","post_modified":"2022-07-28 17:33:05","post_modified_gmt":"2022-07-28 15:33:05","post_content_filtered":"","post_parent":0,"guid":"http:\/\/dev.claret.cat\/autor\/miriam-tirado\/","menu_order":0,"post_type":"autor","post_mime_type":"","comment_count":"0","filter":"raw"}],"booktrailer":"","resenas":""},"aioseo_notices":[],"_links":{"self":[{"href":"https:\/\/www.claret.cat\/es\/wp-json\/wp\/v2\/product\/886585","targetHints":{"allow":["GET"]}}],"collection":[{"href":"https:\/\/www.claret.cat\/es\/wp-json\/wp\/v2\/product"}],"about":[{"href":"https:\/\/www.claret.cat\/es\/wp-json\/wp\/v2\/types\/product"}],"wp:featuredmedia":[{"embeddable":true,"href":"https:\/\/www.claret.cat\/es\/wp-json\/wp\/v2\/media\/886689"}],"wp:attachment":[{"href":"https:\/\/www.claret.cat\/es\/wp-json\/wp\/v2\/media?parent=886585"}],"wp:term":[{"taxonomy":"product_brand","embeddable":true,"href":"https:\/\/www.claret.cat\/es\/wp-json\/wp\/v2\/product_brand?post=886585"},{"taxonomy":"product_cat","embeddable":true,"href":"https:\/\/www.claret.cat\/es\/wp-json\/wp\/v2\/product_cat?post=886585"},{"taxonomy":"product_tag","embeddable":true,"href":"https:\/\/www.claret.cat\/es\/wp-json\/wp\/v2\/product_tag?post=886585"}],"curies":[{"name":"wp","href":"https:\/\/api.w.org\/{rel}","templated":true}]}}