{"id":88660,"date":"2022-10-11T18:20:13","date_gmt":"2022-10-11T16:20:13","guid":{"rendered":"http:\/\/dev.claret.cat\/producte\/dios-existe-razones-a-prueba-de-bombas-para-jovenes-excepticos\/"},"modified":"2026-01-23T11:46:21","modified_gmt":"2026-01-23T10:46:21","slug":"dios-existe-razones-a-prueba-de-bombas-para-jovenes-escepticos-9788428560054","status":"publish","type":"product","link":"https:\/\/www.claret.cat\/es\/libro\/dios-existe-razones-a-prueba-de-bombas-para-jovenes-escepticos-9788428560054\/","title":{"rendered":"DIOS EXISTE. RAZONES A PRUEBA DE BOMBAS PARA J\u00d3VENES ESC\u00c9PTICOS"},"content":{"rendered":"<p>La inmensa mayor\u00eda de j\u00f3venes \u2013y no tan j\u00f3venes\u2013 vive al margen de la trascendencia. Algunos de ellos, no encuentran razones que justifiquen la esperanza en otra vida. Para ellos va dirigido este libro. Con un lenguaje cercano, pero bien documentado, el autor demuestra que la verdad puede deslumbrar de la mano de la raz\u00f3n. \u00bfTienen alguna credibilidad hist\u00f3rica los Evangelios? \u00bfExistieron realmente los ap\u00f3stoles? \u00bfEs posible creer hoy el descabellado discurso de que vieron a su maestro resucitado? \u00bfEs posible que la ciencia nos d\u00e9 pistas evidentes de la existencia de Dios? \u00bfPodemos esperar que la raz\u00f3n pura nos aboque a ello sin remedio? \u00bfAcaso las experiencias cercanas a la muerte son algo m\u00e1s que sue\u00f1os? Las respuestas est\u00e1n en estas p\u00e1ginas. Un desaf\u00edo a la inteligencia de los que buscan la verdad.<\/p>\n","protected":false},"excerpt":{"rendered":"<p>ARIAS ARTACHO, JAVIER<\/p>\n","protected":false},"featured_media":1076574,"template":"","meta":{"_acf_changed":false,"om_disable_all_campaigns":false,"rs_blank_template":"","rs_page_bg_color":"","slide_template_v7":"","inline_featured_image":false,"_monsterinsights_skip_tracking":false,"_monsterinsights_sitenote_active":false,"_monsterinsights_sitenote_note":"","_monsterinsights_sitenote_category":0},"product_brand":[],"product_cat":[227,389,479,220,278,508],"product_tag":[],"class_list":{"0":"post-88660","1":"product","2":"type-product","3":"status-publish","4":"has-post-thumbnail","6":"product_cat-formacio","7":"product_cat-formacion","8":"product_cat-juvenil-catequesis-1_espiritualidad","9":"product_cat-juvenil-catequesi","10":"product_cat-misteri-de-deu","11":"product_cat-misterio-de-dios","13":"first","14":"instock","15":"taxable","16":"shipping-taxable","17":"purchasable","18":"product-type-simple"},"acf":{"editorial":[{"ID":6356,"post_author":"3","post_date":"2022-07-28 17:50:26","post_date_gmt":"2022-07-28 15:50:26","post_content":"","post_title":"SAN PABLO COMUNICACI\u00d3N","post_excerpt":"","post_status":"publish","comment_status":"closed","ping_status":"closed","post_password":"","post_name":"san-pablo-comunicacion","to_ping":"","pinged":"","post_modified":"2022-07-28 17:50:26","post_modified_gmt":"2022-07-28 15:50:26","post_content_filtered":"","post_parent":0,"guid":"http:\/\/dev.claret.cat\/editorial\/san-pablo-comunicacion\/","menu_order":0,"post_type":"editorial","post_mime_type":"","comment_count":"0","filter":"raw"}],"autor":"ARIAS ARTACHO, JAVIER","codart":"842856005","libros-coleccion":"Teselas","ediciones":"1","encuadernacion":"R\u00fastica","fecha_de_publicacion":"28\/05\/2021","novedad":"0","paginas":"144","subtitulo":"RAZONES A PRUEBA DE BOMBAS PARA J\u00d3VENES ESC\u00c9PTICOS","orden":"0","portada":"0","idioma":"spa","autores-libros":[{"ID":158667,"post_author":"3","post_date":"2022-10-14 15:38:40","post_date_gmt":"2022-10-14 13:38:40","post_content":"","post_title":"JAVIER ARIAS ARTACHO","post_excerpt":"","post_status":"publish","comment_status":"closed","ping_status":"closed","post_password":"","post_name":"javier-arias-artacho","to_ping":"","pinged":"","post_modified":"2022-10-14 15:38:40","post_modified_gmt":"2022-10-14 13:38:40","post_content_filtered":"","post_parent":0,"guid":"http:\/\/dev.claret.cat\/autor\/javier-arias-artacho\/","menu_order":0,"post_type":"autor","post_mime_type":"","comment_count":"0","filter":"raw"}],"booktrailer":"","resenas":""},"aioseo_notices":[],"_links":{"self":[{"href":"https:\/\/www.claret.cat\/es\/wp-json\/wp\/v2\/product\/88660","targetHints":{"allow":["GET"]}}],"collection":[{"href":"https:\/\/www.claret.cat\/es\/wp-json\/wp\/v2\/product"}],"about":[{"href":"https:\/\/www.claret.cat\/es\/wp-json\/wp\/v2\/types\/product"}],"wp:featuredmedia":[{"embeddable":true,"href":"https:\/\/www.claret.cat\/es\/wp-json\/wp\/v2\/media\/1076574"}],"wp:attachment":[{"href":"https:\/\/www.claret.cat\/es\/wp-json\/wp\/v2\/media?parent=88660"}],"wp:term":[{"taxonomy":"product_brand","embeddable":true,"href":"https:\/\/www.claret.cat\/es\/wp-json\/wp\/v2\/product_brand?post=88660"},{"taxonomy":"product_cat","embeddable":true,"href":"https:\/\/www.claret.cat\/es\/wp-json\/wp\/v2\/product_cat?post=88660"},{"taxonomy":"product_tag","embeddable":true,"href":"https:\/\/www.claret.cat\/es\/wp-json\/wp\/v2\/product_tag?post=88660"}],"curies":[{"name":"wp","href":"https:\/\/api.w.org\/{rel}","templated":true}]}}