{"id":88666,"date":"2022-10-11T18:20:17","date_gmt":"2022-10-11T16:20:17","guid":{"rendered":"http:\/\/dev.claret.cat\/producte\/antiquum-ministerium-antiguo-ministerio\/"},"modified":"2024-05-02T07:56:38","modified_gmt":"2024-05-02T05:56:38","slug":"antiquum-ministerium-antiguo-ministerio-9788428560382","status":"publish","type":"product","link":"https:\/\/www.claret.cat\/es\/libro\/antiquum-ministerium-antiguo-ministerio-9788428560382\/","title":{"rendered":"ANTIQUUM MINISTERIUM. ANTIGUO MINISTERIO"},"content":{"rendered":"<p>Los catequistas son al mismo tiempo testigos de la fe, maestros y mistagogos, acompa\u00f1antes y pedagogos que ense\u00f1an en nombre de la Iglesia. El papa Francisco instituye con esta carta apost\u00f3lica en forma de Motu proprio el ministerio laical de Catequista, siguiendo la amplia y diversa tradici\u00f3n de ministerialidad que la comunidad cristiana ha experimentado desde sus or\u00edgenes y concretado en el servicio de hombres y mujeres laicos que, obedientes a la acci\u00f3n del Esp\u00edritu Santo, han dedicado su vida a la edificaci\u00f3n de la Iglesia y la transmisi\u00f3n de la ense\u00f1anza de los ap\u00f3stoles y los evangelistas. <br \/> \u00abQue el discernimiento de los dones que el Esp\u00edritu Santo nunca deja de conceder a su Iglesia sea para ellos el apoyo necesario a fin de hacer efectivo el ministerio de Catequista para el crecimiento de la propia comunidad\u00bb.<\/p>\n","protected":false},"excerpt":{"rendered":"<p>PAPA FRANCISCO<\/p>\n","protected":false},"featured_media":450716,"template":"","meta":{"_acf_changed":false,"om_disable_all_campaigns":false,"rs_blank_template":"","rs_page_bg_color":"","slide_template_v7":"","inline_featured_image":false,"_monsterinsights_skip_tracking":false,"_monsterinsights_sitenote_active":false,"_monsterinsights_sitenote_note":"","_monsterinsights_sitenote_category":0},"product_brand":[],"product_cat":[225,483,513,287],"product_tag":[],"class_list":{"0":"post-88666","1":"product","2":"type-product","3":"status-publish","4":"has-post-thumbnail","6":"product_cat-catecismes","7":"product_cat-catecismos","8":"product_cat-ministerios-ordenados","9":"product_cat-ministeris-ordenats","11":"first","12":"instock","13":"taxable","14":"shipping-taxable","15":"purchasable","16":"product-type-simple"},"acf":{"editorial":[{"ID":6356,"post_author":"3","post_date":"2022-07-28 17:50:26","post_date_gmt":"2022-07-28 15:50:26","post_content":"","post_title":"SAN PABLO COMUNICACI\u00d3N","post_excerpt":"","post_status":"publish","comment_status":"closed","ping_status":"closed","post_password":"","post_name":"san-pablo-comunicacion","to_ping":"","pinged":"","post_modified":"2022-07-28 17:50:26","post_modified_gmt":"2022-07-28 15:50:26","post_content_filtered":"","post_parent":0,"guid":"http:\/\/dev.claret.cat\/editorial\/san-pablo-comunicacion\/","menu_order":0,"post_type":"editorial","post_mime_type":"","comment_count":"0","filter":"raw"}],"autores-libros":[{"ID":5919,"post_author":"3","post_date":"2022-07-28 17:34:18","post_date_gmt":"2022-07-28 15:34:18","post_content":"","post_title":"PAPA FRANCISCO","post_excerpt":"","post_status":"publish","comment_status":"closed","ping_status":"closed","post_password":"","post_name":"papa-francisco","to_ping":"","pinged":"","post_modified":"2022-07-28 17:34:18","post_modified_gmt":"2022-07-28 15:34:18","post_content_filtered":"","post_parent":0,"guid":"http:\/\/dev.claret.cat\/autor\/papa-francisco\/","menu_order":0,"post_type":"autor","post_mime_type":"","comment_count":"0","filter":"raw"}],"autor":"PAPA FRANCISCO","codart":"842856038","libros-coleccion":"Enc\u00edclicas - Documentos","ediciones":"1","encuadernacion":"R\u00fastica","fecha_de_publicacion":"28\/05\/2021","novedad":"1","paginas":"16","subtitulo":"CON LA QUE SE INSTITUYE EL MINISTERIO DE CATEQUISTA","orden":"0","portada":"0","idioma":"spa"},"aioseo_notices":[],"_links":{"self":[{"href":"https:\/\/www.claret.cat\/es\/wp-json\/wp\/v2\/product\/88666","targetHints":{"allow":["GET"]}}],"collection":[{"href":"https:\/\/www.claret.cat\/es\/wp-json\/wp\/v2\/product"}],"about":[{"href":"https:\/\/www.claret.cat\/es\/wp-json\/wp\/v2\/types\/product"}],"wp:featuredmedia":[{"embeddable":true,"href":"https:\/\/www.claret.cat\/es\/wp-json\/wp\/v2\/media\/450716"}],"wp:attachment":[{"href":"https:\/\/www.claret.cat\/es\/wp-json\/wp\/v2\/media?parent=88666"}],"wp:term":[{"taxonomy":"product_brand","embeddable":true,"href":"https:\/\/www.claret.cat\/es\/wp-json\/wp\/v2\/product_brand?post=88666"},{"taxonomy":"product_cat","embeddable":true,"href":"https:\/\/www.claret.cat\/es\/wp-json\/wp\/v2\/product_cat?post=88666"},{"taxonomy":"product_tag","embeddable":true,"href":"https:\/\/www.claret.cat\/es\/wp-json\/wp\/v2\/product_tag?post=88666"}],"curies":[{"name":"wp","href":"https:\/\/api.w.org\/{rel}","templated":true}]}}