{"id":886683,"date":"2023-10-30T13:48:17","date_gmt":"2023-10-30T12:48:17","guid":{"rendered":"https:\/\/www.claret.cat\/llibre\/peppa-pig-un-conte-la-pepa-i-els-reis-mags-9788448866464\/"},"modified":"2024-01-05T10:10:23","modified_gmt":"2024-01-05T09:10:23","slug":"peppa-pig-un-conte-la-pepa-i-els-reis-mags-9788448866464","status":"publish","type":"product","link":"https:\/\/www.claret.cat\/es\/libro\/peppa-pig-un-conte-la-pepa-i-els-reis-mags-9788448866464\/","title":{"rendered":"PEPPA PIG. UN CONTE &#8211; LA PEPA I ELS REIS MAGS"},"content":{"rendered":"<p>Un conte nadalenc de la Pepa, la porqueta m\u00e9s divertida. Arriben els Reis Mags! A la Pepa i en Jordi els encanten els tres Reis Mags! S&#8221;acosta la nit de Reis. Les cases estan adornades, i la Pepa i en Jordi, igual que tots els seus amics, ja tenen a punt la carta per demanar als Reis Mags els regals que volen. Per\u00f2, oh, no! El patge no hi \u00e9s i la b\u00fastia de correus \u00e9s plena. Com podran els m\u00e9s menuts fer arribar la seva carta als Reis?Gaudeix i emociona&#8221;t amb aquesta nova aventura de la Pepa la porqueta en qu\u00e8 la tendresa, l&#8221;humor i la m\u00e0gia brillaran en gran. Cartes, cavalcades, patges, tortell de Reis\u2026 i molts regals! Encara que nom\u00e9s si les cartes arriben a la seva destinaci\u00f3\u2026 Una hist\u00f2ria commovedora que celebra el veritable significat de la nit m\u00e9s m\u00e0gica de l&#8221;any, ideal per llegir-la en fam\u00edlia!<\/p>\n","protected":false},"excerpt":{"rendered":"<p>HASBRO \/ EONE<\/p>\n","protected":false},"featured_media":886684,"template":"","meta":{"_acf_changed":false,"om_disable_all_campaigns":false,"rs_blank_template":"","rs_page_bg_color":"","slide_template_v7":"","inline_featured_image":false,"_monsterinsights_skip_tracking":false,"_monsterinsights_sitenote_active":false,"_monsterinsights_sitenote_note":"","_monsterinsights_sitenote_category":0},"product_brand":[],"product_cat":[90,540],"product_tag":[],"class_list":{"0":"post-886683","1":"product","2":"type-product","3":"status-publish","4":"has-post-thumbnail","6":"product_cat-altres","7":"product_cat-otros","9":"first","10":"instock","11":"taxable","12":"shipping-taxable","13":"purchasable","14":"product-type-simple"},"acf":{"autor":"HASBRO \/ EONE","codart":"844886646","libros-coleccion":"","ediciones":"1","encuadernacion":"Carton\u00e9","fecha_de_publicacion":"01\/11\/2023","novedad":"1","paginas":"45","subtitulo":"","orden":"0","portada":"0","idioma":"cat","editorial":[{"ID":6141,"post_author":"3","post_date":"2022-07-28 17:45:46","post_date_gmt":"2022-07-28 15:45:46","post_content":"","post_title":"BEASCOA","post_excerpt":"","post_status":"publish","comment_status":"closed","ping_status":"closed","post_password":"","post_name":"beascoa","to_ping":"","pinged":"","post_modified":"2022-07-28 17:45:46","post_modified_gmt":"2022-07-28 15:45:46","post_content_filtered":"","post_parent":0,"guid":"http:\/\/dev.claret.cat\/editorial\/beascoa\/","menu_order":0,"post_type":"editorial","post_mime_type":"","comment_count":"0","filter":"raw"}],"autores-libros":[{"ID":155206,"post_author":"3","post_date":"2022-10-14 15:11:00","post_date_gmt":"2022-10-14 13:11:00","post_content":"","post_title":"EONE","post_excerpt":"","post_status":"publish","comment_status":"closed","ping_status":"closed","post_password":"","post_name":"eone","to_ping":"","pinged":"","post_modified":"2022-10-14 15:11:00","post_modified_gmt":"2022-10-14 13:11:00","post_content_filtered":"","post_parent":0,"guid":"http:\/\/dev.claret.cat\/autor\/eone\/","menu_order":0,"post_type":"autor","post_mime_type":"","comment_count":"0","filter":"raw"},{"ID":410657,"post_author":"3","post_date":"2023-03-06 19:41:16","post_date_gmt":"2023-03-06 18:41:16","post_content":"","post_title":"HASBRO","post_excerpt":"","post_status":"publish","comment_status":"closed","ping_status":"closed","post_password":"","post_name":"hasbro-2","to_ping":"","pinged":"","post_modified":"2023-03-06 19:41:16","post_modified_gmt":"2023-03-06 18:41:16","post_content_filtered":"","post_parent":0,"guid":"https:\/\/www.claret.cat\/autor\/hasbro-2\/","menu_order":0,"post_type":"autor","post_mime_type":"","comment_count":"0","filter":"raw"}]},"aioseo_notices":[],"_links":{"self":[{"href":"https:\/\/www.claret.cat\/es\/wp-json\/wp\/v2\/product\/886683","targetHints":{"allow":["GET"]}}],"collection":[{"href":"https:\/\/www.claret.cat\/es\/wp-json\/wp\/v2\/product"}],"about":[{"href":"https:\/\/www.claret.cat\/es\/wp-json\/wp\/v2\/types\/product"}],"wp:featuredmedia":[{"embeddable":true,"href":"https:\/\/www.claret.cat\/es\/wp-json\/wp\/v2\/media\/886684"}],"wp:attachment":[{"href":"https:\/\/www.claret.cat\/es\/wp-json\/wp\/v2\/media?parent=886683"}],"wp:term":[{"taxonomy":"product_brand","embeddable":true,"href":"https:\/\/www.claret.cat\/es\/wp-json\/wp\/v2\/product_brand?post=886683"},{"taxonomy":"product_cat","embeddable":true,"href":"https:\/\/www.claret.cat\/es\/wp-json\/wp\/v2\/product_cat?post=886683"},{"taxonomy":"product_tag","embeddable":true,"href":"https:\/\/www.claret.cat\/es\/wp-json\/wp\/v2\/product_tag?post=886683"}],"curies":[{"name":"wp","href":"https:\/\/api.w.org\/{rel}","templated":true}]}}