{"id":886691,"date":"2023-10-30T13:49:37","date_gmt":"2023-10-30T12:49:37","guid":{"rendered":"https:\/\/www.claret.cat\/llibre\/infinito-ida-y-vuelta-9788419378361\/"},"modified":"2025-04-23T18:40:06","modified_gmt":"2025-04-23T16:40:06","slug":"infinito-ida-y-vuelta-9788419378361","status":"publish","type":"product","link":"https:\/\/www.claret.cat\/es\/libro\/infinito-ida-y-vuelta-9788419378361\/","title":{"rendered":"INFINITO. IDA Y VUELTA"},"content":{"rendered":"<p>El nuevo \u00e1lbum ilustrado de M\u00edriam Tirado, la autora referente de la crianza respetuosa que ha llegado a m\u00e1s de 450.000 familias. Jan es consciente de que su madre le quiere, pero le encantar\u00eda saber cu\u00e1nto: \u00ab\u00bfPuede medirse el amor?\u00bb, se pregunta. Desear\u00eda tener un term\u00f3metro o una cinta m\u00e9trica que le mostraran cu\u00e1nto lo quiere mam\u00e1&#8230; Porque, cuando ella le dice: \u00abTe quiero hasta el infinito, ida y vuelta\u00bb, \u00e9l no acaba de entenderlo. \u00a1Pero con la ayuda de su perra, Kala, intentar\u00e1 descubrirlo!Un cuento para aprender a identificar, recibir y dar amor incondicional y para sentirnos siempre conectados y amados. \u00bfQu\u00e9 encontrar\u00e1s en este libro? *\u00c1lbum en gran formato y tapa dura de 64 p\u00e1ginas *Preciosas ilustraciones a todo color*Una tierna historia repleta del humor y la sensibilidad que caracterizan a M\u00edriam Tirado *Ideal para explicar a los m\u00e1s peque\u00f1os un tema complicado como es el amor incondicional *En l\u00ednea con los grandes \u00e9xitos de M\u00edriam Tirado sobre la crianza consciente como El hilo invisible, La fuente escondida y Sensibles.<\/p>\n","protected":false},"excerpt":{"rendered":"<p>TIRADO, M\u00cdRIAM<\/p>\n","protected":false},"featured_media":886692,"template":"","meta":{"_acf_changed":false,"om_disable_all_campaigns":false,"rs_blank_template":"","rs_page_bg_color":"","slide_template_v7":"","inline_featured_image":false,"_monsterinsights_skip_tracking":false,"_monsterinsights_sitenote_active":false,"_monsterinsights_sitenote_note":"","_monsterinsights_sitenote_category":0},"product_brand":[],"product_cat":[131,132,361,362],"product_tag":[],"class_list":{"0":"post-886691","1":"product","2":"type-product","3":"status-publish","4":"has-post-thumbnail","6":"product_cat-contes-per-infants-0-6-anys","7":"product_cat-lectures-per-preadolescents-6-12-anys","8":"product_cat-cuentos-para-ninos-0-6-anos","9":"product_cat-libros-preadolescentes-6-12-anos","11":"first","12":"instock","13":"taxable","14":"shipping-taxable","15":"purchasable","16":"product-type-simple"},"acf":{"autor":"TIRADO, M\u00cdRIAM","codart":"841937836","libros-coleccion":"B DE BLOK","ediciones":"1","encuadernacion":"Carton\u00e9","fecha_de_publicacion":"01\/11\/2023","novedad":"1","paginas":"45","subtitulo":"","orden":"0","portada":"1","idioma":"spa","editorial":[{"ID":294535,"post_author":"3","post_date":"2022-12-12 12:50:10","post_date_gmt":"2022-12-12 11:50:10","post_content":"","post_title":"B de Blok","post_excerpt":"","post_status":"publish","comment_status":"closed","ping_status":"closed","post_password":"","post_name":"b-de-blok","to_ping":"","pinged":"","post_modified":"2022-12-12 12:50:10","post_modified_gmt":"2022-12-12 11:50:10","post_content_filtered":"","post_parent":0,"guid":"http:\/\/dev.claret.cat\/editorial\/b-de-blok\/","menu_order":0,"post_type":"editorial","post_mime_type":"","comment_count":"0","filter":"raw"}],"autores-libros":[{"ID":5862,"post_author":"3","post_date":"2022-07-28 17:33:05","post_date_gmt":"2022-07-28 15:33:05","post_content":"","post_title":"M\u00cdRIAM TIRADO","post_excerpt":"","post_status":"publish","comment_status":"closed","ping_status":"closed","post_password":"","post_name":"miriam-tirado","to_ping":"","pinged":"","post_modified":"2022-07-28 17:33:05","post_modified_gmt":"2022-07-28 15:33:05","post_content_filtered":"","post_parent":0,"guid":"http:\/\/dev.claret.cat\/autor\/miriam-tirado\/","menu_order":0,"post_type":"autor","post_mime_type":"","comment_count":"0","filter":"raw"}],"booktrailer":"","resenas":""},"aioseo_notices":[],"_links":{"self":[{"href":"https:\/\/www.claret.cat\/es\/wp-json\/wp\/v2\/product\/886691","targetHints":{"allow":["GET"]}}],"collection":[{"href":"https:\/\/www.claret.cat\/es\/wp-json\/wp\/v2\/product"}],"about":[{"href":"https:\/\/www.claret.cat\/es\/wp-json\/wp\/v2\/types\/product"}],"wp:featuredmedia":[{"embeddable":true,"href":"https:\/\/www.claret.cat\/es\/wp-json\/wp\/v2\/media\/886692"}],"wp:attachment":[{"href":"https:\/\/www.claret.cat\/es\/wp-json\/wp\/v2\/media?parent=886691"}],"wp:term":[{"taxonomy":"product_brand","embeddable":true,"href":"https:\/\/www.claret.cat\/es\/wp-json\/wp\/v2\/product_brand?post=886691"},{"taxonomy":"product_cat","embeddable":true,"href":"https:\/\/www.claret.cat\/es\/wp-json\/wp\/v2\/product_cat?post=886691"},{"taxonomy":"product_tag","embeddable":true,"href":"https:\/\/www.claret.cat\/es\/wp-json\/wp\/v2\/product_tag?post=886691"}],"curies":[{"name":"wp","href":"https:\/\/api.w.org\/{rel}","templated":true}]}}