{"id":886694,"date":"2023-10-30T13:49:58","date_gmt":"2023-10-30T12:49:58","guid":{"rendered":"https:\/\/www.claret.cat\/llibre\/las-luces-de-febrero-meses-a-tu-lado-4-9788419421135\/"},"modified":"2026-01-28T17:41:20","modified_gmt":"2026-01-28T16:41:20","slug":"las-luces-de-febrero-meses-a-tu-lado-4-9788419421135","status":"publish","type":"product","link":"https:\/\/www.claret.cat\/es\/libro\/las-luces-de-febrero-meses-a-tu-lado-4-9788419421135\/","title":{"rendered":"LAS LUCES DE FEBRERO (MESES A TU LADO 4)"},"content":{"rendered":"<p>Cuarto y \u00faltimo libro de la saga Meses a tu Lado de Joana Marc\u00fas. Llega el esperad\u00edsimo final de la saga juvenil que ha enamorado a cientos de miles de lectores. Ellie Ross vive por y para el baloncesto. \u00bfSu objetivo? Ser la primera chica en el equipo de su ciudad. \u00bfSu mayor obst\u00e1culo? V\u00edctor, con quien no habla desde los quince a\u00f1os y con quien, desde luego, no termin\u00f3 nada bien. Jay Ross vive por y para su familia.\u00bfSu objetivo? Encontrar cu\u00e1l es su prop\u00f3sito de una vez por todas. \u00bfSu mayor obst\u00e1culo? El nuevo cuidador de su abuela: el despreocupado y odiosamente perfecto Nolan. Del amor al odio hay solo un paso, pero del odio al amor hay un camino muy largo. Uno lleno de crisis existenciales y pelotazos en la cabeza. Y, como cada a\u00f1o, las luces de febrero aguardan al final del camino. \u00bfHas pensado ya en tu deseo?La suerte est\u00e1 echada.<\/p>\n","protected":false},"excerpt":{"rendered":"<p>MARC\u00daS, JOANA<\/p>\n","protected":false},"featured_media":1079488,"template":"","meta":{"_acf_changed":false,"om_disable_all_campaigns":false,"rs_blank_template":"","rs_page_bg_color":"","slide_template_v7":"","inline_featured_image":false,"_monsterinsights_skip_tracking":false,"_monsterinsights_sitenote_active":false,"_monsterinsights_sitenote_note":"","_monsterinsights_sitenote_category":0},"product_brand":[],"product_cat":[133,363],"product_tag":[],"class_list":{"0":"post-886694","1":"product","2":"type-product","3":"status-publish","4":"has-post-thumbnail","6":"product_cat-lectures-per-adolescents-12-18-anys","7":"product_cat-lecturas-por-adolescentes-12-18-anos","9":"first","10":"instock","11":"taxable","12":"shipping-taxable","13":"purchasable","14":"product-type-simple"},"acf":{"autor":"MARC\u00daS, JOANA","codart":"841942113","libros-coleccion":"FORA DE COL.LECCI\u00d3","ediciones":"1","encuadernacion":"R\u00fastica","fecha_de_publicacion":"01\/11\/2023","novedad":"0","paginas":"460","subtitulo":"","orden":"0","portada":"0","idioma":"spa","editorial":[{"ID":6310,"post_author":"3","post_date":"2022-07-28 17:49:26","post_date_gmt":"2022-07-28 15:49:26","post_content":"","post_title":"MONTENA","post_excerpt":"","post_status":"publish","comment_status":"closed","ping_status":"closed","post_password":"","post_name":"montena","to_ping":"","pinged":"","post_modified":"2022-07-28 17:49:26","post_modified_gmt":"2022-07-28 15:49:26","post_content_filtered":"","post_parent":0,"guid":"http:\/\/dev.claret.cat\/editorial\/montena\/","menu_order":0,"post_type":"editorial","post_mime_type":"","comment_count":"0","filter":"raw"}],"autores-libros":[{"ID":5604,"post_author":"3","post_date":"2022-07-28 17:27:33","post_date_gmt":"2022-07-28 15:27:33","post_content":"","post_title":"JOANA MARC\u00daS","post_excerpt":"","post_status":"publish","comment_status":"closed","ping_status":"closed","post_password":"","post_name":"joana-marcus","to_ping":"","pinged":"","post_modified":"2022-07-28 17:27:33","post_modified_gmt":"2022-07-28 15:27:33","post_content_filtered":"","post_parent":0,"guid":"http:\/\/dev.claret.cat\/autor\/joana-marcus\/","menu_order":0,"post_type":"autor","post_mime_type":"","comment_count":"0","filter":"raw"}],"booktrailer":"","resenas":""},"aioseo_notices":[],"_links":{"self":[{"href":"https:\/\/www.claret.cat\/es\/wp-json\/wp\/v2\/product\/886694","targetHints":{"allow":["GET"]}}],"collection":[{"href":"https:\/\/www.claret.cat\/es\/wp-json\/wp\/v2\/product"}],"about":[{"href":"https:\/\/www.claret.cat\/es\/wp-json\/wp\/v2\/types\/product"}],"wp:featuredmedia":[{"embeddable":true,"href":"https:\/\/www.claret.cat\/es\/wp-json\/wp\/v2\/media\/1079488"}],"wp:attachment":[{"href":"https:\/\/www.claret.cat\/es\/wp-json\/wp\/v2\/media?parent=886694"}],"wp:term":[{"taxonomy":"product_brand","embeddable":true,"href":"https:\/\/www.claret.cat\/es\/wp-json\/wp\/v2\/product_brand?post=886694"},{"taxonomy":"product_cat","embeddable":true,"href":"https:\/\/www.claret.cat\/es\/wp-json\/wp\/v2\/product_cat?post=886694"},{"taxonomy":"product_tag","embeddable":true,"href":"https:\/\/www.claret.cat\/es\/wp-json\/wp\/v2\/product_tag?post=886694"}],"curies":[{"name":"wp","href":"https:\/\/api.w.org\/{rel}","templated":true}]}}