{"id":886697,"date":"2023-10-30T13:50:19","date_gmt":"2023-10-30T12:50:19","guid":{"rendered":"https:\/\/www.claret.cat\/llibre\/donde-esta-wonka-9788419507341\/"},"modified":"2023-10-30T14:26:18","modified_gmt":"2023-10-30T13:26:18","slug":"donde-esta-wonka-9788419507341","status":"publish","type":"product","link":"https:\/\/www.claret.cat\/es\/libro\/donde-esta-wonka-9788419507341\/","title":{"rendered":"\u00bfD\u00d3NDE EST\u00c1 WONKA?"},"content":{"rendered":"<p>\u00bfD\u00f3nde est\u00e1 Wonka? Un libro de busca y encuentra inspirado en Charlie y la f\u00e1brica de chocolate Sigue a Charlie Bucket y al abuelo Joe por la f\u00e1brica de chocolate y ay\u00fadalos a encontrar todas las sorpresas divertidas y deliciosas que se esconden en cada p\u00e1gina. \u00bfCu\u00e1nto tardar\u00e1s en dar con los Billetes Dorados, los Oompa-Loompas, los Caramelos Eternos y con el propio se\u00f1or Wonka?*Gran formato a todo color, perfecto como regalo *Diversi\u00f3n asegurada para toda la familia con el formato &#8216;busca y encuentra&#8217;  *Perfecto para presentar el cl\u00e1sico de Roald Dahl a los m\u00e1s peque\u00f1os \u00a1Sum\u00e9rgete en el mundo de Charlie y descubre la f\u00e1brica por ti mismo!<\/p>\n","protected":false},"excerpt":{"rendered":"<p>DAHL, ROALD<\/p>\n","protected":false},"featured_media":886698,"template":"","meta":{"_acf_changed":false,"om_disable_all_campaigns":false,"rs_blank_template":"","rs_page_bg_color":"","slide_template_v7":"","inline_featured_image":false,"_monsterinsights_skip_tracking":false,"_monsterinsights_sitenote_active":false,"_monsterinsights_sitenote_note":"","_monsterinsights_sitenote_category":0},"product_brand":[],"product_cat":[132,362],"product_tag":[],"class_list":{"0":"post-886697","1":"product","2":"type-product","3":"status-publish","4":"has-post-thumbnail","6":"product_cat-lectures-per-preadolescents-6-12-anys","7":"product_cat-libros-preadolescentes-6-12-anos","9":"first","10":"instock","11":"taxable","12":"shipping-taxable","13":"purchasable","14":"product-type-simple"},"acf":{"autor":"DAHL, ROALD","codart":"841950734","libros-coleccion":"Alfaguara Cl\u00e1sicos","ediciones":"1","encuadernacion":"Carton\u00e9","fecha_de_publicacion":"01\/11\/2023","novedad":"1","paginas":"48","subtitulo":"","orden":"0","portada":"0","idioma":"spa","editorial":[{"ID":6118,"post_author":"3","post_date":"2022-07-28 17:45:17","post_date_gmt":"2022-07-28 15:45:17","post_content":"","post_title":"ALFAGUARA","post_excerpt":"","post_status":"publish","comment_status":"closed","ping_status":"closed","post_password":"","post_name":"alfaguara","to_ping":"","pinged":"","post_modified":"2022-07-28 17:45:17","post_modified_gmt":"2022-07-28 15:45:17","post_content_filtered":"","post_parent":0,"guid":"http:\/\/dev.claret.cat\/editorial\/alfaguara\/","menu_order":0,"post_type":"editorial","post_mime_type":"","comment_count":"0","filter":"raw"}],"autores-libros":[{"ID":168156,"post_author":"3","post_date":"2022-10-14 18:16:58","post_date_gmt":"2022-10-14 16:16:58","post_content":"","post_title":"ROALD DAHL","post_excerpt":"","post_status":"publish","comment_status":"closed","ping_status":"closed","post_password":"","post_name":"roald-dahl","to_ping":"","pinged":"","post_modified":"2022-10-14 18:16:58","post_modified_gmt":"2022-10-14 16:16:58","post_content_filtered":"","post_parent":0,"guid":"http:\/\/dev.claret.cat\/autor\/roald-dahl\/","menu_order":0,"post_type":"autor","post_mime_type":"","comment_count":"0","filter":"raw"}]},"aioseo_notices":[],"_links":{"self":[{"href":"https:\/\/www.claret.cat\/es\/wp-json\/wp\/v2\/product\/886697","targetHints":{"allow":["GET"]}}],"collection":[{"href":"https:\/\/www.claret.cat\/es\/wp-json\/wp\/v2\/product"}],"about":[{"href":"https:\/\/www.claret.cat\/es\/wp-json\/wp\/v2\/types\/product"}],"wp:featuredmedia":[{"embeddable":true,"href":"https:\/\/www.claret.cat\/es\/wp-json\/wp\/v2\/media\/886698"}],"wp:attachment":[{"href":"https:\/\/www.claret.cat\/es\/wp-json\/wp\/v2\/media?parent=886697"}],"wp:term":[{"taxonomy":"product_brand","embeddable":true,"href":"https:\/\/www.claret.cat\/es\/wp-json\/wp\/v2\/product_brand?post=886697"},{"taxonomy":"product_cat","embeddable":true,"href":"https:\/\/www.claret.cat\/es\/wp-json\/wp\/v2\/product_cat?post=886697"},{"taxonomy":"product_tag","embeddable":true,"href":"https:\/\/www.claret.cat\/es\/wp-json\/wp\/v2\/product_tag?post=886697"}],"curies":[{"name":"wp","href":"https:\/\/api.w.org\/{rel}","templated":true}]}}