{"id":8867,"date":"2022-09-30T12:22:23","date_gmt":"2022-09-30T10:22:23","guid":{"rendered":"http:\/\/dev.claret.cat\/producte\/los-nuevos-movimientos-eclesiales-y-los-papas\/"},"modified":"2025-02-14T17:12:54","modified_gmt":"2025-02-14T16:12:54","slug":"los-nuevos-movimientos-eclesiales-y-los-papas-9788491364078","status":"publish","type":"product","link":"https:\/\/www.claret.cat\/es\/libro\/los-nuevos-movimientos-eclesiales-y-los-papas-9788491364078\/","title":{"rendered":"LOS NUEVOS MOVIMIENTOS ECLESIALES Y LOS PAPAS"},"content":{"rendered":"<p>Las orientaciones de Juan Pablo II, Benedicto XVI y Francisco sobre los nuevos movimientos eclesiales, ponen de relieve la rica aportaci\u00f3n espiritual y pastoral de estos movimientos y a la vez expresan las reflexiones y observaciones de los Papas<br \/> sobre todo lo que deben superar o mejorar para que los carismas que el Esp\u00edritu Santo suscita ayuden m\u00e1s plenamente a la evangelizaci\u00f3n y al testimonio cristiano en el mundo de hoy.<\/p>\n<p>Tambi\u00e9n disponible en <a href='https:\/\/www.claret.cat\/es\/libro\/ELS-NOUS-MOVIMENTS-ECLESIALS-I-ELS-PAPES-849136406'>catal\u00e1n<\/a>.<\/p>\n","protected":false},"excerpt":{"rendered":"<p>MART\u00cdNEZ SISTACH, LLU\u00cdS<\/p>\n","protected":false},"featured_media":1005443,"template":"","meta":{"_acf_changed":false,"om_disable_all_campaigns":false,"rs_blank_template":"","rs_page_bg_color":"","slide_template_v7":"","inline_featured_image":false,"_monsterinsights_skip_tracking":false,"_monsterinsights_sitenote_active":false,"_monsterinsights_sitenote_note":"","_monsterinsights_sitenote_category":0},"product_brand":[],"product_cat":[283,511,581,510,280],"product_tag":[],"class_list":{"0":"post-8867","1":"product","2":"type-product","3":"status-publish","4":"has-post-thumbnail","6":"product_cat-eclesiologia-teologia","7":"product_cat-eclesiologia-teologia-1_espiritualidad","8":"product_cat-editorial-claret","9":"product_cat-patrologia-teologia-1_espiritualidad","10":"product_cat-patrologia","12":"first","13":"instock","14":"taxable","15":"shipping-taxable","16":"purchasable","17":"product-type-simple"},"acf":{"editorial":[{"ID":6158,"post_author":"3","post_date":"2022-07-28 17:46:08","post_date_gmt":"2022-07-28 15:46:08","post_content":"","post_title":"CLARET","post_excerpt":"","post_status":"publish","comment_status":"closed","ping_status":"closed","post_password":"","post_name":"claret","to_ping":"","pinged":"","post_modified":"2022-07-28 17:46:08","post_modified_gmt":"2022-07-28 15:46:08","post_content_filtered":"","post_parent":0,"guid":"http:\/\/dev.claret.cat\/editorial\/claret\/","menu_order":0,"post_type":"editorial","post_mime_type":"","comment_count":"0","filter":"raw"}],"autores-libros":[{"ID":5735,"post_author":"3","post_date":"2022-07-28 17:30:20","post_date_gmt":"2022-07-28 15:30:20","post_content":"<span class=\"fontstyle0\">Llu\u00eds Mart\u00ednez Sistach va ser ordenat sacerdot el 1961. Es va doctorar el 1967 en dret civil i can\u00f2nic. El 1987 va ser consagrat bisbe titular d\u2019Algesires i auxiliar de Barcelona. El 1991 va ser nomenat bisbe de Tortosa. El 2004 va ser nomenat Arquebisbe Metropolit\u00e0 de Barcelona. El 2007 el papa Benet XVI el va nomenar cardenal. El 2013 va participar al Conclave que va escollir el cardenal Jorge Mario Bergoglio com a Papa. El papa Francesc, el 2015, va fer efectiva la seva ren\u00fancia al capdavant de l\u2019arquebisbat de Barcelona.<\/span>","post_title":"LLU\u00cdS MART\u00cdNEZ SISTACH","post_excerpt":"","post_status":"publish","comment_status":"closed","ping_status":"closed","post_password":"","post_name":"lluis-martinez-sistach","to_ping":"","pinged":"","post_modified":"2025-05-29 17:23:33","post_modified_gmt":"2025-05-29 15:23:33","post_content_filtered":"","post_parent":0,"guid":"http:\/\/dev.claret.cat\/autor\/lluis-martinez-sistach\/","menu_order":0,"post_type":"autor","post_mime_type":"","comment_count":"0","filter":"raw"}],"autor":"MART\u00cdNEZ SISTACH, LLU\u00cdS","codart":"849136407","libros-coleccion":"","ediciones":"1","encuadernacion":"R\u00fastica","fecha_de_publicacion":"29\/03\/2022","novedad":"1","paginas":"76","subtitulo":"","orden":"0","portada":"0","idioma":"spa","booktrailer":"","linkebook":"","ficha":"849136407_1689070154.pdf","muestra":"","precioebook":"0","presentacion":"","resenas":"<p>Catalunya Cristiana, 13\/11\/2022<\/p>\n<p><a href=\"https:\/\/drive.google.com\/file\/d\/1r6THr7sZQvP4zmutppUVbpsLmVstVFd5\/view?usp=sharing\" rel=\"noopener noreferrer\" target=\"_blank\">https:\/\/drive.google.com\/file\/d\/1r6THr7sZQvP4zmutppUVbpsLmVstVFd5\/view?usp=sharing<\/a><\/p>\n"},"aioseo_notices":[],"_links":{"self":[{"href":"https:\/\/www.claret.cat\/es\/wp-json\/wp\/v2\/product\/8867","targetHints":{"allow":["GET"]}}],"collection":[{"href":"https:\/\/www.claret.cat\/es\/wp-json\/wp\/v2\/product"}],"about":[{"href":"https:\/\/www.claret.cat\/es\/wp-json\/wp\/v2\/types\/product"}],"wp:featuredmedia":[{"embeddable":true,"href":"https:\/\/www.claret.cat\/es\/wp-json\/wp\/v2\/media\/1005443"}],"wp:attachment":[{"href":"https:\/\/www.claret.cat\/es\/wp-json\/wp\/v2\/media?parent=8867"}],"wp:term":[{"taxonomy":"product_brand","embeddable":true,"href":"https:\/\/www.claret.cat\/es\/wp-json\/wp\/v2\/product_brand?post=8867"},{"taxonomy":"product_cat","embeddable":true,"href":"https:\/\/www.claret.cat\/es\/wp-json\/wp\/v2\/product_cat?post=8867"},{"taxonomy":"product_tag","embeddable":true,"href":"https:\/\/www.claret.cat\/es\/wp-json\/wp\/v2\/product_tag?post=8867"}],"curies":[{"name":"wp","href":"https:\/\/api.w.org\/{rel}","templated":true}]}}