{"id":886710,"date":"2023-10-30T13:58:47","date_gmt":"2023-10-30T12:58:47","guid":{"rendered":"https:\/\/www.claret.cat\/llibre\/5-ingredientes-mediterraneos-9788425364334\/"},"modified":"2023-11-23T18:45:21","modified_gmt":"2023-11-23T17:45:21","slug":"5-ingredientes-mediterraneos-9788425364334","status":"publish","type":"product","link":"https:\/\/www.claret.cat\/es\/libro\/5-ingredientes-mediterraneos-9788425364334\/","title":{"rendered":"5 INGREDIENTES MEDITERR\u00c1NEOS"},"content":{"rendered":"<p>Una exaltaci\u00f3n de los sabores mediterr\u00e1neos por antonomasia. Recetas sencillas y atractivas para las comidas diarias. 5 ingredientes mediterr\u00e1neos es la nueva entrega de todo aquello que sedujo a los lectores del primer libro, entremezclado con los sabores de las culturas gastron\u00f3micas del Mediterr\u00e1neo, que tan bien conoce Jamie gracias a los muchos viajes que ha realizado a lo largo de los a\u00f1os por esos parajes.Con m\u00e1s de 125 recetas absolutamente f\u00e1ciles y deliciosas, nos transmite su pasi\u00f3n por la cocina diaria y sin complicaciones propia de ambientes soleados. Las preparaciones son sencillas, no requieren largas listas de la compra ni un mont\u00f3n de platos por lavar. Adem\u00e1s, el 65% de ellas son sin carne o con una peque\u00f1a cantidad, y todas ofrecen sabores intensos.Los cap\u00edtulos incluyen elaboraciones de todo tipo: ensaladas, sopas, bocadillos, pastas, verduras, pasteles y rollitos, mariscos, pescados, carnes y dulces, por lo que siempre encontraremos una idea para cada d\u00eda de la semana y para cada ocasi\u00f3n. Algunos de los platos: &#8211; Berenjenas tiernas ahumadas- Jud\u00edas y langostinos campeones &#8211; Risotto canalla con ratatouille &#8211; Calamares a la plancha &#8211; Ensalada isle\u00f1a &#8211; Solomillo a las hierbas y patatas crujientes &#8211; Tarta f\u00e1cil de higos &#8211; Chocolate de ensue\u00f1o de Jools<\/p>\n","protected":false},"excerpt":{"rendered":"<p>OLIVER, JAMIE<\/p>\n","protected":false},"featured_media":886711,"template":"","meta":{"_acf_changed":false,"om_disable_all_campaigns":false,"rs_blank_template":"","rs_page_bg_color":"","slide_template_v7":"","inline_featured_image":false,"_monsterinsights_skip_tracking":false,"_monsterinsights_sitenote_active":false,"_monsterinsights_sitenote_note":"","_monsterinsights_sitenote_category":0},"product_brand":[],"product_cat":[553,103],"product_tag":[],"class_list":{"0":"post-886710","1":"product","2":"type-product","3":"status-publish","4":"has-post-thumbnail","6":"product_cat-cocina","7":"product_cat-cuina","9":"first","10":"instock","11":"taxable","12":"shipping-taxable","13":"purchasable","14":"product-type-simple"},"acf":{"autor":"OLIVER, JAMIE","codart":"842536433","libros-coleccion":"Cocina de autor","ediciones":"1","encuadernacion":"Carton\u00e9","fecha_de_publicacion":"01\/11\/2023","novedad":"1","paginas":"317","subtitulo":"COCINA F\u00c1CIL, COMIDA DELICIOSA","orden":"0","portada":"0","idioma":"spa","editorial":[{"ID":148245,"post_author":"3","post_date":"2022-10-14 11:56:45","post_date_gmt":"2022-10-14 09:56:45","post_content":"","post_title":"HARPER COLLINS","post_excerpt":"","post_status":"publish","comment_status":"closed","ping_status":"closed","post_password":"","post_name":"harper-collins","to_ping":"","pinged":"","post_modified":"2022-10-14 11:56:45","post_modified_gmt":"2022-10-14 09:56:45","post_content_filtered":"","post_parent":0,"guid":"http:\/\/dev.claret.cat\/editorial\/harper-collins\/","menu_order":0,"post_type":"editorial","post_mime_type":"","comment_count":"0","filter":"raw"}],"autores-libros":[{"ID":158450,"post_author":"3","post_date":"2022-10-14 15:36:57","post_date_gmt":"2022-10-14 13:36:57","post_content":"","post_title":"JAMIE OLIVER","post_excerpt":"","post_status":"publish","comment_status":"closed","ping_status":"closed","post_password":"","post_name":"jamie-oliver","to_ping":"","pinged":"","post_modified":"2022-10-14 15:36:57","post_modified_gmt":"2022-10-14 13:36:57","post_content_filtered":"","post_parent":0,"guid":"http:\/\/dev.claret.cat\/autor\/jamie-oliver\/","menu_order":0,"post_type":"autor","post_mime_type":"","comment_count":"0","filter":"raw"}]},"aioseo_notices":[],"_links":{"self":[{"href":"https:\/\/www.claret.cat\/es\/wp-json\/wp\/v2\/product\/886710","targetHints":{"allow":["GET"]}}],"collection":[{"href":"https:\/\/www.claret.cat\/es\/wp-json\/wp\/v2\/product"}],"about":[{"href":"https:\/\/www.claret.cat\/es\/wp-json\/wp\/v2\/types\/product"}],"wp:featuredmedia":[{"embeddable":true,"href":"https:\/\/www.claret.cat\/es\/wp-json\/wp\/v2\/media\/886711"}],"wp:attachment":[{"href":"https:\/\/www.claret.cat\/es\/wp-json\/wp\/v2\/media?parent=886710"}],"wp:term":[{"taxonomy":"product_brand","embeddable":true,"href":"https:\/\/www.claret.cat\/es\/wp-json\/wp\/v2\/product_brand?post=886710"},{"taxonomy":"product_cat","embeddable":true,"href":"https:\/\/www.claret.cat\/es\/wp-json\/wp\/v2\/product_cat?post=886710"},{"taxonomy":"product_tag","embeddable":true,"href":"https:\/\/www.claret.cat\/es\/wp-json\/wp\/v2\/product_tag?post=886710"}],"curies":[{"name":"wp","href":"https:\/\/api.w.org\/{rel}","templated":true}]}}