{"id":886713,"date":"2023-10-30T13:59:43","date_gmt":"2023-10-30T12:59:43","guid":{"rendered":"https:\/\/www.claret.cat\/llibre\/atlas-pokemon-coleccion-pokemon-9788419650313\/"},"modified":"2026-04-23T19:07:00","modified_gmt":"2026-04-23T17:07:00","slug":"atlas-pokemon-coleccion-pokemon-9788419650313","status":"publish","type":"product","link":"https:\/\/www.claret.cat\/es\/libro\/atlas-pokemon-coleccion-pokemon-9788419650313\/","title":{"rendered":"ATLAS POK\u00c9MON (COLECCI\u00d3N POK\u00c9MON)"},"content":{"rendered":"<p>\u00a1El primer atlas del mundo Pok\u00e9mon! Descubre todos los secretos, curiosidades y caracter\u00edsticas de todas las regiones Pok\u00e9mon. \u00a1\u00danete a Ash en un trepidante viaje a trav\u00e9s del mundo Pok\u00e9mon y conoce a nuevos amigos y asombrosos Pok\u00e9mon por el camino! Viaja por ocho regiones como nunca lo has hecho: descubre lugares escondidos en la Regi\u00f3n de Kanto, nada en los grandes lagos de Johto, visita las islas de la Regi\u00f3n de Hoenn, divi\u00e9rtete y participa en los entretenidos festivales de Sinnoh, admira las ciudades vibrantes de Teselia, explora los castillos de Kalos, practica surf en Alola y prueba la riqu\u00edsima comida de Galar. \u00a1Adem\u00e1s, podr\u00e1s hacer un peque\u00f1o tour por la nueva regi\u00f3n, Paldea! Explora m\u00e1s de cien localizaciones, visita lugares incre\u00edbles, descubre qui\u00e9n es qui\u00e9n y prep\u00e1rate para conocer un sinf\u00edn de Pok\u00e9mon all\u00e1 donde vayas.Con Ash como gu\u00eda de viaje, vive la aventura Pok\u00e9mon definitiva y conoce todas las curiosidades que hacen del mundo Pok\u00e9mon un lugar \u00fanico y especial. CON ESTE LIBRO DESCUBIR\u00c1S: \u2022 Pok\u00e9mon iniciales de cada regi\u00f3n \u2022 Datos importantes de cada gimnasio\u2022 Curiosidades regionales \u2022 Consejos sobre un sinf\u00edn de Pok\u00e9mon \u2022 Lugares empleb\u00e1ticos y datos hist\u00f3ricos de cada regi\u00f3n \u2022 Datos claves de todos los personajes \u2022 Rutas destacadas de la geograf\u00eda Pok\u00e9mon \u2022 Secretos ocultos de cada Pok\u00e9mon legendarios y singulares\u00a1Y mucho m\u00e1s!<\/p>\n","protected":false},"excerpt":{"rendered":"<p>THE POK\u00c9MON COMPANY<\/p>\n","protected":false},"featured_media":963003,"template":"","meta":{"_acf_changed":false,"om_disable_all_campaigns":false,"rs_blank_template":"","rs_page_bg_color":"","slide_template_v7":"","inline_featured_image":false,"_monsterinsights_skip_tracking":false,"_monsterinsights_sitenote_active":false,"_monsterinsights_sitenote_note":"","_monsterinsights_sitenote_category":0},"product_brand":[],"product_cat":[90,540],"product_tag":[],"class_list":{"0":"post-886713","1":"product","2":"type-product","3":"status-publish","4":"has-post-thumbnail","6":"product_cat-altres","7":"product_cat-otros","9":"first","10":"instock","11":"taxable","12":"shipping-taxable","13":"purchasable","14":"product-type-simple"},"acf":{"autor":"THE POK\u00c9MON COMPANY","codart":"841965031","libros-coleccion":"FORA DE COL.LECCI\u00d3","ediciones":"1","encuadernacion":"Carton\u00e9","fecha_de_publicacion":"01\/11\/2023","novedad":"1","paginas":"221","subtitulo":"","orden":"0","portada":"0","idioma":"spa","editorial":[{"ID":6310,"post_author":"3","post_date":"2022-07-28 17:49:26","post_date_gmt":"2022-07-28 15:49:26","post_content":"","post_title":"MONTENA","post_excerpt":"","post_status":"publish","comment_status":"closed","ping_status":"closed","post_password":"","post_name":"montena","to_ping":"","pinged":"","post_modified":"2022-07-28 17:49:26","post_modified_gmt":"2022-07-28 15:49:26","post_content_filtered":"","post_parent":0,"guid":"http:\/\/dev.claret.cat\/editorial\/montena\/","menu_order":0,"post_type":"editorial","post_mime_type":"","comment_count":"0","filter":"raw"}],"autores-libros":[{"ID":170293,"post_author":"3","post_date":"2022-10-14 22:34:09","post_date_gmt":"2022-10-14 20:34:09","post_content":"","post_title":"THE POK\u00c9MON COMPANY","post_excerpt":"","post_status":"publish","comment_status":"closed","ping_status":"closed","post_password":"","post_name":"the-pokemon-company","to_ping":"","pinged":"","post_modified":"2022-10-14 22:34:09","post_modified_gmt":"2022-10-14 20:34:09","post_content_filtered":"","post_parent":0,"guid":"http:\/\/dev.claret.cat\/autor\/the-pokemon-company\/","menu_order":0,"post_type":"autor","post_mime_type":"","comment_count":"0","filter":"raw"}],"booktrailer":"","resenas":""},"aioseo_notices":[],"_links":{"self":[{"href":"https:\/\/www.claret.cat\/es\/wp-json\/wp\/v2\/product\/886713","targetHints":{"allow":["GET"]}}],"collection":[{"href":"https:\/\/www.claret.cat\/es\/wp-json\/wp\/v2\/product"}],"about":[{"href":"https:\/\/www.claret.cat\/es\/wp-json\/wp\/v2\/types\/product"}],"wp:featuredmedia":[{"embeddable":true,"href":"https:\/\/www.claret.cat\/es\/wp-json\/wp\/v2\/media\/963003"}],"wp:attachment":[{"href":"https:\/\/www.claret.cat\/es\/wp-json\/wp\/v2\/media?parent=886713"}],"wp:term":[{"taxonomy":"product_brand","embeddable":true,"href":"https:\/\/www.claret.cat\/es\/wp-json\/wp\/v2\/product_brand?post=886713"},{"taxonomy":"product_cat","embeddable":true,"href":"https:\/\/www.claret.cat\/es\/wp-json\/wp\/v2\/product_cat?post=886713"},{"taxonomy":"product_tag","embeddable":true,"href":"https:\/\/www.claret.cat\/es\/wp-json\/wp\/v2\/product_tag?post=886713"}],"curies":[{"name":"wp","href":"https:\/\/api.w.org\/{rel}","templated":true}]}}