{"id":886857,"date":"2023-10-30T17:22:20","date_gmt":"2023-10-30T16:22:20","guid":{"rendered":"https:\/\/www.claret.cat\/llibre\/como-las-pantallas-devoran-a-nuestros-hijos-9788425450747\/"},"modified":"2026-01-28T12:21:32","modified_gmt":"2026-01-28T11:21:32","slug":"como-las-pantallas-devoran-a-nuestros-hijos-9788425450747","status":"publish","type":"product","link":"https:\/\/www.claret.cat\/es\/libro\/como-las-pantallas-devoran-a-nuestros-hijos-9788425450747\/","title":{"rendered":"C\u00d3MO LAS PANTALLAS DEVORAN A NUESTROS HIJOS"},"content":{"rendered":"<p>Estamos viviendo tiempos realmente inquietantes caracterizados por una profunda confusi\u00f3n y desorientaci\u00f3n. Y el uso de las pantallas en ni\u00f1os y adolescentes no hace sino agravar el problema.<\/p>\n<p> En este libro, Francisco Villar reflexiona sobre el impacto negativo de la digitalizaci\u00f3n no solo en el neurodesarrollo de nuestros ni\u00f1os y adolescentes, sino tambi\u00e9n en su desarrollo social, afectivo y relacional.<\/p>\n<p> El uso de las pantallas afecta directamente a la salud e interfiere en las actividades que ayudan a un sano crecimiento. Como consecuencia tenemos adolescentes menos emp\u00e1ticos, menos reflexivos, con un menor control de sus impulsos, con poca tolerancia a la frustraci\u00f3n, desensibilizados ante la violencia y el sufrimiento del otro, pero tambi\u00e9n m\u00e1s propensos a ser victimizados y a ejercer violencia contra s\u00ed mismos. De ah\u00ed que el objetivo de estas p\u00e1ginas sea la protecci\u00f3n de nuestros menores, de su desarrollo y de su formaci\u00f3n como personas. \u00bfC\u00f3mo podemos frenar esta constante interferencia en el sano crecimiento de nuestros hijos? \u00bfC\u00f3mo impedir que las pantallas sigan devor\u00e1ndolos? \u00bfSomos los adultos con nuestra inacci\u00f3n parte del problema? \u00bfQu\u00e9 se puede hacer desde los diferentes \u00e1mbitos sociales para regular el uso de dispositivos digitales?<\/p>\n<p> Actualmente, la desconexi\u00f3n es la \u00fanica forma de estar verdaderamente conectado. Proteger el presente de infantes y adolescentes es la mejor forma de garantizar un futuro mejor para todos.<\/p>\n","protected":false},"excerpt":{"rendered":"<p>VILLAR CABEZA, FRANCISCO<\/p>\n","protected":false},"featured_media":886882,"template":"","meta":{"_acf_changed":false,"om_disable_all_campaigns":false,"rs_blank_template":"","rs_page_bg_color":"","slide_template_v7":"","inline_featured_image":false,"_monsterinsights_skip_tracking":false,"_monsterinsights_sitenote_active":false,"_monsterinsights_sitenote_note":"","_monsterinsights_sitenote_category":0},"product_brand":[],"product_cat":[90,540],"product_tag":[],"class_list":{"0":"post-886857","1":"product","2":"type-product","3":"status-publish","4":"has-post-thumbnail","6":"product_cat-altres","7":"product_cat-otros","9":"first","10":"instock","11":"taxable","12":"shipping-taxable","13":"purchasable","14":"product-type-simple"},"acf":{"autor":"VILLAR CABEZA, FRANCISCO","codart":"842545074","libros-coleccion":"FORA DE COL.LECCI\u00d3","ediciones":"1","encuadernacion":"R\u00fastica","fecha_de_publicacion":"01\/10\/2023","novedad":"1","paginas":"150","subtitulo":"","orden":"0","portada":"0","idioma":"spa","editorial":[{"ID":6266,"post_author":"3","post_date":"2022-07-28 17:48:31","post_date_gmt":"2022-07-28 15:48:31","post_content":"","post_title":"HERDER","post_excerpt":"","post_status":"publish","comment_status":"closed","ping_status":"closed","post_password":"","post_name":"herder","to_ping":"","pinged":"","post_modified":"2022-07-28 17:48:31","post_modified_gmt":"2022-07-28 15:48:31","post_content_filtered":"","post_parent":0,"guid":"http:\/\/dev.claret.cat\/editorial\/herder\/","menu_order":0,"post_type":"editorial","post_mime_type":"","comment_count":"0","filter":"raw"}],"autores-libros":[{"ID":156314,"post_author":"3","post_date":"2022-10-14 15:19:49","post_date_gmt":"2022-10-14 13:19:49","post_content":"","post_title":"FRANCISCO VILLAR CABEZA","post_excerpt":"","post_status":"publish","comment_status":"closed","ping_status":"closed","post_password":"","post_name":"francisco-villar-cabeza","to_ping":"","pinged":"","post_modified":"2022-10-14 15:19:49","post_modified_gmt":"2022-10-14 13:19:49","post_content_filtered":"","post_parent":0,"guid":"http:\/\/dev.claret.cat\/autor\/francisco-villar-cabeza\/","menu_order":0,"post_type":"autor","post_mime_type":"","comment_count":"0","filter":"raw"}],"booktrailer":"","resenas":""},"aioseo_notices":[],"_links":{"self":[{"href":"https:\/\/www.claret.cat\/es\/wp-json\/wp\/v2\/product\/886857","targetHints":{"allow":["GET"]}}],"collection":[{"href":"https:\/\/www.claret.cat\/es\/wp-json\/wp\/v2\/product"}],"about":[{"href":"https:\/\/www.claret.cat\/es\/wp-json\/wp\/v2\/types\/product"}],"wp:featuredmedia":[{"embeddable":true,"href":"https:\/\/www.claret.cat\/es\/wp-json\/wp\/v2\/media\/886882"}],"wp:attachment":[{"href":"https:\/\/www.claret.cat\/es\/wp-json\/wp\/v2\/media?parent=886857"}],"wp:term":[{"taxonomy":"product_brand","embeddable":true,"href":"https:\/\/www.claret.cat\/es\/wp-json\/wp\/v2\/product_brand?post=886857"},{"taxonomy":"product_cat","embeddable":true,"href":"https:\/\/www.claret.cat\/es\/wp-json\/wp\/v2\/product_cat?post=886857"},{"taxonomy":"product_tag","embeddable":true,"href":"https:\/\/www.claret.cat\/es\/wp-json\/wp\/v2\/product_tag?post=886857"}],"curies":[{"name":"wp","href":"https:\/\/api.w.org\/{rel}","templated":true}]}}