{"id":886860,"date":"2023-10-30T17:23:19","date_gmt":"2023-10-30T16:23:19","guid":{"rendered":"https:\/\/www.claret.cat\/llibre\/com-les-pantalles-devoren-els-nostres-fills-9788425450990\/"},"modified":"2026-01-28T11:21:21","modified_gmt":"2026-01-28T10:21:21","slug":"com-les-pantalles-devoren-els-nostres-fills-9788425450990","status":"publish","type":"product","link":"https:\/\/www.claret.cat\/es\/libro\/com-les-pantalles-devoren-els-nostres-fills-9788425450990\/","title":{"rendered":"COM LES PANTALLES DEVOREN ELS NOSTRES FILLS"},"content":{"rendered":"<p>Vivim en una \u00e8poca realment inquietant, caracteritzada per una profunda confusi\u00f3 i desorientaci\u00f3. En aquest context, l&#8221;\u00fas de les pantalles no fa sin\u00f3 agreujar el problema.<\/p>\n<p> En aquest llibre, Francisco Villar reflexiona sobre l&#8221;impacte negatiu de la digitalitzaci\u00f3 en nens i adolescents, ja que no nom\u00e9s els afecta el neurodesenvolupament, sin\u00f3 tamb\u00e9 les habilitats socials, afectives i relacionals. Com a conseq\u00fc\u00e8ncia, tenim adolescents menys emp\u00e0tics, menys reflexius, amb un menor control dels impulsos, amb poca toler\u00e0ncia a la frustraci\u00f3, desensibilitzats davant la viol\u00e8ncia i el patiment ali\u00e8, per\u00f2 tamb\u00e9 m\u00e9s propensos a ser victimitzats i a exercir viol\u00e8ncia contra ells mateixos.<\/p>\n<p> \u00bfCom podem frenar aquesta constant interfer\u00e8ncia en desenvolupament sa dels nostres fills? \u00bfCom impedir que les pantalles segueixin devorant-los? \u00bfSom els adults, amb la nostra inacci\u00f3, part del problema? \u00bfQu\u00e8 es pot fer des dels diferents \u00e0mbits socials per regular l&#8221;\u00fas dels dispositius digitals?<\/p>\n<p> Actualment, la desconnexi\u00f3 \u00e9s l&#8221;\u00fanica manera de estar veritablement connectats.<br \/> Protegir el present dels infants i adolescents \u00e9s la millor manera de garantir un futuro millor per a tothom.<\/p>\n","protected":false},"excerpt":{"rendered":"<p>VILLAR CABEZA, FRANCISCO<\/p>\n","protected":false},"featured_media":886884,"template":"","meta":{"_acf_changed":false,"om_disable_all_campaigns":false,"rs_blank_template":"","rs_page_bg_color":"","slide_template_v7":"","inline_featured_image":false,"_monsterinsights_skip_tracking":false,"_monsterinsights_sitenote_active":false,"_monsterinsights_sitenote_note":"","_monsterinsights_sitenote_category":0},"product_brand":[],"product_cat":[447,177],"product_tag":[],"class_list":{"0":"post-886860","1":"product","2":"type-product","3":"status-publish","4":"has-post-thumbnail","6":"product_cat-estudios-e-investigacion","7":"product_cat-estudis-i-investigacio","9":"first","10":"instock","11":"taxable","12":"shipping-taxable","13":"purchasable","14":"product-type-simple"},"acf":{"autor":"VILLAR CABEZA, FRANCISCO","codart":"842545099","libros-coleccion":"Psicolog\u00eda","ediciones":"1","encuadernacion":"R\u00fastica","fecha_de_publicacion":"01\/10\/2023","novedad":"1","paginas":"146","subtitulo":"","orden":"0","portada":"0","idioma":"spa","editorial":[{"ID":6266,"post_author":"3","post_date":"2022-07-28 17:48:31","post_date_gmt":"2022-07-28 15:48:31","post_content":"","post_title":"HERDER","post_excerpt":"","post_status":"publish","comment_status":"closed","ping_status":"closed","post_password":"","post_name":"herder","to_ping":"","pinged":"","post_modified":"2022-07-28 17:48:31","post_modified_gmt":"2022-07-28 15:48:31","post_content_filtered":"","post_parent":0,"guid":"http:\/\/dev.claret.cat\/editorial\/herder\/","menu_order":0,"post_type":"editorial","post_mime_type":"","comment_count":"0","filter":"raw"}],"autores-libros":[{"ID":156314,"post_author":"3","post_date":"2022-10-14 15:19:49","post_date_gmt":"2022-10-14 13:19:49","post_content":"","post_title":"FRANCISCO VILLAR CABEZA","post_excerpt":"","post_status":"publish","comment_status":"closed","ping_status":"closed","post_password":"","post_name":"francisco-villar-cabeza","to_ping":"","pinged":"","post_modified":"2022-10-14 15:19:49","post_modified_gmt":"2022-10-14 13:19:49","post_content_filtered":"","post_parent":0,"guid":"http:\/\/dev.claret.cat\/autor\/francisco-villar-cabeza\/","menu_order":0,"post_type":"autor","post_mime_type":"","comment_count":"0","filter":"raw"}],"booktrailer":"","resenas":""},"aioseo_notices":[],"_links":{"self":[{"href":"https:\/\/www.claret.cat\/es\/wp-json\/wp\/v2\/product\/886860","targetHints":{"allow":["GET"]}}],"collection":[{"href":"https:\/\/www.claret.cat\/es\/wp-json\/wp\/v2\/product"}],"about":[{"href":"https:\/\/www.claret.cat\/es\/wp-json\/wp\/v2\/types\/product"}],"wp:featuredmedia":[{"embeddable":true,"href":"https:\/\/www.claret.cat\/es\/wp-json\/wp\/v2\/media\/886884"}],"wp:attachment":[{"href":"https:\/\/www.claret.cat\/es\/wp-json\/wp\/v2\/media?parent=886860"}],"wp:term":[{"taxonomy":"product_brand","embeddable":true,"href":"https:\/\/www.claret.cat\/es\/wp-json\/wp\/v2\/product_brand?post=886860"},{"taxonomy":"product_cat","embeddable":true,"href":"https:\/\/www.claret.cat\/es\/wp-json\/wp\/v2\/product_cat?post=886860"},{"taxonomy":"product_tag","embeddable":true,"href":"https:\/\/www.claret.cat\/es\/wp-json\/wp\/v2\/product_tag?post=886860"}],"curies":[{"name":"wp","href":"https:\/\/api.w.org\/{rel}","templated":true}]}}