{"id":886863,"date":"2023-10-30T17:25:21","date_gmt":"2023-10-30T16:25:21","guid":{"rendered":"https:\/\/www.claret.cat\/llibre\/el-poder-curativo-de-los-salmos-9788411720700\/"},"modified":"2024-06-07T18:30:08","modified_gmt":"2024-06-07T16:30:08","slug":"el-poder-curativo-de-los-salmos-9788411720700","status":"publish","type":"product","link":"https:\/\/www.claret.cat\/es\/libro\/el-poder-curativo-de-los-salmos-9788411720700\/","title":{"rendered":"EL PODER CURATIVO DE LOS SALMOS"},"content":{"rendered":"<p>El libro de los Salmos es un libro sublime inspirado en la santidad suprema. En esa obra magna hay salmos espec\u00edficosara pronunciar en cada circunstancia de la vida que conectan con la energ\u00eda suprema del Creador. Y hay sabios que ense\u00f1aron c\u00f3mo se relaciona cada salmo con cada situaci\u00f3n de la vida. En el libro Shimush Tehilim se revela qu\u00e9 salmos son apropiados para pedir al Creador por diversos padecimientos y dolencias. En esta obra se mencionan esos salmos completos. Sin embargo, hay muchas afecciones a diversos \u00f3rganos y miembros del cuerpo para las que no encontramos all\u00ed un salmo espec\u00edfico para pedir al Creador su sanaci\u00f3n, pero sabemos que el rey David incluy\u00f3 en el libro de los Salmos oraciones para cualquier situaci\u00f3n de la vida. Por lo tanto, veremos tambi\u00e9n ense\u00f1anzas de los sabios al respecto y qu\u00e9 vers\u00edculos de los salmos se pueden recitar por lasiferentes dolencias o padecimientos.<\/p>\n","protected":false},"excerpt":{"rendered":"<p>SHLEZINGER, AHAR\u00d3N DAVID<\/p>\n","protected":false},"featured_media":886898,"template":"","meta":{"_acf_changed":false,"om_disable_all_campaigns":false,"rs_blank_template":"","rs_page_bg_color":"","slide_template_v7":"","inline_featured_image":false,"_monsterinsights_skip_tracking":false,"_monsterinsights_sitenote_active":false,"_monsterinsights_sitenote_note":"","_monsterinsights_sitenote_category":0},"product_brand":[],"product_cat":[383,198],"product_tag":[],"class_list":{"0":"post-886863","1":"product","2":"type-product","3":"status-publish","4":"has-post-thumbnail","6":"product_cat-salmos-y-libros-poeticos","7":"product_cat-salms-i-llibres-poetics","9":"first","10":"instock","11":"taxable","12":"shipping-taxable","13":"purchasable","14":"product-type-simple"},"acf":{"autor":"SHLEZINGER, AHAR\u00d3N DAVID","codart":"841172070","libros-coleccion":"C\u00e1bala y Juda\u00edsmo","ediciones":"1","encuadernacion":"R\u00fastica","fecha_de_publicacion":"01\/10\/2023","novedad":"1","paginas":"166","subtitulo":"","orden":"0","portada":"0","idioma":"spa","editorial":[{"ID":147839,"post_author":"3","post_date":"2022-10-14 11:53:36","post_date_gmt":"2022-10-14 09:53:36","post_content":"","post_title":"EDICIONES OBELISCO","post_excerpt":"","post_status":"publish","comment_status":"closed","ping_status":"closed","post_password":"","post_name":"ediciones-obelisco","to_ping":"","pinged":"","post_modified":"2022-10-14 11:53:36","post_modified_gmt":"2022-10-14 09:53:36","post_content_filtered":"","post_parent":0,"guid":"http:\/\/dev.claret.cat\/editorial\/ediciones-obelisco\/","menu_order":0,"post_type":"editorial","post_mime_type":"","comment_count":"0","filter":"raw"}],"autores-libros":[{"ID":149273,"post_author":"3","post_date":"2022-10-14 14:23:33","post_date_gmt":"2022-10-14 12:23:33","post_content":"","post_title":"AHAR\u00d3N DAVID SHLEZINGER","post_excerpt":"","post_status":"publish","comment_status":"closed","ping_status":"closed","post_password":"","post_name":"aharon-david-shlezinger","to_ping":"","pinged":"","post_modified":"2022-10-14 14:23:33","post_modified_gmt":"2022-10-14 12:23:33","post_content_filtered":"","post_parent":0,"guid":"http:\/\/dev.claret.cat\/autor\/aharon-david-shlezinger\/","menu_order":0,"post_type":"autor","post_mime_type":"","comment_count":"0","filter":"raw"}]},"aioseo_notices":[],"_links":{"self":[{"href":"https:\/\/www.claret.cat\/es\/wp-json\/wp\/v2\/product\/886863","targetHints":{"allow":["GET"]}}],"collection":[{"href":"https:\/\/www.claret.cat\/es\/wp-json\/wp\/v2\/product"}],"about":[{"href":"https:\/\/www.claret.cat\/es\/wp-json\/wp\/v2\/types\/product"}],"wp:featuredmedia":[{"embeddable":true,"href":"https:\/\/www.claret.cat\/es\/wp-json\/wp\/v2\/media\/886898"}],"wp:attachment":[{"href":"https:\/\/www.claret.cat\/es\/wp-json\/wp\/v2\/media?parent=886863"}],"wp:term":[{"taxonomy":"product_brand","embeddable":true,"href":"https:\/\/www.claret.cat\/es\/wp-json\/wp\/v2\/product_brand?post=886863"},{"taxonomy":"product_cat","embeddable":true,"href":"https:\/\/www.claret.cat\/es\/wp-json\/wp\/v2\/product_cat?post=886863"},{"taxonomy":"product_tag","embeddable":true,"href":"https:\/\/www.claret.cat\/es\/wp-json\/wp\/v2\/product_tag?post=886863"}],"curies":[{"name":"wp","href":"https:\/\/api.w.org\/{rel}","templated":true}]}}