{"id":88687,"date":"2022-10-11T18:20:32","date_gmt":"2022-10-11T16:20:32","guid":{"rendered":"http:\/\/dev.claret.cat\/producte\/corpus-christi-2\/"},"modified":"2026-03-10T13:15:10","modified_gmt":"2026-03-10T12:15:10","slug":"corpus-christi-9788479667146","status":"publish","type":"product","link":"https:\/\/www.claret.cat\/es\/libro\/corpus-christi-9788479667146\/","title":{"rendered":"CORPUS CHRISTI"},"content":{"rendered":"<p>El Corpus Christi es una de las solemnidades lit\u00fargicas que cada a\u00f1o celebramos con especial importancia en la Iglesia. En este d\u00eda, como una prolongaci\u00f3n del Jueves Santo, celebramos la centralidad de la Eucarist\u00eda en la vida de la comunidad cristiana.<\/p>\n<p>Este sencillo libro recoge las homil\u00edas que el papa Francisco, cuando era arzobispo en Buenos Aires, predic\u00f3 a su pueblo en el d\u00eda del Corpus (1999-2012), para que los lectores puedan leer y disfrutar de tan bellas palabras y avivar el aprecio y la estima por este sacramento que es, en definitiva, fuente y  culmen de la vida cristiana. Sin duda, la Eucarist\u00eda es &#8216;ese tesoro al que hay que dar prioridad en la Iglesia y en la vida cristiana&#8217; (Papa Francisco).<\/p>\n","protected":false},"excerpt":{"rendered":"<p>PAPA FRANCISCO (JORGE M. BERGOGLIO)<\/p>\n","protected":false},"featured_media":452051,"template":"","meta":{"_acf_changed":false,"om_disable_all_campaigns":false,"rs_blank_template":"","rs_page_bg_color":"","slide_template_v7":"","inline_featured_image":false,"_monsterinsights_skip_tracking":false,"_monsterinsights_sitenote_active":false,"_monsterinsights_sitenote_note":"","_monsterinsights_sitenote_category":0},"product_brand":[],"product_cat":[468,207],"product_tag":[],"class_list":{"0":"post-88687","1":"product","2":"type-product","3":"status-publish","4":"has-post-thumbnail","6":"product_cat-epistolas-catolicas","7":"product_cat-epistoles-catoliques","9":"first","10":"instock","11":"taxable","12":"shipping-taxable","13":"purchasable","14":"product-type-simple"},"acf":{"editorial":[{"ID":6337,"post_author":"3","post_date":"2022-07-28 17:50:01","post_date_gmt":"2022-07-28 15:50:01","post_content":"","post_title":"Publicaciones Claretianas","post_excerpt":"","post_status":"publish","comment_status":"closed","ping_status":"closed","post_password":"","post_name":"publicaciones-claretianas","to_ping":"","pinged":"","post_modified":"2022-07-28 17:50:01","post_modified_gmt":"2022-07-28 15:50:01","post_content_filtered":"","post_parent":0,"guid":"http:\/\/dev.claret.cat\/editorial\/publicaciones-claretianas\/","menu_order":0,"post_type":"editorial","post_mime_type":"","comment_count":"0","filter":"raw"}],"autor":"PAPA FRANCISCO (JORGE M. BERGOGLIO)","codart":"847966714","libros-coleccion":"","ediciones":"1","encuadernacion":"R\u00fastica","fecha_de_publicacion":"28\/05\/2021","novedad":"1","paginas":"88","subtitulo":"PALABRAS SOBRE LA EUCARIST\u00cdA (1999-2012)","orden":"0","portada":"0","idioma":"spa","autores-libros":[{"ID":166560,"post_author":"3","post_date":"2022-10-14 18:04:15","post_date_gmt":"2022-10-14 16:04:15","post_content":"","post_title":"PAPA FRANCISCO (JORGE M. BERGOGLIO)","post_excerpt":"","post_status":"publish","comment_status":"closed","ping_status":"closed","post_password":"","post_name":"papa-francisco-jorge-m-bergoglio","to_ping":"","pinged":"","post_modified":"2022-10-14 18:04:15","post_modified_gmt":"2022-10-14 16:04:15","post_content_filtered":"","post_parent":0,"guid":"http:\/\/dev.claret.cat\/autor\/papa-francisco-jorge-m-bergoglio\/","menu_order":0,"post_type":"autor","post_mime_type":"","comment_count":"0","filter":"raw"}],"booktrailer":"","resenas":""},"aioseo_notices":[],"_links":{"self":[{"href":"https:\/\/www.claret.cat\/es\/wp-json\/wp\/v2\/product\/88687","targetHints":{"allow":["GET"]}}],"collection":[{"href":"https:\/\/www.claret.cat\/es\/wp-json\/wp\/v2\/product"}],"about":[{"href":"https:\/\/www.claret.cat\/es\/wp-json\/wp\/v2\/types\/product"}],"wp:featuredmedia":[{"embeddable":true,"href":"https:\/\/www.claret.cat\/es\/wp-json\/wp\/v2\/media\/452051"}],"wp:attachment":[{"href":"https:\/\/www.claret.cat\/es\/wp-json\/wp\/v2\/media?parent=88687"}],"wp:term":[{"taxonomy":"product_brand","embeddable":true,"href":"https:\/\/www.claret.cat\/es\/wp-json\/wp\/v2\/product_brand?post=88687"},{"taxonomy":"product_cat","embeddable":true,"href":"https:\/\/www.claret.cat\/es\/wp-json\/wp\/v2\/product_cat?post=88687"},{"taxonomy":"product_tag","embeddable":true,"href":"https:\/\/www.claret.cat\/es\/wp-json\/wp\/v2\/product_tag?post=88687"}],"curies":[{"name":"wp","href":"https:\/\/api.w.org\/{rel}","templated":true}]}}