{"id":886969,"date":"2023-10-31T16:20:54","date_gmt":"2023-10-31T15:20:54","guid":{"rendered":"https:\/\/www.claret.cat\/llibre\/osito-tito-mi-primer-libro-de-pegatinas-feliz-navidad-9788408273035\/"},"modified":"2024-01-17T11:11:17","modified_gmt":"2024-01-17T10:11:17","slug":"osito-tito-mi-primer-libro-de-pegatinas-feliz-navidad-9788408273035","status":"publish","type":"product","link":"https:\/\/www.claret.cat\/es\/libro\/osito-tito-mi-primer-libro-de-pegatinas-feliz-navidad-9788408273035\/","title":{"rendered":"OSITO TITO. MI PRIMER LIBRO DE PEGATINAS. \u00a1FELIZ NAVIDAD!"},"content":{"rendered":"<p>Rodeado de nieve, renos, magia y felicidad, \u00a1Osito Tito te desea feliz Navidad! <br \/> En este libro con un mont\u00f3n de pegatinas GRANDES tendr\u00e1s que buscar los personajes u objetos que faltan y pegarlos donde corresponda. Acompa\u00f1ar\u00e1s a Osito Tito a las monta\u00f1as, donde esquiar\u00e1 y patinar\u00e1 sobre hielo con sus amigos y tambi\u00e9n viajar\u00e1 al Polo Norte para ayudar a Pap\u00e1 Noel a repartir regalos. \u00bfLo quieres ayudar?<br \/> Completa las escenas y divi\u00e9rtete con los diferentes juegos de busca y encuentra en este<br \/> libro de pegatinas repleto de elementos navide\u00f1os. Gracias a su formato ligero, \u00a1podr\u00e1s llev\u00e1rtelo contigo a todas partes!<br \/> Los m\u00e1s peque\u00f1os compartir\u00e1n un mont\u00f3n de aventuras con Osito Tito y enriquecer\u00e1n su vocabulario al identificar todos los elementos ilustrados por el multipremiado Benji Davies.<br \/> Recomendado para peque\u00f1as garras a partir de 2 a\u00f1os.<br \/> T\u00edtulos de la colecci\u00f3n Osito Tito: <\/p>\n<p> El gran libro de Osito Tito<br \/> Osito Tito. Libro y peluche<br \/> Osito Tito. Juega y construye<br \/> Osito Tito. Mi primer libro de memoria. Animales<br \/> Osito Tito. Mi primer libro de memoria. Veh\u00edculos<br \/> Osito Tito. Vamos al veterinario<br \/> Osito Tito. Parque de atracciones<br \/> Osito Tito. \u00a1Hoy toca pizza!<br \/> Osito Tito. Estrellas del bal\u00f3n<br \/> Osito Tito. \u00a1Todos al tren!<br \/> Osito Tito. \u00a1Vamos en avi\u00f3n!<br \/> Osito Tito. Un d\u00eda en el castillo<br \/> Osito Tito. \u00a1Vamos a construir!<br \/> Osito Tito. La gran carrera<br \/> Osito Tito. \u00a1Manos a la obra!<br \/> Osito Tito. Emergencia al volante<br \/> Osito Tito. Vamos de viaje<br \/> Osito Tito. La casa encantada<br \/> Osito Tito. Misi\u00f3n espacial<br \/> Osito Tito. \u00a1Vamos al zoo!<br \/> Osito Tito. Aventura pirata<br \/> Osito Tito. Bomberos al rescate<br \/> Osito Tito. Un d\u00eda en la granja<br \/> Osito Tito. \u00a1Vamos a jugar!<br \/> Osito Tito. Aventura submarina<br \/> Osito Tito. Safari de dinosaurios<br \/> Osito Tito. Un d\u00eda en la nieve<br \/> Osito Tito. \u00a1Feliz Navidad!<br \/> Osito Tito. Mi primer libro de pegatinas. Animales<br \/> Osito Tito. Mi primer libro de pegatinas. Veh\u00edculos<br \/> Osito Tito. Mi primer libro de pegatinas. \u00a1Feliz Navidad!<\/p>\n","protected":false},"excerpt":{"rendered":"<p>DAVIES, BENJI<\/p>\n","protected":false},"featured_media":886970,"template":"","meta":{"_acf_changed":false,"om_disable_all_campaigns":false,"rs_blank_template":"","rs_page_bg_color":"","slide_template_v7":"","inline_featured_image":false,"_monsterinsights_skip_tracking":false,"_monsterinsights_sitenote_active":false,"_monsterinsights_sitenote_note":"","_monsterinsights_sitenote_category":0},"product_brand":[],"product_cat":[131,361],"product_tag":[],"class_list":{"0":"post-886969","1":"product","2":"type-product","3":"status-publish","4":"has-post-thumbnail","6":"product_cat-contes-per-infants-0-6-anys","7":"product_cat-cuentos-para-ninos-0-6-anos","9":"first","10":"instock","11":"taxable","12":"shipping-taxable","13":"purchasable","14":"product-type-simple"},"acf":{"autor":"DAVIES, BENJI","codart":"840827303","libros-coleccion":"Osito Tito","ediciones":"1","encuadernacion":"R\u00fastica","fecha_de_publicacion":"01\/11\/2023","novedad":"1","paginas":"12","subtitulo":"","orden":"0","portada":"0","idioma":"spa","editorial":[{"ID":6233,"post_author":"3","post_date":"2022-07-28 17:47:48","post_date_gmt":"2022-07-28 15:47:48","post_content":"","post_title":"EDITORIAL PLANETA","post_excerpt":"","post_status":"publish","comment_status":"closed","ping_status":"closed","post_password":"","post_name":"editorial-planeta","to_ping":"","pinged":"","post_modified":"2022-07-28 17:47:48","post_modified_gmt":"2022-07-28 15:47:48","post_content_filtered":"","post_parent":0,"guid":"http:\/\/dev.claret.cat\/editorial\/editorial-planeta\/","menu_order":0,"post_type":"editorial","post_mime_type":"","comment_count":"0","filter":"raw"}],"autores-libros":[{"ID":151585,"post_author":"3","post_date":"2022-10-14 14:42:02","post_date_gmt":"2022-10-14 12:42:02","post_content":"","post_title":"BENJI DAVIES","post_excerpt":"","post_status":"publish","comment_status":"closed","ping_status":"closed","post_password":"","post_name":"benji-davies","to_ping":"","pinged":"","post_modified":"2022-10-14 14:42:02","post_modified_gmt":"2022-10-14 12:42:02","post_content_filtered":"","post_parent":0,"guid":"http:\/\/dev.claret.cat\/autor\/benji-davies\/","menu_order":0,"post_type":"autor","post_mime_type":"","comment_count":"0","filter":"raw"}]},"aioseo_notices":[],"_links":{"self":[{"href":"https:\/\/www.claret.cat\/es\/wp-json\/wp\/v2\/product\/886969","targetHints":{"allow":["GET"]}}],"collection":[{"href":"https:\/\/www.claret.cat\/es\/wp-json\/wp\/v2\/product"}],"about":[{"href":"https:\/\/www.claret.cat\/es\/wp-json\/wp\/v2\/types\/product"}],"wp:featuredmedia":[{"embeddable":true,"href":"https:\/\/www.claret.cat\/es\/wp-json\/wp\/v2\/media\/886970"}],"wp:attachment":[{"href":"https:\/\/www.claret.cat\/es\/wp-json\/wp\/v2\/media?parent=886969"}],"wp:term":[{"taxonomy":"product_brand","embeddable":true,"href":"https:\/\/www.claret.cat\/es\/wp-json\/wp\/v2\/product_brand?post=886969"},{"taxonomy":"product_cat","embeddable":true,"href":"https:\/\/www.claret.cat\/es\/wp-json\/wp\/v2\/product_cat?post=886969"},{"taxonomy":"product_tag","embeddable":true,"href":"https:\/\/www.claret.cat\/es\/wp-json\/wp\/v2\/product_tag?post=886969"}],"curies":[{"name":"wp","href":"https:\/\/api.w.org\/{rel}","templated":true}]}}