{"id":886975,"date":"2023-10-31T16:32:19","date_gmt":"2023-10-31T15:32:19","guid":{"rendered":"https:\/\/www.claret.cat\/llibre\/revista-foc-nou-509-juny-agost-2023-9780240315096\/"},"modified":"2023-10-31T16:55:15","modified_gmt":"2023-10-31T15:55:15","slug":"revista-foc-nou-509-juny-agost-2023-9780240315096","status":"publish","type":"product","link":"https:\/\/www.claret.cat\/es\/libro\/revista-foc-nou-509-juny-agost-2023-9780240315096\/","title":{"rendered":"REVISTA FOC NOU, 509 (JUNY- AGOST 2023)"},"content":{"rendered":"<p>3 P\u00d2RTIC<br \/>Naufragis en una mar calma. Jordi Pacheco<\/p>\n<p>4 L\u2019ESGL\u00c9SIA DE CADA DIA<br \/>Conclaves mentre el papa encara \u00e9s viu a l\u2019hospital. Francesc Romeu<\/p>\n<p>12 EN VEU ALTA<br \/>Els simpatitzants. Ramon Bassas<br \/>Guerra a Ucra\u00efna, fam al Sahel. Tica Font<br \/>\u201cSaber hist\u00f2ria\u201d. Gemma Morat\u00f3 i Sendra<br \/>Turismof\u00f2bia. Cesc Rufs<br \/>Dinamisme religi\u00f3s. Luc\u00eda Montobbio<br \/>Aperitiu amb mercuri. Olga Xirinacs<\/p>\n<p>13 PUPITRE<br \/>L\u2019impacte de la intel\u00b7lig\u00e8ncia artificial a l\u2019escola. Pepe Men\u00e9ndez<\/p>\n<p>15 ECOLOGIA INTEGRAL<br \/>Economy of Francesco: la crida de Francesc als joves per transformar l\u2019economia. Eduard Ib\u00e1\u00f1ez<\/p>\n<p>17 RAN DE TERRA<br \/>Esvorancs. Merc\u00e8 Sol\u00e9<\/p>\n<p>18 PERSONES<br \/>\u00c1lex Torres: \u201cCal un canvi que alteri aquesta manera de veure l\u2019Esgl\u00e9sia\u201d. Ramon Bassas<\/p>\n<p>21 CAMINS DE PAU<br \/>La Rosa Blanca, la fe de Hans i Sophie Scholl. Xavier Gar\u00ed de Barbar\u00e0<\/p>\n<p>22 Q\u00dcESTI\u00d3<br \/>Lisboa 2023: l\u2019alegria de l&#8217;amor fraternal. Rut Vilarrasa, Jorge Velasco, Paula S\u00e1nchez, Laia Puig, Irina Vallejo<\/p>\n<p>27 L\u2019ART DE LA FE<br \/>El jove perruquer i l\u2019est\u00e8tica de la compassi\u00f3. Francis Mar\u00edn<\/p>\n<p>28 ASSAIG<br \/>\u201cAneu a calar foc al m\u00f3n\u201d. Francisco Mart\u00ednez Hoyos<\/p>\n<p>30 MIGRACIONS<br \/>Irene L\u00f3pez, volunt\u00e0ria a Lesbos: \u201cMalgrat que les situacions de les persones siguin injustes, hi ha esperan\u00e7a\u201d. Queralt Castillo Cerezuela<\/p>\n<p>34 ESGL\u00c9SIA EN SORTIDA<br \/>Atl\u00e8tic Missatgers de la Pau: el futbol com a trampol\u00ed per a la inclusi\u00f3 social dels joves. Jordi Pacheco<\/p>\n<p>36 ALCEM LA VEU<br \/>Campiones! Noem\u00ed Ubach Codina<\/p>\n<p>37 INTERCULTURES<br \/>Joves, natura, art. Aroa Ortega<\/p>\n<p>38 ESPIRITUALITAT<br \/>Criteris evang\u00e8lics en temps de crisi. Gaspar Mora<\/p>\n<p>39 \u00bfQU\u00c9 M\u2019EXPLIQUES?<br \/>Contra l\u2019homof\u00f2bia, encara. Jordi Valls<\/p>\n<p>40 L\u2019AUTOR I EL SEU LLIBRE<br \/>Un programa econ\u00f2mic per a persones conscients. Andreu Trilla<\/p>\n<p>42 LAUDATO SI\u2019<br \/>Carles Armengol: \u201cL\u2019educaci\u00f3 ha de ser un lloc de comprom\u00eds i de recerca de les respostes que el m\u00f3n necessita\u201d. Santiago Gorgas<\/p>\n<p>44 LA FE SOTA SOSPITA<br \/>Ecohumanisme cristi\u00e0. Francesc Torralba<\/p>\n<p>46 LLEGIR, MIRAR, ESCOLTAR<br \/>LLEGIR, MIRAR, ESCOLTAR. Andreu Trilla, Francesc-Xavier Mar\u00edn<br \/>PETIT CERCLE. Maria Escalas<br \/>FOC NOU RECOMANA<br \/>M\u00daSICA. Jordi Gu\u00e0rdia-Romeu<br \/>CINE. Antoni Nello<br \/>M\u00c8DIA. Jordi Bota<\/p>\n<p>50 FRONTERES ENLL\u00c0<br \/>Ryma Sheermohammadi: \u201cLa joventut iraniana sap que ning\u00fa els portar\u00e0 la llibertat en safata\u201d. Teresa Carreras<\/p>\n","protected":false},"excerpt":{"rendered":"<p>FOC NOU<\/p>\n","protected":false},"featured_media":886976,"template":"","meta":{"_acf_changed":false,"om_disable_all_campaigns":false,"rs_blank_template":"","rs_page_bg_color":"","slide_template_v7":"","inline_featured_image":false,"_monsterinsights_skip_tracking":false,"_monsterinsights_sitenote_active":false,"_monsterinsights_sitenote_note":"","_monsterinsights_sitenote_category":0},"product_brand":[],"product_cat":[271,409],"product_tag":[],"class_list":{"0":"post-886975","1":"product","2":"type-product","3":"status-publish","4":"has-post-thumbnail","6":"product_cat-en-general","7":"product_cat-en-general-pastoral-1_espiritualidad","9":"first","10":"instock","11":"taxable","12":"shipping-taxable","13":"purchasable","14":"product-type-simple"},"acf":{"autor":"FOC NOU","codart":"024031509","libros-coleccion":"","ediciones":"1","encuadernacion":"R\u00fastica","fecha_de_publicacion":"31\/10\/2023","novedad":"1","paginas":"50","subtitulo":"","orden":"0","portada":"0","idioma":"cat","editorial":[{"ID":6240,"post_author":"3","post_date":"2022-07-28 17:47:57","post_date_gmt":"2022-07-28 15:47:57","post_content":"","post_title":"EL CIERVO","post_excerpt":"","post_status":"publish","comment_status":"closed","ping_status":"closed","post_password":"","post_name":"el-ciervo","to_ping":"","pinged":"","post_modified":"2022-07-28 17:47:57","post_modified_gmt":"2022-07-28 15:47:57","post_content_filtered":"","post_parent":0,"guid":"http:\/\/dev.claret.cat\/editorial\/el-ciervo\/","menu_order":0,"post_type":"editorial","post_mime_type":"","comment_count":"0","filter":"raw"}],"autores-libros":[{"ID":5478,"post_author":"3","post_date":"2022-07-28 17:24:51","post_date_gmt":"2022-07-28 15:24:51","post_content":"","post_title":"FOC NOU","post_excerpt":"","post_status":"publish","comment_status":"closed","ping_status":"closed","post_password":"","post_name":"foc-nou","to_ping":"","pinged":"","post_modified":"2022-07-28 17:24:51","post_modified_gmt":"2022-07-28 15:24:51","post_content_filtered":"","post_parent":0,"guid":"http:\/\/dev.claret.cat\/autor\/foc-nou\/","menu_order":0,"post_type":"autor","post_mime_type":"","comment_count":"0","filter":"raw"}]},"aioseo_notices":[],"_links":{"self":[{"href":"https:\/\/www.claret.cat\/es\/wp-json\/wp\/v2\/product\/886975","targetHints":{"allow":["GET"]}}],"collection":[{"href":"https:\/\/www.claret.cat\/es\/wp-json\/wp\/v2\/product"}],"about":[{"href":"https:\/\/www.claret.cat\/es\/wp-json\/wp\/v2\/types\/product"}],"wp:featuredmedia":[{"embeddable":true,"href":"https:\/\/www.claret.cat\/es\/wp-json\/wp\/v2\/media\/886976"}],"wp:attachment":[{"href":"https:\/\/www.claret.cat\/es\/wp-json\/wp\/v2\/media?parent=886975"}],"wp:term":[{"taxonomy":"product_brand","embeddable":true,"href":"https:\/\/www.claret.cat\/es\/wp-json\/wp\/v2\/product_brand?post=886975"},{"taxonomy":"product_cat","embeddable":true,"href":"https:\/\/www.claret.cat\/es\/wp-json\/wp\/v2\/product_cat?post=886975"},{"taxonomy":"product_tag","embeddable":true,"href":"https:\/\/www.claret.cat\/es\/wp-json\/wp\/v2\/product_tag?post=886975"}],"curies":[{"name":"wp","href":"https:\/\/api.w.org\/{rel}","templated":true}]}}